{"id":83,"date":"2022-03-20T07:49:00","date_gmt":"2022-03-20T07:49:00","guid":{"rendered":"https:\/\/leboudoir-zen.com\/?page_id=83"},"modified":"2025-08-15T16:01:55","modified_gmt":"2025-08-15T16:01:55","slug":"ateliers-espace-sacre-innerdance-cercle-de-femmes","status":"publish","type":"page","link":"https:\/\/leboudoir-zen.com\/index.php\/ateliers-espace-sacre-innerdance-cercle-de-femmes\/","title":{"rendered":"Espace sacr\u00e9"},"content":{"rendered":"\t\t<div data-elementor-type=\"wp-page\" data-elementor-id=\"83\" class=\"elementor elementor-83\">\n\t\t\t\t\t\t<section class=\"elementor-section elementor-top-section elementor-element elementor-element-23c82d2 elementor-section-boxed elementor-section-height-default elementor-section-height-default exad-glass-effect-no wpr-particle-no wpr-jarallax-no wpr-parallax-no wpr-sticky-section-no wpr-equal-height-no exad-sticky-section-no\" data-id=\"23c82d2\" data-element_type=\"section\" data-e-type=\"section\" data-settings=\"{&quot;background_background&quot;:&quot;classic&quot;}\">\n\t\t\t\t\t\t<div class=\"elementor-container elementor-column-gap-default\">\n\t\t\t\t\t<div class=\"elementor-column elementor-col-100 elementor-top-column elementor-element elementor-element-74a8317 exad-glass-effect-no exad-sticky-section-no\" data-id=\"74a8317\" data-element_type=\"column\" data-e-type=\"column\">\n\t\t\t<div class=\"elementor-widget-wrap\">\n\t\t\t\t\t\t\t<\/div>\n\t\t<\/div>\n\t\t\t\t\t<\/div>\n\t\t<\/section>\n\t\t\t\t<section class=\"elementor-section elementor-top-section elementor-element elementor-element-41248bc elementor-section-boxed elementor-section-height-default elementor-section-height-default exad-glass-effect-no wpr-particle-no wpr-jarallax-no wpr-parallax-no wpr-sticky-section-no wpr-equal-height-no exad-sticky-section-no\" data-id=\"41248bc\" data-element_type=\"section\" data-e-type=\"section\" data-settings=\"{&quot;background_background&quot;:&quot;classic&quot;}\">\n\t\t\t\t\t\t\t<div class=\"elementor-background-overlay\"><\/div>\n\t\t\t\t\t\t\t<div class=\"elementor-container elementor-column-gap-default\">\n\t\t\t\t\t<div class=\"elementor-column elementor-col-100 elementor-top-column elementor-element elementor-element-2146d30 exad-glass-effect-no exad-sticky-section-no\" data-id=\"2146d30\" data-element_type=\"column\" data-e-type=\"column\">\n\t\t\t<div class=\"elementor-widget-wrap elementor-element-populated\">\n\t\t\t\t\t\t<div class=\"elementor-element elementor-element-57960c6 exad-sticky-section-no exad-glass-effect-no elementor-widget elementor-widget-heading\" data-id=\"57960c6\" data-element_type=\"widget\" data-e-type=\"widget\" data-widget_type=\"heading.default\">\n\t\t\t\t<div class=\"elementor-widget-container\">\n\t\t\t\t\t<h2 class=\"elementor-heading-title elementor-size-default\">ESPACE SACR\u00c9<\/h2>\t\t\t\t<\/div>\n\t\t\t\t<\/div>\n\t\t\t\t\t<\/div>\n\t\t<\/div>\n\t\t\t\t\t<\/div>\n\t\t<\/section>\n\t\t\t\t<section class=\"elementor-section elementor-top-section elementor-element elementor-element-d25fffd elementor-section-boxed elementor-section-height-default elementor-section-height-default exad-glass-effect-no wpr-particle-no wpr-jarallax-no wpr-parallax-no wpr-sticky-section-no wpr-equal-height-no exad-sticky-section-no\" data-id=\"d25fffd\" data-element_type=\"section\" data-e-type=\"section\" data-settings=\"{&quot;background_background&quot;:&quot;classic&quot;,&quot;shape_divider_bottom&quot;:&quot;curve&quot;}\">\n\t\t\t\t\t<div class=\"elementor-shape elementor-shape-bottom\" aria-hidden=\"true\" data-negative=\"false\">\n\t\t\t<svg xmlns=\"http:\/\/www.w3.org\/2000\/svg\" viewBox=\"0 0 1000 100\" preserveAspectRatio=\"none\">\n    <path class=\"elementor-shape-fill\" d=\"M1000,4.3V0H0v4.3C0.9,23.1,126.7,99.2,500,100S1000,22.7,1000,4.3z\"\/>\n<\/svg>\t\t<\/div>\n\t\t\t\t\t<div class=\"elementor-container elementor-column-gap-default\">\n\t\t\t\t\t<div class=\"elementor-column elementor-col-100 elementor-top-column elementor-element elementor-element-613011d exad-glass-effect-no exad-sticky-section-no\" data-id=\"613011d\" data-element_type=\"column\" data-e-type=\"column\">\n\t\t\t<div class=\"elementor-widget-wrap elementor-element-populated\">\n\t\t\t\t\t\t<div class=\"elementor-element elementor-element-bde1621 exad-sticky-section-no exad-glass-effect-no elementor-widget elementor-widget-image\" data-id=\"bde1621\" data-element_type=\"widget\" data-e-type=\"widget\" data-widget_type=\"image.default\">\n\t\t\t\t<div class=\"elementor-widget-container\">\n\t\t\t\t\t\t\t\t\t\t\t\t\t\t\t<img decoding=\"async\" width=\"150\" height=\"150\" src=\"https:\/\/leboudoir-zen.com\/wp-content\/uploads\/2022\/03\/cropped-cropped-cropped-logo-1-1-1-150x150.png\" class=\"attachment-thumbnail size-thumbnail wp-image-17\" alt=\"\" srcset=\"https:\/\/leboudoir-zen.com\/wp-content\/uploads\/2022\/03\/cropped-cropped-cropped-logo-1-1-1-150x150.png 150w, https:\/\/leboudoir-zen.com\/wp-content\/uploads\/2022\/03\/cropped-cropped-cropped-logo-1-1-1-300x300.png 300w, https:\/\/leboudoir-zen.com\/wp-content\/uploads\/2022\/03\/cropped-cropped-cropped-logo-1-1-1.png 512w\" sizes=\"(max-width: 150px) 100vw, 150px\" \/>\t\t\t\t\t\t\t\t\t\t\t\t\t\t\t<\/div>\n\t\t\t\t<\/div>\n\t\t\t\t<div class=\"elementor-element elementor-element-0985714 exad-sticky-section-no exad-glass-effect-no elementor-widget elementor-widget-heading\" data-id=\"0985714\" data-element_type=\"widget\" data-e-type=\"widget\" data-widget_type=\"heading.default\">\n\t\t\t\t<div class=\"elementor-widget-container\">\n\t\t\t\t\t<h2 class=\"elementor-heading-title elementor-size-default\">\u00c0 la rencontre de soi ... Honorer   Rayonner   Transformer <\/h2>\t\t\t\t<\/div>\n\t\t\t\t<\/div>\n\t\t\t\t\t<\/div>\n\t\t<\/div>\n\t\t\t\t\t<\/div>\n\t\t<\/section>\n\t\t\t\t<section class=\"elementor-section elementor-top-section elementor-element elementor-element-30fa35b elementor-section-boxed elementor-section-height-default elementor-section-height-default exad-glass-effect-no wpr-particle-no wpr-jarallax-no wpr-parallax-no wpr-sticky-section-no wpr-equal-height-no exad-sticky-section-no\" data-id=\"30fa35b\" data-element_type=\"section\" data-e-type=\"section\" data-settings=\"{&quot;background_background&quot;:&quot;classic&quot;}\">\n\t\t\t\t\t\t<div class=\"elementor-container elementor-column-gap-default\">\n\t\t\t\t\t<div class=\"elementor-column elementor-col-100 elementor-top-column elementor-element elementor-element-69a0ed5 exad-glass-effect-no exad-sticky-section-no\" data-id=\"69a0ed5\" data-element_type=\"column\" data-e-type=\"column\">\n\t\t\t<div class=\"elementor-widget-wrap elementor-element-populated\">\n\t\t\t\t\t\t<div class=\"elementor-element elementor-element-36d956d exad-sticky-section-no exad-glass-effect-no elementor-widget elementor-widget-heading\" data-id=\"36d956d\" data-element_type=\"widget\" data-e-type=\"widget\" data-widget_type=\"heading.default\">\n\t\t\t\t<div class=\"elementor-widget-container\">\n\t\t\t\t\t<h2 class=\"elementor-heading-title elementor-size-default\">Temple  Divin\n<\/h2>\t\t\t\t<\/div>\n\t\t\t\t<\/div>\n\t\t\t\t<div class=\"elementor-element elementor-element-e29a402 exad-sticky-section-no exad-glass-effect-no elementor-widget elementor-widget-heading\" data-id=\"e29a402\" data-element_type=\"widget\" data-e-type=\"widget\" data-widget_type=\"heading.default\">\n\t\t\t\t<div class=\"elementor-widget-container\">\n\t\t\t\t\t<h2 class=\"elementor-heading-title elementor-size-default\"> \u00c9coute les murmures de ton \u00e2me<\/h2>\t\t\t\t<\/div>\n\t\t\t\t<\/div>\n\t\t\t\t\t<\/div>\n\t\t<\/div>\n\t\t\t\t\t<\/div>\n\t\t<\/section>\n\t\t\t\t<section class=\"elementor-section elementor-top-section elementor-element elementor-element-3eb1d47 elementor-section-boxed elementor-section-height-default elementor-section-height-default exad-glass-effect-no wpr-particle-no wpr-jarallax-no wpr-parallax-no wpr-sticky-section-no wpr-equal-height-no exad-sticky-section-no\" data-id=\"3eb1d47\" data-element_type=\"section\" data-e-type=\"section\" data-settings=\"{&quot;background_background&quot;:&quot;classic&quot;}\">\n\t\t\t\t\t\t<div class=\"elementor-container elementor-column-gap-default\">\n\t\t\t\t\t<div class=\"elementor-column elementor-col-33 elementor-top-column elementor-element elementor-element-a8307c8 exad-glass-effect-no exad-sticky-section-no\" data-id=\"a8307c8\" data-element_type=\"column\" data-e-type=\"column\">\n\t\t\t<div class=\"elementor-widget-wrap\">\n\t\t\t\t\t\t\t<\/div>\n\t\t<\/div>\n\t\t\t\t<div class=\"elementor-column elementor-col-33 elementor-top-column elementor-element elementor-element-792af1b exad-glass-effect-no exad-sticky-section-no\" data-id=\"792af1b\" data-element_type=\"column\" data-e-type=\"column\">\n\t\t\t<div class=\"elementor-widget-wrap elementor-element-populated\">\n\t\t\t\t\t\t<div class=\"elementor-element elementor-element-6d21655 exad-sticky-section-no exad-glass-effect-no elementor-widget elementor-widget-heading\" data-id=\"6d21655\" data-element_type=\"widget\" data-e-type=\"widget\" data-widget_type=\"heading.default\">\n\t\t\t\t<div class=\"elementor-widget-container\">\n\t\t\t\t\t<p class=\"elementor-heading-title elementor-size-default\">Le Temple sacr\u00e9, un espace de transformation hors du temps.<br>Des ateliers holistiques pour se r\u00e9unir dans la bienveillance.<br><br>\n\nLa magie pure &amp; transmuter en Lumi\u00e8re.<br>Reconnecter \u00e0 son \u00c2me et s'ouvrir \u00e0 l'amour divin.<br>Rena\u00eetre \u00e0 Soi.<\/p>\t\t\t\t<\/div>\n\t\t\t\t<\/div>\n\t\t\t\t\t<\/div>\n\t\t<\/div>\n\t\t\t\t<div class=\"elementor-column elementor-col-33 elementor-top-column elementor-element elementor-element-fe78e87 exad-glass-effect-no exad-sticky-section-no\" data-id=\"fe78e87\" data-element_type=\"column\" data-e-type=\"column\">\n\t\t\t<div class=\"elementor-widget-wrap\">\n\t\t\t\t\t\t\t<\/div>\n\t\t<\/div>\n\t\t\t\t\t<\/div>\n\t\t<\/section>\n\t\t\t\t<\/div>\n\t\t","protected":false},"excerpt":{"rendered":"<p>ESPACE SACR\u00c9 \u00c0 la rencontre de soi &#8230; Honorer Rayonner Transformer Temple Divin \u00c9coute les murmures de ton \u00e2me Le Temple sacr\u00e9, un espace de transformation hors du temps.Des ateliers holistiques pour se r\u00e9unir dans la bienveillance. La magie pure &amp; transmuter en Lumi\u00e8re.Reconnecter \u00e0 son \u00c2me et s&#8217;ouvrir \u00e0 l&#8217;amour divin.Rena\u00eetre \u00e0 Soi.<\/p>\n","protected":false},"author":1,"featured_media":0,"parent":0,"menu_order":0,"comment_status":"closed","ping_status":"closed","template":"","meta":{"site-sidebar-layout":"no-sidebar","site-content-layout":"page-builder","ast-site-content-layout":"full-width-container","site-content-style":"unboxed","site-sidebar-style":"unboxed","ast-global-header-display":"","ast-banner-title-visibility":"","ast-main-header-display":"","ast-hfb-above-header-display":"","ast-hfb-below-header-display":"","ast-hfb-mobile-header-display":"","site-post-title":"","ast-breadcrumbs-content":"","ast-featured-img":"disabled","footer-sml-layout":"","ast-disable-related-posts":"","theme-transparent-header-meta":"","adv-header-id-meta":"","stick-header-meta":"","header-above-stick-meta":"","header-main-stick-meta":"","header-below-stick-meta":"","astra-migrate-meta-layouts":"set","ast-page-background-enabled":"default","ast-page-background-meta":{"desktop":{"background-color":"var(--ast-global-color-4)","background-image":"","background-repeat":"repeat","background-position":"center center","background-size":"auto","background-attachment":"scroll","background-type":"","background-media":"","overlay-type":"","overlay-color":"","overlay-opacity":"","overlay-gradient":""},"tablet":{"background-color":"","background-image":"","background-repeat":"repeat","background-position":"center center","background-size":"auto","background-attachment":"scroll","background-type":"","background-media":"","overlay-type":"","overlay-color":"","overlay-opacity":"","overlay-gradient":""},"mobile":{"background-color":"","background-image":"","background-repeat":"repeat","background-position":"center center","background-size":"auto","background-attachment":"scroll","background-type":"","background-media":"","overlay-type":"","overlay-color":"","overlay-opacity":"","overlay-gradient":""}},"ast-content-background-meta":{"desktop":{"background-color":"var(--ast-global-color-5)","background-image":"","background-repeat":"repeat","background-position":"center center","background-size":"auto","background-attachment":"scroll","background-type":"","background-media":"","overlay-type":"","overlay-color":"","overlay-opacity":"","overlay-gradient":""},"tablet":{"background-color":"var(--ast-global-color-5)","background-image":"","background-repeat":"repeat","background-position":"center center","background-size":"auto","background-attachment":"scroll","background-type":"","background-media":"","overlay-type":"","overlay-color":"","overlay-opacity":"","overlay-gradient":""},"mobile":{"background-color":"var(--ast-global-color-5)","background-image":"","background-repeat":"repeat","background-position":"center center","background-size":"auto","background-attachment":"scroll","background-type":"","background-media":"","overlay-type":"","overlay-color":"","overlay-opacity":"","overlay-gradient":""}},"footnotes":""},"class_list":["post-83","page","type-page","status-publish","hentry"],"yoast_head":"<!-- This site is optimized with the Yoast SEO plugin v27.5 - https:\/\/yoast.com\/product\/yoast-seo-wordpress\/ -->\n<title>Espace sacr\u00e9 -<\/title>\n<meta name=\"description\" content=\"Un espace Sacr\u00e9 de reconnexion au corps, \u00e0 l&#039;\u00e2me et l&#039;esprit. Cercle de femmes.\" \/>\n<meta name=\"robots\" content=\"index, follow, max-snippet:-1, max-image-preview:large, max-video-preview:-1\" \/>\n<link rel=\"canonical\" href=\"https:\/\/leboudoir-zen.com\/index.php\/ateliers-espace-sacre-innerdance-cercle-de-femmes\/\" \/>\n<meta property=\"og:locale\" content=\"fr_FR\" \/>\n<meta property=\"og:type\" content=\"article\" \/>\n<meta property=\"og:title\" content=\"Espace sacr\u00e9 -\" \/>\n<meta property=\"og:description\" content=\"Un espace Sacr\u00e9 de reconnexion au corps, \u00e0 l&#039;\u00e2me et l&#039;esprit. Cercle de femmes.\" \/>\n<meta property=\"og:url\" content=\"https:\/\/leboudoir-zen.com\/index.php\/ateliers-espace-sacre-innerdance-cercle-de-femmes\/\" \/>\n<meta property=\"article:modified_time\" content=\"2025-08-15T16:01:55+00:00\" \/>\n<meta property=\"og:image\" content=\"https:\/\/leboudoir-zen.com\/wp-content\/uploads\/2022\/03\/cropped-cropped-cropped-logo-1-1-1.png\" \/>\n\t<meta property=\"og:image:width\" content=\"512\" \/>\n\t<meta property=\"og:image:height\" content=\"512\" \/>\n\t<meta property=\"og:image:type\" content=\"image\/png\" \/>\n<meta name=\"twitter:card\" content=\"summary_large_image\" \/>\n<meta name=\"twitter:label1\" content=\"Dur\u00e9e de lecture estim\u00e9e\" \/>\n\t<meta name=\"twitter:data1\" content=\"1 minute\" \/>\n<script type=\"application\/ld+json\" class=\"yoast-schema-graph\">{\"@context\":\"https:\\\/\\\/schema.org\",\"@graph\":[{\"@type\":\"WebPage\",\"@id\":\"https:\\\/\\\/leboudoir-zen.com\\\/index.php\\\/ateliers-espace-sacre-innerdance-cercle-de-femmes\\\/\",\"url\":\"https:\\\/\\\/leboudoir-zen.com\\\/index.php\\\/ateliers-espace-sacre-innerdance-cercle-de-femmes\\\/\",\"name\":\"Espace sacr\u00e9 -\",\"isPartOf\":{\"@id\":\"https:\\\/\\\/leboudoir-zen.com\\\/#website\"},\"primaryImageOfPage\":{\"@id\":\"https:\\\/\\\/leboudoir-zen.com\\\/index.php\\\/ateliers-espace-sacre-innerdance-cercle-de-femmes\\\/#primaryimage\"},\"image\":{\"@id\":\"https:\\\/\\\/leboudoir-zen.com\\\/index.php\\\/ateliers-espace-sacre-innerdance-cercle-de-femmes\\\/#primaryimage\"},\"thumbnailUrl\":\"http:\\\/\\\/leboudoir-zen.com\\\/wp-content\\\/uploads\\\/2022\\\/03\\\/cropped-cropped-cropped-logo-1-1-1-150x150.png\",\"datePublished\":\"2022-03-20T07:49:00+00:00\",\"dateModified\":\"2025-08-15T16:01:55+00:00\",\"description\":\"Un espace Sacr\u00e9 de reconnexion au corps, \u00e0 l'\u00e2me et l'esprit. Cercle de femmes.\",\"breadcrumb\":{\"@id\":\"https:\\\/\\\/leboudoir-zen.com\\\/index.php\\\/ateliers-espace-sacre-innerdance-cercle-de-femmes\\\/#breadcrumb\"},\"inLanguage\":\"fr-FR\",\"potentialAction\":[{\"@type\":\"ReadAction\",\"target\":[\"https:\\\/\\\/leboudoir-zen.com\\\/index.php\\\/ateliers-espace-sacre-innerdance-cercle-de-femmes\\\/\"]}]},{\"@type\":\"ImageObject\",\"inLanguage\":\"fr-FR\",\"@id\":\"https:\\\/\\\/leboudoir-zen.com\\\/index.php\\\/ateliers-espace-sacre-innerdance-cercle-de-femmes\\\/#primaryimage\",\"url\":\"https:\\\/\\\/leboudoir-zen.com\\\/wp-content\\\/uploads\\\/2022\\\/03\\\/cropped-cropped-cropped-logo-1-1-1.png\",\"contentUrl\":\"https:\\\/\\\/leboudoir-zen.com\\\/wp-content\\\/uploads\\\/2022\\\/03\\\/cropped-cropped-cropped-logo-1-1-1.png\",\"width\":512,\"height\":512},{\"@type\":\"BreadcrumbList\",\"@id\":\"https:\\\/\\\/leboudoir-zen.com\\\/index.php\\\/ateliers-espace-sacre-innerdance-cercle-de-femmes\\\/#breadcrumb\",\"itemListElement\":[{\"@type\":\"ListItem\",\"position\":1,\"name\":\"Accueil\",\"item\":\"https:\\\/\\\/leboudoir-zen.com\\\/\"},{\"@type\":\"ListItem\",\"position\":2,\"name\":\"Espace sacr\u00e9\"}]},{\"@type\":\"WebSite\",\"@id\":\"https:\\\/\\\/leboudoir-zen.com\\\/#website\",\"url\":\"https:\\\/\\\/leboudoir-zen.com\\\/\",\"name\":\"\",\"description\":\"\",\"potentialAction\":[{\"@type\":\"SearchAction\",\"target\":{\"@type\":\"EntryPoint\",\"urlTemplate\":\"https:\\\/\\\/leboudoir-zen.com\\\/?s={search_term_string}\"},\"query-input\":{\"@type\":\"PropertyValueSpecification\",\"valueRequired\":true,\"valueName\":\"search_term_string\"}}],\"inLanguage\":\"fr-FR\"}]}<\/script>\n<!-- \/ Yoast SEO plugin. -->","yoast_head_json":{"title":"Espace sacr\u00e9 -","description":"Un espace Sacr\u00e9 de reconnexion au corps, \u00e0 l'\u00e2me et l'esprit. Cercle de femmes.","robots":{"index":"index","follow":"follow","max-snippet":"max-snippet:-1","max-image-preview":"max-image-preview:large","max-video-preview":"max-video-preview:-1"},"canonical":"https:\/\/leboudoir-zen.com\/index.php\/ateliers-espace-sacre-innerdance-cercle-de-femmes\/","og_locale":"fr_FR","og_type":"article","og_title":"Espace sacr\u00e9 -","og_description":"Un espace Sacr\u00e9 de reconnexion au corps, \u00e0 l'\u00e2me et l'esprit. Cercle de femmes.","og_url":"https:\/\/leboudoir-zen.com\/index.php\/ateliers-espace-sacre-innerdance-cercle-de-femmes\/","article_modified_time":"2025-08-15T16:01:55+00:00","og_image":[{"width":512,"height":512,"url":"https:\/\/leboudoir-zen.com\/wp-content\/uploads\/2022\/03\/cropped-cropped-cropped-logo-1-1-1.png","type":"image\/png"}],"twitter_card":"summary_large_image","twitter_misc":{"Dur\u00e9e de lecture estim\u00e9e":"1 minute"},"schema":{"@context":"https:\/\/schema.org","@graph":[{"@type":"WebPage","@id":"https:\/\/leboudoir-zen.com\/index.php\/ateliers-espace-sacre-innerdance-cercle-de-femmes\/","url":"https:\/\/leboudoir-zen.com\/index.php\/ateliers-espace-sacre-innerdance-cercle-de-femmes\/","name":"Espace sacr\u00e9 -","isPartOf":{"@id":"https:\/\/leboudoir-zen.com\/#website"},"primaryImageOfPage":{"@id":"https:\/\/leboudoir-zen.com\/index.php\/ateliers-espace-sacre-innerdance-cercle-de-femmes\/#primaryimage"},"image":{"@id":"https:\/\/leboudoir-zen.com\/index.php\/ateliers-espace-sacre-innerdance-cercle-de-femmes\/#primaryimage"},"thumbnailUrl":"http:\/\/leboudoir-zen.com\/wp-content\/uploads\/2022\/03\/cropped-cropped-cropped-logo-1-1-1-150x150.png","datePublished":"2022-03-20T07:49:00+00:00","dateModified":"2025-08-15T16:01:55+00:00","description":"Un espace Sacr\u00e9 de reconnexion au corps, \u00e0 l'\u00e2me et l'esprit. Cercle de femmes.","breadcrumb":{"@id":"https:\/\/leboudoir-zen.com\/index.php\/ateliers-espace-sacre-innerdance-cercle-de-femmes\/#breadcrumb"},"inLanguage":"fr-FR","potentialAction":[{"@type":"ReadAction","target":["https:\/\/leboudoir-zen.com\/index.php\/ateliers-espace-sacre-innerdance-cercle-de-femmes\/"]}]},{"@type":"ImageObject","inLanguage":"fr-FR","@id":"https:\/\/leboudoir-zen.com\/index.php\/ateliers-espace-sacre-innerdance-cercle-de-femmes\/#primaryimage","url":"https:\/\/leboudoir-zen.com\/wp-content\/uploads\/2022\/03\/cropped-cropped-cropped-logo-1-1-1.png","contentUrl":"https:\/\/leboudoir-zen.com\/wp-content\/uploads\/2022\/03\/cropped-cropped-cropped-logo-1-1-1.png","width":512,"height":512},{"@type":"BreadcrumbList","@id":"https:\/\/leboudoir-zen.com\/index.php\/ateliers-espace-sacre-innerdance-cercle-de-femmes\/#breadcrumb","itemListElement":[{"@type":"ListItem","position":1,"name":"Accueil","item":"https:\/\/leboudoir-zen.com\/"},{"@type":"ListItem","position":2,"name":"Espace sacr\u00e9"}]},{"@type":"WebSite","@id":"https:\/\/leboudoir-zen.com\/#website","url":"https:\/\/leboudoir-zen.com\/","name":"","description":"","potentialAction":[{"@type":"SearchAction","target":{"@type":"EntryPoint","urlTemplate":"https:\/\/leboudoir-zen.com\/?s={search_term_string}"},"query-input":{"@type":"PropertyValueSpecification","valueRequired":true,"valueName":"search_term_string"}}],"inLanguage":"fr-FR"}]}},"featured_image_src":null,"featured_image_src_square":null,"_links":{"self":[{"href":"https:\/\/leboudoir-zen.com\/index.php\/wp-json\/wp\/v2\/pages\/83","targetHints":{"allow":["GET"]}}],"collection":[{"href":"https:\/\/leboudoir-zen.com\/index.php\/wp-json\/wp\/v2\/pages"}],"about":[{"href":"https:\/\/leboudoir-zen.com\/index.php\/wp-json\/wp\/v2\/types\/page"}],"author":[{"embeddable":true,"href":"https:\/\/leboudoir-zen.com\/index.php\/wp-json\/wp\/v2\/users\/1"}],"replies":[{"embeddable":true,"href":"https:\/\/leboudoir-zen.com\/index.php\/wp-json\/wp\/v2\/comments?post=83"}],"version-history":[{"count":207,"href":"https:\/\/leboudoir-zen.com\/index.php\/wp-json\/wp\/v2\/pages\/83\/revisions"}],"predecessor-version":[{"id":17533,"href":"https:\/\/leboudoir-zen.com\/index.php\/wp-json\/wp\/v2\/pages\/83\/revisions\/17533"}],"wp:attachment":[{"href":"https:\/\/leboudoir-zen.com\/index.php\/wp-json\/wp\/v2\/media?parent=83"}],"curies":[{"name":"wp","href":"https:\/\/api.w.org\/{rel}","templated":true}]}}