{"id":7214,"date":"2022-03-22T12:33:06","date_gmt":"2022-03-22T12:33:06","guid":{"rendered":"https:\/\/leboudoir-zen.com\/?page_id=7214"},"modified":"2022-04-27T00:31:52","modified_gmt":"2022-04-27T00:31:52","slug":"massage-en-duo","status":"publish","type":"page","link":"https:\/\/leboudoir-zen.com\/index.php\/massage-en-duo\/","title":{"rendered":"Massage en Duo"},"content":{"rendered":"\t\t<div data-elementor-type=\"wp-page\" data-elementor-id=\"7214\" class=\"elementor elementor-7214\">\n\t\t\t\t\t\t<section class=\"elementor-section elementor-top-section elementor-element elementor-element-3faeefc elementor-section-boxed elementor-section-height-default elementor-section-height-default exad-glass-effect-no wpr-particle-no wpr-jarallax-no wpr-parallax-no wpr-sticky-section-no wpr-equal-height-no exad-sticky-section-no\" data-id=\"3faeefc\" data-element_type=\"section\" data-e-type=\"section\" data-settings=\"{&quot;background_background&quot;:&quot;classic&quot;}\">\n\t\t\t\t\t\t<div class=\"elementor-container elementor-column-gap-default\">\n\t\t\t\t\t<div class=\"elementor-column elementor-col-100 elementor-top-column elementor-element elementor-element-66b028e exad-glass-effect-no exad-sticky-section-no\" data-id=\"66b028e\" data-element_type=\"column\" data-e-type=\"column\">\n\t\t\t<div class=\"elementor-widget-wrap\">\n\t\t\t\t\t\t\t<\/div>\n\t\t<\/div>\n\t\t\t\t\t<\/div>\n\t\t<\/section>\n\t\t\t\t<section class=\"elementor-section elementor-top-section elementor-element elementor-element-462487e elementor-section-boxed elementor-section-height-default elementor-section-height-default exad-glass-effect-no wpr-particle-no wpr-jarallax-no wpr-parallax-no wpr-sticky-section-no wpr-equal-height-no exad-sticky-section-no\" data-id=\"462487e\" data-element_type=\"section\" data-e-type=\"section\" data-settings=\"{&quot;background_background&quot;:&quot;classic&quot;}\">\n\t\t\t\t\t\t\t<div class=\"elementor-background-overlay\"><\/div>\n\t\t\t\t\t\t\t<div class=\"elementor-container elementor-column-gap-default\">\n\t\t\t\t\t<div class=\"elementor-column elementor-col-100 elementor-top-column elementor-element elementor-element-3e731b8 exad-glass-effect-no exad-sticky-section-no\" data-id=\"3e731b8\" data-element_type=\"column\" data-e-type=\"column\">\n\t\t\t<div class=\"elementor-widget-wrap elementor-element-populated\">\n\t\t\t\t\t\t<div class=\"elementor-element elementor-element-61561e3 exad-sticky-section-no exad-glass-effect-no elementor-widget elementor-widget-heading\" data-id=\"61561e3\" data-element_type=\"widget\" data-e-type=\"widget\" data-widget_type=\"heading.default\">\n\t\t\t\t<div class=\"elementor-widget-container\">\n\t\t\t\t\t<h2 class=\"elementor-heading-title elementor-size-default\">Massage en Duo<\/h2>\t\t\t\t<\/div>\n\t\t\t\t<\/div>\n\t\t\t\t\t<\/div>\n\t\t<\/div>\n\t\t\t\t\t<\/div>\n\t\t<\/section>\n\t\t\t\t<section class=\"elementor-section elementor-top-section elementor-element elementor-element-2d69278 elementor-section-boxed elementor-section-height-default elementor-section-height-default exad-glass-effect-no wpr-particle-no wpr-jarallax-no wpr-parallax-no wpr-sticky-section-no wpr-equal-height-no exad-sticky-section-no\" data-id=\"2d69278\" data-element_type=\"section\" data-e-type=\"section\" data-settings=\"{&quot;background_background&quot;:&quot;classic&quot;,&quot;shape_divider_bottom&quot;:&quot;triangle&quot;}\">\n\t\t\t\t\t<div class=\"elementor-shape elementor-shape-bottom\" aria-hidden=\"true\" data-negative=\"false\">\n\t\t\t<svg xmlns=\"http:\/\/www.w3.org\/2000\/svg\" viewBox=\"0 0 1000 100\" preserveAspectRatio=\"none\">\n\t<path class=\"elementor-shape-fill\" d=\"M500,98.9L0,6.1V0h1000v6.1L500,98.9z\"\/>\n<\/svg>\t\t<\/div>\n\t\t\t\t\t<div class=\"elementor-container elementor-column-gap-default\">\n\t\t\t\t\t<div class=\"elementor-column elementor-col-33 elementor-top-column elementor-element elementor-element-cc76de7 exad-glass-effect-no exad-sticky-section-no\" data-id=\"cc76de7\" data-element_type=\"column\" data-e-type=\"column\">\n\t\t\t<div class=\"elementor-widget-wrap elementor-element-populated\">\n\t\t\t\t\t\t<section class=\"elementor-section elementor-inner-section elementor-element elementor-element-f42b1a2 elementor-section-boxed elementor-section-height-default elementor-section-height-default exad-glass-effect-no wpr-particle-no wpr-jarallax-no wpr-parallax-no wpr-sticky-section-no wpr-equal-height-no exad-sticky-section-no\" data-id=\"f42b1a2\" data-element_type=\"section\" data-e-type=\"section\">\n\t\t\t\t\t\t<div class=\"elementor-container elementor-column-gap-default\">\n\t\t\t\t\t<div class=\"elementor-column elementor-col-100 elementor-inner-column elementor-element elementor-element-ea18b9a exad-glass-effect-no exad-sticky-section-no\" data-id=\"ea18b9a\" data-element_type=\"column\" data-e-type=\"column\">\n\t\t\t<div class=\"elementor-widget-wrap\">\n\t\t\t\t\t\t\t<\/div>\n\t\t<\/div>\n\t\t\t\t\t<\/div>\n\t\t<\/section>\n\t\t\t\t\t<\/div>\n\t\t<\/div>\n\t\t\t\t<div class=\"elementor-column elementor-col-33 elementor-top-column elementor-element elementor-element-258e227 exad-glass-effect-no exad-sticky-section-no\" data-id=\"258e227\" data-element_type=\"column\" data-e-type=\"column\">\n\t\t\t<div class=\"elementor-widget-wrap elementor-element-populated\">\n\t\t\t\t\t\t<div class=\"elementor-element elementor-element-43df131 exad-sticky-section-no exad-glass-effect-no elementor-widget elementor-widget-image\" data-id=\"43df131\" data-element_type=\"widget\" data-e-type=\"widget\" data-widget_type=\"image.default\">\n\t\t\t\t<div class=\"elementor-widget-container\">\n\t\t\t\t\t\t\t\t\t\t\t\t\t\t\t<img decoding=\"async\" width=\"150\" height=\"150\" src=\"https:\/\/leboudoir-zen.com\/wp-content\/uploads\/2022\/03\/cropped-cropped-cropped-logo-1-1-1-150x150.png\" class=\"attachment-thumbnail size-thumbnail wp-image-17\" alt=\"\" srcset=\"https:\/\/leboudoir-zen.com\/wp-content\/uploads\/2022\/03\/cropped-cropped-cropped-logo-1-1-1-150x150.png 150w, https:\/\/leboudoir-zen.com\/wp-content\/uploads\/2022\/03\/cropped-cropped-cropped-logo-1-1-1-300x300.png 300w, https:\/\/leboudoir-zen.com\/wp-content\/uploads\/2022\/03\/cropped-cropped-cropped-logo-1-1-1.png 512w\" sizes=\"(max-width: 150px) 100vw, 150px\" \/>\t\t\t\t\t\t\t\t\t\t\t\t\t\t\t<\/div>\n\t\t\t\t<\/div>\n\t\t\t\t<div class=\"elementor-element elementor-element-efd4a15 exad-sticky-section-no exad-glass-effect-no elementor-widget elementor-widget-heading\" data-id=\"efd4a15\" data-element_type=\"widget\" data-e-type=\"widget\" data-widget_type=\"heading.default\">\n\t\t\t\t<div class=\"elementor-widget-container\">\n\t\t\t\t\t<p class=\"elementor-heading-title elementor-size-default\">Ce massage complet du corps prodigu\u00e9 par 2 praticiens, va vous permettre de partager un\nmoment cocooning et de d\u00e9tente \u00e0 deux ou en couple.\n<\/p>\t\t\t\t<\/div>\n\t\t\t\t<\/div>\n\t\t\t\t\t<\/div>\n\t\t<\/div>\n\t\t\t\t<div class=\"elementor-column elementor-col-33 elementor-top-column elementor-element elementor-element-330aee7 exad-glass-effect-no exad-sticky-section-no\" data-id=\"330aee7\" data-element_type=\"column\" data-e-type=\"column\">\n\t\t\t<div class=\"elementor-widget-wrap\">\n\t\t\t\t\t\t\t<\/div>\n\t\t<\/div>\n\t\t\t\t\t<\/div>\n\t\t<\/section>\n\t\t\t\t<section class=\"elementor-section elementor-top-section elementor-element elementor-element-bcae154 elementor-section-boxed elementor-section-height-default elementor-section-height-default exad-glass-effect-no wpr-particle-no wpr-jarallax-no wpr-parallax-no wpr-sticky-section-no wpr-equal-height-no exad-sticky-section-no\" data-id=\"bcae154\" data-element_type=\"section\" data-e-type=\"section\">\n\t\t\t\t\t\t<div class=\"elementor-container elementor-column-gap-default\">\n\t\t\t\t\t<div class=\"elementor-column elementor-col-100 elementor-top-column elementor-element elementor-element-07040a9 exad-glass-effect-no exad-sticky-section-no\" data-id=\"07040a9\" data-element_type=\"column\" data-e-type=\"column\">\n\t\t\t<div class=\"elementor-widget-wrap elementor-element-populated\">\n\t\t\t\t\t\t<div class=\"elementor-element elementor-element-89c9806 elementor-widget__width-initial exad-sticky-section-no exad-glass-effect-no elementor-widget elementor-widget-heading\" data-id=\"89c9806\" data-element_type=\"widget\" data-e-type=\"widget\" data-widget_type=\"heading.default\">\n\t\t\t\t<div class=\"elementor-widget-container\">\n\t\t\t\t\t<p class=\"elementor-heading-title elementor-size-default\">Se pratique sur table, avec matelas chauffant si n\u00e9cessaire.\nChaque s\u00e9ance commence par des mouvements favorisant la respiration et le l\u00e2cher-prise.<br><br>\nElle se termine par une reprise de conscience du corps\n<\/p>\t\t\t\t<\/div>\n\t\t\t\t<\/div>\n\t\t\t\t\t<\/div>\n\t\t<\/div>\n\t\t\t\t\t<\/div>\n\t\t<\/section>\n\t\t\t\t<section class=\"elementor-section elementor-top-section elementor-element elementor-element-5e34a28 elementor-section-boxed elementor-section-height-default elementor-section-height-default exad-glass-effect-no wpr-particle-no wpr-jarallax-no wpr-parallax-no wpr-sticky-section-no wpr-equal-height-no exad-sticky-section-no\" data-id=\"5e34a28\" data-element_type=\"section\" data-e-type=\"section\" data-settings=\"{&quot;background_background&quot;:&quot;classic&quot;,&quot;shape_divider_top&quot;:&quot;triangle&quot;,&quot;shape_divider_top_negative&quot;:&quot;yes&quot;}\">\n\t\t\t\t\t<div class=\"elementor-shape elementor-shape-top\" aria-hidden=\"true\" data-negative=\"true\">\n\t\t\t<svg xmlns=\"http:\/\/www.w3.org\/2000\/svg\" viewBox=\"0 0 1000 100\" preserveAspectRatio=\"none\">\n\t<path class=\"elementor-shape-fill\" d=\"M500.2,94.7L0,0v100h1000V0L500.2,94.7z\"\/>\n<\/svg>\t\t<\/div>\n\t\t\t\t\t<div class=\"elementor-container elementor-column-gap-default\">\n\t\t\t\t\t<div class=\"elementor-column elementor-col-100 elementor-top-column elementor-element elementor-element-b6793ef exad-glass-effect-no exad-sticky-section-no\" data-id=\"b6793ef\" data-element_type=\"column\" data-e-type=\"column\">\n\t\t\t<div class=\"elementor-widget-wrap elementor-element-populated\">\n\t\t\t\t\t\t<div class=\"elementor-element elementor-element-17bb87f exad-sticky-section-no exad-glass-effect-no elementor-widget elementor-widget-image\" data-id=\"17bb87f\" data-element_type=\"widget\" data-e-type=\"widget\" data-widget_type=\"image.default\">\n\t\t\t\t<div class=\"elementor-widget-container\">\n\t\t\t\t\t\t\t\t\t\t\t\t\t\t\t<img decoding=\"async\" width=\"300\" height=\"32\" src=\"https:\/\/leboudoir-zen.com\/wp-content\/uploads\/2022\/03\/a____Pngtreea____gold-dividing-line_6070956-300x32.png\" class=\"attachment-medium size-medium wp-image-33\" alt=\"\" srcset=\"https:\/\/leboudoir-zen.com\/wp-content\/uploads\/2022\/03\/a____Pngtreea____gold-dividing-line_6070956-300x32.png 300w, https:\/\/leboudoir-zen.com\/wp-content\/uploads\/2022\/03\/a____Pngtreea____gold-dividing-line_6070956-1024x109.png 1024w, https:\/\/leboudoir-zen.com\/wp-content\/uploads\/2022\/03\/a____Pngtreea____gold-dividing-line_6070956-768x82.png 768w, https:\/\/leboudoir-zen.com\/wp-content\/uploads\/2022\/03\/a____Pngtreea____gold-dividing-line_6070956.png 1200w\" sizes=\"(max-width: 300px) 100vw, 300px\" \/>\t\t\t\t\t\t\t\t\t\t\t\t\t\t\t<\/div>\n\t\t\t\t<\/div>\n\t\t\t\t<div class=\"elementor-element elementor-element-3414b32 exad-sticky-section-no exad-glass-effect-no elementor-widget elementor-widget-heading\" data-id=\"3414b32\" data-element_type=\"widget\" data-e-type=\"widget\" data-widget_type=\"heading.default\">\n\t\t\t\t<div class=\"elementor-widget-container\">\n\t\t\t\t\t<h2 class=\"elementor-heading-title elementor-size-default\">Massage Complet du corps<\/h2>\t\t\t\t<\/div>\n\t\t\t\t<\/div>\n\t\t\t\t<div class=\"elementor-element elementor-element-ee6e459 exad-sticky-section-no exad-glass-effect-no elementor-widget elementor-widget-heading\" data-id=\"ee6e459\" data-element_type=\"widget\" data-e-type=\"widget\" data-widget_type=\"heading.default\">\n\t\t\t\t<div class=\"elementor-widget-container\">\n\t\t\t\t\t<p class=\"elementor-heading-title elementor-size-default\">Dur\u00e9e : 1h ou 1h15\n<\/p>\t\t\t\t<\/div>\n\t\t\t\t<\/div>\n\t\t\t\t\t<\/div>\n\t\t<\/div>\n\t\t\t\t\t<\/div>\n\t\t<\/section>\n\t\t\t\t<\/div>\n\t\t","protected":false},"excerpt":{"rendered":"<p>Massage en Duo Ce massage complet du corps prodigu\u00e9 par 2 praticiens, va vous permettre de partager un moment cocooning et de d\u00e9tente \u00e0 deux ou en couple. Se pratique sur table, avec matelas chauffant si n\u00e9cessaire. Chaque s\u00e9ance commence par des mouvements favorisant la respiration et le l\u00e2cher-prise. Elle se termine par une reprise de conscience du corps Massage Complet du corps Dur\u00e9e : 1h ou 1h15<\/p>\n","protected":false},"author":1,"featured_media":0,"parent":0,"menu_order":0,"comment_status":"closed","ping_status":"closed","template":"","meta":{"site-sidebar-layout":"no-sidebar","site-content-layout":"page-builder","ast-site-content-layout":"default","site-content-style":"default","site-sidebar-style":"default","ast-global-header-display":"","ast-banner-title-visibility":"","ast-main-header-display":"","ast-hfb-above-header-display":"","ast-hfb-below-header-display":"","ast-hfb-mobile-header-display":"","site-post-title":"disabled","ast-breadcrumbs-content":"","ast-featured-img":"disabled","footer-sml-layout":"","ast-disable-related-posts":"","theme-transparent-header-meta":"","adv-header-id-meta":"","stick-header-meta":"","header-above-stick-meta":"","header-main-stick-meta":"","header-below-stick-meta":"","astra-migrate-meta-layouts":"default","ast-page-background-enabled":"default","ast-page-background-meta":{"desktop":{"background-color":"var(--ast-global-color-4)","background-image":"","background-repeat":"repeat","background-position":"center center","background-size":"auto","background-attachment":"scroll","background-type":"","background-media":"","overlay-type":"","overlay-color":"","overlay-opacity":"","overlay-gradient":""},"tablet":{"background-color":"","background-image":"","background-repeat":"repeat","background-position":"center center","background-size":"auto","background-attachment":"scroll","background-type":"","background-media":"","overlay-type":"","overlay-color":"","overlay-opacity":"","overlay-gradient":""},"mobile":{"background-color":"","background-image":"","background-repeat":"repeat","background-position":"center center","background-size":"auto","background-attachment":"scroll","background-type":"","background-media":"","overlay-type":"","overlay-color":"","overlay-opacity":"","overlay-gradient":""}},"ast-content-background-meta":{"desktop":{"background-color":"var(--ast-global-color-5)","background-image":"","background-repeat":"repeat","background-position":"center center","background-size":"auto","background-attachment":"scroll","background-type":"","background-media":"","overlay-type":"","overlay-color":"","overlay-opacity":"","overlay-gradient":""},"tablet":{"background-color":"var(--ast-global-color-5)","background-image":"","background-repeat":"repeat","background-position":"center center","background-size":"auto","background-attachment":"scroll","background-type":"","background-media":"","overlay-type":"","overlay-color":"","overlay-opacity":"","overlay-gradient":""},"mobile":{"background-color":"var(--ast-global-color-5)","background-image":"","background-repeat":"repeat","background-position":"center center","background-size":"auto","background-attachment":"scroll","background-type":"","background-media":"","overlay-type":"","overlay-color":"","overlay-opacity":"","overlay-gradient":""}},"footnotes":""},"class_list":["post-7214","page","type-page","status-publish","hentry"],"yoast_head":"<!-- This site is optimized with the Yoast SEO plugin v27.5 - https:\/\/yoast.com\/product\/yoast-seo-wordpress\/ -->\n<title>Massage en Duo -<\/title>\n<meta name=\"description\" content=\"Massage bien \u00eatre Massage ayurvedique Massage balinais Massage oriental R\u00e9flexologie plantaire Soins \u00e9nerg\u00e9tique Lahochi Access bars Th\u00e9rapies holistiques Soins holistique Relaxation Formation laholchi Atelier bien \u00eatre M\u00e9ditation M\u00e9decine symbolique France Espagne Andalousie Triangle d&#039;or d&#039;isis.\" \/>\n<meta name=\"robots\" content=\"index, follow, max-snippet:-1, max-image-preview:large, max-video-preview:-1\" \/>\n<link rel=\"canonical\" href=\"https:\/\/leboudoir-zen.com\/index.php\/massage-en-duo\/\" \/>\n<meta property=\"og:locale\" content=\"fr_FR\" \/>\n<meta property=\"og:type\" content=\"article\" \/>\n<meta property=\"og:title\" content=\"Massage en Duo -\" \/>\n<meta property=\"og:description\" content=\"Massage bien \u00eatre Massage ayurvedique Massage balinais Massage oriental R\u00e9flexologie plantaire Soins \u00e9nerg\u00e9tique Lahochi Access bars Th\u00e9rapies holistiques Soins holistique Relaxation Formation laholchi Atelier bien \u00eatre M\u00e9ditation M\u00e9decine symbolique France Espagne Andalousie Triangle d&#039;or d&#039;isis.\" \/>\n<meta property=\"og:url\" content=\"https:\/\/leboudoir-zen.com\/index.php\/massage-en-duo\/\" \/>\n<meta property=\"article:modified_time\" content=\"2022-04-27T00:31:52+00:00\" \/>\n<meta property=\"og:image\" content=\"http:\/\/leboudoir-zen.com\/wp-content\/uploads\/2022\/03\/cropped-cropped-cropped-logo-1-1-1-150x150.png\" \/>\n<meta name=\"twitter:card\" content=\"summary_large_image\" \/>\n<meta name=\"twitter:label1\" content=\"Dur\u00e9e de lecture estim\u00e9e\" \/>\n\t<meta name=\"twitter:data1\" content=\"1 minute\" \/>\n<script type=\"application\/ld+json\" class=\"yoast-schema-graph\">{\"@context\":\"https:\\\/\\\/schema.org\",\"@graph\":[{\"@type\":\"WebPage\",\"@id\":\"https:\\\/\\\/leboudoir-zen.com\\\/index.php\\\/massage-en-duo\\\/\",\"url\":\"https:\\\/\\\/leboudoir-zen.com\\\/index.php\\\/massage-en-duo\\\/\",\"name\":\"Massage en Duo -\",\"isPartOf\":{\"@id\":\"https:\\\/\\\/leboudoir-zen.com\\\/#website\"},\"primaryImageOfPage\":{\"@id\":\"https:\\\/\\\/leboudoir-zen.com\\\/index.php\\\/massage-en-duo\\\/#primaryimage\"},\"image\":{\"@id\":\"https:\\\/\\\/leboudoir-zen.com\\\/index.php\\\/massage-en-duo\\\/#primaryimage\"},\"thumbnailUrl\":\"http:\\\/\\\/leboudoir-zen.com\\\/wp-content\\\/uploads\\\/2022\\\/03\\\/cropped-cropped-cropped-logo-1-1-1-150x150.png\",\"datePublished\":\"2022-03-22T12:33:06+00:00\",\"dateModified\":\"2022-04-27T00:31:52+00:00\",\"description\":\"Massage bien \u00eatre Massage ayurvedique Massage balinais Massage oriental R\u00e9flexologie plantaire Soins \u00e9nerg\u00e9tique Lahochi Access bars Th\u00e9rapies holistiques Soins holistique Relaxation Formation laholchi Atelier bien \u00eatre M\u00e9ditation M\u00e9decine symbolique France Espagne Andalousie Triangle d'or d'isis.\",\"breadcrumb\":{\"@id\":\"https:\\\/\\\/leboudoir-zen.com\\\/index.php\\\/massage-en-duo\\\/#breadcrumb\"},\"inLanguage\":\"fr-FR\",\"potentialAction\":[{\"@type\":\"ReadAction\",\"target\":[\"https:\\\/\\\/leboudoir-zen.com\\\/index.php\\\/massage-en-duo\\\/\"]}]},{\"@type\":\"ImageObject\",\"inLanguage\":\"fr-FR\",\"@id\":\"https:\\\/\\\/leboudoir-zen.com\\\/index.php\\\/massage-en-duo\\\/#primaryimage\",\"url\":\"https:\\\/\\\/leboudoir-zen.com\\\/wp-content\\\/uploads\\\/2022\\\/03\\\/cropped-cropped-cropped-logo-1-1-1.png\",\"contentUrl\":\"https:\\\/\\\/leboudoir-zen.com\\\/wp-content\\\/uploads\\\/2022\\\/03\\\/cropped-cropped-cropped-logo-1-1-1.png\",\"width\":512,\"height\":512},{\"@type\":\"BreadcrumbList\",\"@id\":\"https:\\\/\\\/leboudoir-zen.com\\\/index.php\\\/massage-en-duo\\\/#breadcrumb\",\"itemListElement\":[{\"@type\":\"ListItem\",\"position\":1,\"name\":\"Accueil\",\"item\":\"https:\\\/\\\/leboudoir-zen.com\\\/\"},{\"@type\":\"ListItem\",\"position\":2,\"name\":\"Massage en Duo\"}]},{\"@type\":\"WebSite\",\"@id\":\"https:\\\/\\\/leboudoir-zen.com\\\/#website\",\"url\":\"https:\\\/\\\/leboudoir-zen.com\\\/\",\"name\":\"\",\"description\":\"\",\"potentialAction\":[{\"@type\":\"SearchAction\",\"target\":{\"@type\":\"EntryPoint\",\"urlTemplate\":\"https:\\\/\\\/leboudoir-zen.com\\\/?s={search_term_string}\"},\"query-input\":{\"@type\":\"PropertyValueSpecification\",\"valueRequired\":true,\"valueName\":\"search_term_string\"}}],\"inLanguage\":\"fr-FR\"}]}<\/script>\n<!-- \/ Yoast SEO plugin. -->","yoast_head_json":{"title":"Massage en Duo -","description":"Massage bien \u00eatre Massage ayurvedique Massage balinais Massage oriental R\u00e9flexologie plantaire Soins \u00e9nerg\u00e9tique Lahochi Access bars Th\u00e9rapies holistiques Soins holistique Relaxation Formation laholchi Atelier bien \u00eatre M\u00e9ditation M\u00e9decine symbolique France Espagne Andalousie Triangle d'or d'isis.","robots":{"index":"index","follow":"follow","max-snippet":"max-snippet:-1","max-image-preview":"max-image-preview:large","max-video-preview":"max-video-preview:-1"},"canonical":"https:\/\/leboudoir-zen.com\/index.php\/massage-en-duo\/","og_locale":"fr_FR","og_type":"article","og_title":"Massage en Duo -","og_description":"Massage bien \u00eatre Massage ayurvedique Massage balinais Massage oriental R\u00e9flexologie plantaire Soins \u00e9nerg\u00e9tique Lahochi Access bars Th\u00e9rapies holistiques Soins holistique Relaxation Formation laholchi Atelier bien \u00eatre M\u00e9ditation M\u00e9decine symbolique France Espagne Andalousie Triangle d'or d'isis.","og_url":"https:\/\/leboudoir-zen.com\/index.php\/massage-en-duo\/","article_modified_time":"2022-04-27T00:31:52+00:00","og_image":[{"url":"http:\/\/leboudoir-zen.com\/wp-content\/uploads\/2022\/03\/cropped-cropped-cropped-logo-1-1-1-150x150.png","type":"","width":"","height":""}],"twitter_card":"summary_large_image","twitter_misc":{"Dur\u00e9e de lecture estim\u00e9e":"1 minute"},"schema":{"@context":"https:\/\/schema.org","@graph":[{"@type":"WebPage","@id":"https:\/\/leboudoir-zen.com\/index.php\/massage-en-duo\/","url":"https:\/\/leboudoir-zen.com\/index.php\/massage-en-duo\/","name":"Massage en Duo -","isPartOf":{"@id":"https:\/\/leboudoir-zen.com\/#website"},"primaryImageOfPage":{"@id":"https:\/\/leboudoir-zen.com\/index.php\/massage-en-duo\/#primaryimage"},"image":{"@id":"https:\/\/leboudoir-zen.com\/index.php\/massage-en-duo\/#primaryimage"},"thumbnailUrl":"http:\/\/leboudoir-zen.com\/wp-content\/uploads\/2022\/03\/cropped-cropped-cropped-logo-1-1-1-150x150.png","datePublished":"2022-03-22T12:33:06+00:00","dateModified":"2022-04-27T00:31:52+00:00","description":"Massage bien \u00eatre Massage ayurvedique Massage balinais Massage oriental R\u00e9flexologie plantaire Soins \u00e9nerg\u00e9tique Lahochi Access bars Th\u00e9rapies holistiques Soins holistique Relaxation Formation laholchi Atelier bien \u00eatre M\u00e9ditation M\u00e9decine symbolique France Espagne Andalousie Triangle d'or d'isis.","breadcrumb":{"@id":"https:\/\/leboudoir-zen.com\/index.php\/massage-en-duo\/#breadcrumb"},"inLanguage":"fr-FR","potentialAction":[{"@type":"ReadAction","target":["https:\/\/leboudoir-zen.com\/index.php\/massage-en-duo\/"]}]},{"@type":"ImageObject","inLanguage":"fr-FR","@id":"https:\/\/leboudoir-zen.com\/index.php\/massage-en-duo\/#primaryimage","url":"https:\/\/leboudoir-zen.com\/wp-content\/uploads\/2022\/03\/cropped-cropped-cropped-logo-1-1-1.png","contentUrl":"https:\/\/leboudoir-zen.com\/wp-content\/uploads\/2022\/03\/cropped-cropped-cropped-logo-1-1-1.png","width":512,"height":512},{"@type":"BreadcrumbList","@id":"https:\/\/leboudoir-zen.com\/index.php\/massage-en-duo\/#breadcrumb","itemListElement":[{"@type":"ListItem","position":1,"name":"Accueil","item":"https:\/\/leboudoir-zen.com\/"},{"@type":"ListItem","position":2,"name":"Massage en Duo"}]},{"@type":"WebSite","@id":"https:\/\/leboudoir-zen.com\/#website","url":"https:\/\/leboudoir-zen.com\/","name":"","description":"","potentialAction":[{"@type":"SearchAction","target":{"@type":"EntryPoint","urlTemplate":"https:\/\/leboudoir-zen.com\/?s={search_term_string}"},"query-input":{"@type":"PropertyValueSpecification","valueRequired":true,"valueName":"search_term_string"}}],"inLanguage":"fr-FR"}]}},"featured_image_src":null,"featured_image_src_square":null,"_links":{"self":[{"href":"https:\/\/leboudoir-zen.com\/index.php\/wp-json\/wp\/v2\/pages\/7214","targetHints":{"allow":["GET"]}}],"collection":[{"href":"https:\/\/leboudoir-zen.com\/index.php\/wp-json\/wp\/v2\/pages"}],"about":[{"href":"https:\/\/leboudoir-zen.com\/index.php\/wp-json\/wp\/v2\/types\/page"}],"author":[{"embeddable":true,"href":"https:\/\/leboudoir-zen.com\/index.php\/wp-json\/wp\/v2\/users\/1"}],"replies":[{"embeddable":true,"href":"https:\/\/leboudoir-zen.com\/index.php\/wp-json\/wp\/v2\/comments?post=7214"}],"version-history":[{"count":37,"href":"https:\/\/leboudoir-zen.com\/index.php\/wp-json\/wp\/v2\/pages\/7214\/revisions"}],"predecessor-version":[{"id":10477,"href":"https:\/\/leboudoir-zen.com\/index.php\/wp-json\/wp\/v2\/pages\/7214\/revisions\/10477"}],"wp:attachment":[{"href":"https:\/\/leboudoir-zen.com\/index.php\/wp-json\/wp\/v2\/media?parent=7214"}],"curies":[{"name":"wp","href":"https:\/\/api.w.org\/{rel}","templated":true}]}}