{"id":7178,"date":"2022-03-22T10:53:25","date_gmt":"2022-03-22T10:53:25","guid":{"rendered":"https:\/\/leboudoir-zen.com\/?page_id=7178"},"modified":"2026-03-04T18:29:27","modified_gmt":"2026-03-04T18:29:27","slug":"massage-amma-assis-shiatsu-sur-chaise","status":"publish","type":"page","link":"https:\/\/leboudoir-zen.com\/index.php\/massage-amma-assis-shiatsu-sur-chaise\/","title":{"rendered":"Massage \u00ab Amma assis \u00bb"},"content":{"rendered":"\t\t<div data-elementor-type=\"wp-page\" data-elementor-id=\"7178\" class=\"elementor elementor-7178\">\n\t\t\t\t\t\t<section class=\"elementor-section elementor-top-section elementor-element elementor-element-011a007 elementor-section-boxed elementor-section-height-default elementor-section-height-default exad-glass-effect-no wpr-particle-no wpr-jarallax-no wpr-parallax-no wpr-sticky-section-no wpr-equal-height-no exad-sticky-section-no\" data-id=\"011a007\" data-element_type=\"section\" data-e-type=\"section\" data-settings=\"{&quot;background_background&quot;:&quot;classic&quot;}\">\n\t\t\t\t\t\t<div class=\"elementor-container elementor-column-gap-default\">\n\t\t\t\t\t<div class=\"elementor-column elementor-col-100 elementor-top-column elementor-element elementor-element-a41809c exad-glass-effect-no exad-sticky-section-no\" data-id=\"a41809c\" data-element_type=\"column\" data-e-type=\"column\">\n\t\t\t<div class=\"elementor-widget-wrap\">\n\t\t\t\t\t\t\t<\/div>\n\t\t<\/div>\n\t\t\t\t\t<\/div>\n\t\t<\/section>\n\t\t\t\t<section class=\"elementor-section elementor-top-section elementor-element elementor-element-ce4cb67 elementor-section-boxed elementor-section-height-default elementor-section-height-default exad-glass-effect-no wpr-particle-no wpr-jarallax-no wpr-parallax-no wpr-sticky-section-no wpr-equal-height-no exad-sticky-section-no\" data-id=\"ce4cb67\" data-element_type=\"section\" data-e-type=\"section\" data-settings=\"{&quot;background_background&quot;:&quot;classic&quot;}\">\n\t\t\t\t\t\t\t<div class=\"elementor-background-overlay\"><\/div>\n\t\t\t\t\t\t\t<div class=\"elementor-container elementor-column-gap-default\">\n\t\t\t\t\t<div class=\"elementor-column elementor-col-100 elementor-top-column elementor-element elementor-element-877f26e exad-glass-effect-no exad-sticky-section-no\" data-id=\"877f26e\" data-element_type=\"column\" data-e-type=\"column\">\n\t\t\t<div class=\"elementor-widget-wrap elementor-element-populated\">\n\t\t\t\t\t\t<div class=\"elementor-element elementor-element-88b4fd8 exad-sticky-section-no exad-glass-effect-no elementor-widget elementor-widget-heading\" data-id=\"88b4fd8\" data-element_type=\"widget\" data-e-type=\"widget\" data-widget_type=\"heading.default\">\n\t\t\t\t<div class=\"elementor-widget-container\">\n\t\t\t\t\t<h2 class=\"elementor-heading-title elementor-size-default\">Massage  Shiatsu <br>\u00abAmma assis\u00bb<\/h2>\t\t\t\t<\/div>\n\t\t\t\t<\/div>\n\t\t\t\t\t<\/div>\n\t\t<\/div>\n\t\t\t\t\t<\/div>\n\t\t<\/section>\n\t\t\t\t<section class=\"elementor-section elementor-top-section elementor-element elementor-element-2b85680 elementor-section-boxed elementor-section-height-default elementor-section-height-default exad-glass-effect-no wpr-particle-no wpr-jarallax-no wpr-parallax-no wpr-sticky-section-no wpr-equal-height-no exad-sticky-section-no\" data-id=\"2b85680\" data-element_type=\"section\" data-e-type=\"section\" data-settings=\"{&quot;background_background&quot;:&quot;classic&quot;}\">\n\t\t\t\t\t\t<div class=\"elementor-container elementor-column-gap-default\">\n\t\t\t\t\t<div class=\"elementor-column elementor-col-33 elementor-top-column elementor-element elementor-element-91f7161 exad-glass-effect-no exad-sticky-section-no\" data-id=\"91f7161\" data-element_type=\"column\" data-e-type=\"column\">\n\t\t\t<div class=\"elementor-widget-wrap elementor-element-populated\">\n\t\t\t\t\t\t<section class=\"elementor-section elementor-inner-section elementor-element elementor-element-f6a8149 elementor-section-boxed elementor-section-height-default elementor-section-height-default exad-glass-effect-no wpr-particle-no wpr-jarallax-no wpr-parallax-no wpr-sticky-section-no wpr-equal-height-no exad-sticky-section-no\" data-id=\"f6a8149\" data-element_type=\"section\" data-e-type=\"section\">\n\t\t\t\t\t\t<div class=\"elementor-container elementor-column-gap-default\">\n\t\t\t\t\t<div class=\"elementor-column elementor-col-100 elementor-inner-column elementor-element elementor-element-c7b9d14 exad-glass-effect-no exad-sticky-section-no\" data-id=\"c7b9d14\" data-element_type=\"column\" data-e-type=\"column\">\n\t\t\t<div class=\"elementor-widget-wrap\">\n\t\t\t\t\t\t\t<\/div>\n\t\t<\/div>\n\t\t\t\t\t<\/div>\n\t\t<\/section>\n\t\t\t\t\t<\/div>\n\t\t<\/div>\n\t\t\t\t<div class=\"elementor-column elementor-col-33 elementor-top-column elementor-element elementor-element-5a22e8d exad-glass-effect-no exad-sticky-section-no\" data-id=\"5a22e8d\" data-element_type=\"column\" data-e-type=\"column\">\n\t\t\t<div class=\"elementor-widget-wrap elementor-element-populated\">\n\t\t\t\t\t\t<div class=\"elementor-element elementor-element-d045ec9 exad-sticky-section-no exad-glass-effect-no elementor-widget elementor-widget-image\" data-id=\"d045ec9\" data-element_type=\"widget\" data-e-type=\"widget\" data-widget_type=\"image.default\">\n\t\t\t\t<div class=\"elementor-widget-container\">\n\t\t\t\t\t\t\t\t\t\t\t\t\t\t\t<img decoding=\"async\" width=\"150\" height=\"150\" src=\"https:\/\/leboudoir-zen.com\/wp-content\/uploads\/2022\/03\/cropped-cropped-cropped-logo-1-1-1-150x150.png\" class=\"attachment-thumbnail size-thumbnail wp-image-17\" alt=\"\" srcset=\"https:\/\/leboudoir-zen.com\/wp-content\/uploads\/2022\/03\/cropped-cropped-cropped-logo-1-1-1-150x150.png 150w, https:\/\/leboudoir-zen.com\/wp-content\/uploads\/2022\/03\/cropped-cropped-cropped-logo-1-1-1-300x300.png 300w, https:\/\/leboudoir-zen.com\/wp-content\/uploads\/2022\/03\/cropped-cropped-cropped-logo-1-1-1.png 512w\" sizes=\"(max-width: 150px) 100vw, 150px\" \/>\t\t\t\t\t\t\t\t\t\t\t\t\t\t\t<\/div>\n\t\t\t\t<\/div>\n\t\t\t\t<div class=\"elementor-element elementor-element-6b60d04 exad-sticky-section-no exad-glass-effect-no elementor-widget elementor-widget-heading\" data-id=\"6b60d04\" data-element_type=\"widget\" data-e-type=\"widget\" data-widget_type=\"heading.default\">\n\t\t\t\t<div class=\"elementor-widget-container\">\n\t\t\t\t\t<p class=\"elementor-heading-title elementor-size-default\">L\u2019origine du shiatsu assis est une variante du Shiatsu Japonais, d\u00e9velopp\u00e9 en occident par\nDavid Palmer (USA) dans les ann\u00e9es 1980.<br><br>\nAssis dans une position confortable sur une chaise ergonomique, le praticien va masser la\npartie haute de votre corps, vous vous sentez d\u00e9tendu en quelques minutes.<br><br>\nLe Amma assis contribue \u00e0 identifier vos zones de tensions, en les corrigeant par des\npressions palmaires ou digitales et des \u00e9tirements, dans le but de r\u00e9tablir harmonieusement\nla distribution de l'\u00e9nergie dans votre corps. <br><br>C'est une technique qui a pour but de stimuler\ndes zones et points pr\u00e9cis, plus de 150 points d'acupuncture situ\u00e9s le long des m\u00e9ridiens, des\nmuscles et des articulations.<br><br>\nC'est un moment privil\u00e9gi\u00e9 qui permet d'atteindre un \u00e9tat profond de relaxation et de bien\u00eatre quasi-instantan\u00e9, visant \u00e0 vous reconnecter \u00e0 votre corps, vous redonner du tonus\nd'accro\u00eetre diff\u00e9remment votre productivit\u00e9, am\u00e9liorer la concentration et l'oxyg\u00e9nation du\ncorps.<br><br>\nLe Amma assis se propose en Entreprises &amp; \u00e9v\u00e9nementiels.\n<\/p>\t\t\t\t<\/div>\n\t\t\t\t<\/div>\n\t\t\t\t<section class=\"elementor-section elementor-inner-section elementor-element elementor-element-62f6a56 elementor-section-boxed elementor-section-height-default elementor-section-height-default exad-glass-effect-no wpr-particle-no wpr-jarallax-no wpr-parallax-no wpr-sticky-section-no wpr-equal-height-no exad-sticky-section-no\" data-id=\"62f6a56\" data-element_type=\"section\" data-e-type=\"section\">\n\t\t\t\t\t\t<div class=\"elementor-container elementor-column-gap-default\">\n\t\t\t\t\t<div class=\"elementor-column elementor-col-33 elementor-inner-column elementor-element elementor-element-b63fdc7 exad-glass-effect-no exad-sticky-section-no\" data-id=\"b63fdc7\" data-element_type=\"column\" data-e-type=\"column\">\n\t\t\t<div class=\"elementor-widget-wrap\">\n\t\t\t\t\t\t\t<\/div>\n\t\t<\/div>\n\t\t\t\t<div class=\"elementor-column elementor-col-33 elementor-inner-column elementor-element elementor-element-385357d exad-glass-effect-no exad-sticky-section-no\" data-id=\"385357d\" data-element_type=\"column\" data-e-type=\"column\">\n\t\t\t<div class=\"elementor-widget-wrap elementor-element-populated\">\n\t\t\t\t\t\t<div class=\"elementor-element elementor-element-2b83c34 exad-sticky-section-no exad-glass-effect-no elementor-widget elementor-widget-image\" data-id=\"2b83c34\" data-element_type=\"widget\" data-e-type=\"widget\" data-widget_type=\"image.default\">\n\t\t\t\t<div class=\"elementor-widget-container\">\n\t\t\t\t\t\t\t\t\t\t\t\t\t\t\t<img fetchpriority=\"high\" decoding=\"async\" width=\"300\" height=\"295\" src=\"https:\/\/leboudoir-zen.com\/wp-content\/uploads\/2024\/05\/Screenshot_20260301_123638_Chrome-300x295.jpg\" class=\"attachment-medium size-medium wp-image-17841\" alt=\"\" srcset=\"https:\/\/leboudoir-zen.com\/wp-content\/uploads\/2024\/05\/Screenshot_20260301_123638_Chrome-300x295.jpg 300w, https:\/\/leboudoir-zen.com\/wp-content\/uploads\/2024\/05\/Screenshot_20260301_123638_Chrome.jpg 436w\" sizes=\"(max-width: 300px) 100vw, 300px\" \/>\t\t\t\t\t\t\t\t\t\t\t\t\t\t\t<\/div>\n\t\t\t\t<\/div>\n\t\t\t\t\t<\/div>\n\t\t<\/div>\n\t\t\t\t<div class=\"elementor-column elementor-col-33 elementor-inner-column elementor-element elementor-element-3d20325 exad-glass-effect-no exad-sticky-section-no\" data-id=\"3d20325\" data-element_type=\"column\" data-e-type=\"column\">\n\t\t\t<div class=\"elementor-widget-wrap\">\n\t\t\t\t\t\t\t<\/div>\n\t\t<\/div>\n\t\t\t\t\t<\/div>\n\t\t<\/section>\n\t\t\t\t\t<\/div>\n\t\t<\/div>\n\t\t\t\t<div class=\"elementor-column elementor-col-33 elementor-top-column elementor-element elementor-element-97adecc exad-glass-effect-no exad-sticky-section-no\" data-id=\"97adecc\" data-element_type=\"column\" data-e-type=\"column\">\n\t\t\t<div class=\"elementor-widget-wrap\">\n\t\t\t\t\t\t\t<\/div>\n\t\t<\/div>\n\t\t\t\t\t<\/div>\n\t\t<\/section>\n\t\t\t\t<section class=\"elementor-section elementor-top-section elementor-element elementor-element-99d9f5f elementor-section-boxed elementor-section-height-default elementor-section-height-default exad-glass-effect-no wpr-particle-no wpr-jarallax-no wpr-parallax-no wpr-sticky-section-no wpr-equal-height-no exad-sticky-section-no\" data-id=\"99d9f5f\" data-element_type=\"section\" data-e-type=\"section\" data-settings=\"{&quot;background_background&quot;:&quot;classic&quot;,&quot;shape_divider_top&quot;:&quot;triangle&quot;,&quot;shape_divider_top_negative&quot;:&quot;yes&quot;}\">\n\t\t\t\t\t<div class=\"elementor-shape elementor-shape-top\" aria-hidden=\"true\" data-negative=\"true\">\n\t\t\t<svg xmlns=\"http:\/\/www.w3.org\/2000\/svg\" viewBox=\"0 0 1000 100\" preserveAspectRatio=\"none\">\n\t<path class=\"elementor-shape-fill\" d=\"M500.2,94.7L0,0v100h1000V0L500.2,94.7z\"\/>\n<\/svg>\t\t<\/div>\n\t\t\t\t\t<div class=\"elementor-container elementor-column-gap-default\">\n\t\t\t\t\t<div class=\"elementor-column elementor-col-100 elementor-top-column elementor-element elementor-element-2f281a0 exad-glass-effect-no exad-sticky-section-no\" data-id=\"2f281a0\" data-element_type=\"column\" data-e-type=\"column\">\n\t\t\t<div class=\"elementor-widget-wrap elementor-element-populated\">\n\t\t\t\t\t\t<div class=\"elementor-element elementor-element-e12f44a exad-sticky-section-no exad-glass-effect-no elementor-widget elementor-widget-image\" data-id=\"e12f44a\" data-element_type=\"widget\" data-e-type=\"widget\" data-widget_type=\"image.default\">\n\t\t\t\t<div class=\"elementor-widget-container\">\n\t\t\t\t\t\t\t\t\t\t\t\t\t\t\t<img decoding=\"async\" width=\"300\" height=\"32\" src=\"https:\/\/leboudoir-zen.com\/wp-content\/uploads\/2022\/03\/a____Pngtreea____gold-dividing-line_6070956-300x32.png\" class=\"attachment-medium size-medium wp-image-33\" alt=\"\" srcset=\"https:\/\/leboudoir-zen.com\/wp-content\/uploads\/2022\/03\/a____Pngtreea____gold-dividing-line_6070956-300x32.png 300w, https:\/\/leboudoir-zen.com\/wp-content\/uploads\/2022\/03\/a____Pngtreea____gold-dividing-line_6070956-1024x109.png 1024w, https:\/\/leboudoir-zen.com\/wp-content\/uploads\/2022\/03\/a____Pngtreea____gold-dividing-line_6070956-768x82.png 768w, https:\/\/leboudoir-zen.com\/wp-content\/uploads\/2022\/03\/a____Pngtreea____gold-dividing-line_6070956.png 1200w\" sizes=\"(max-width: 300px) 100vw, 300px\" \/>\t\t\t\t\t\t\t\t\t\t\t\t\t\t\t<\/div>\n\t\t\t\t<\/div>\n\t\t\t\t<div class=\"elementor-element elementor-element-119dff5 exad-sticky-section-no exad-glass-effect-no elementor-widget elementor-widget-heading\" data-id=\"119dff5\" data-element_type=\"widget\" data-e-type=\"widget\" data-widget_type=\"heading.default\">\n\t\t\t\t<div class=\"elementor-widget-container\">\n\t\t\t\t\t<p class=\"elementor-heading-title elementor-size-default\">Dur\u00e9e : 25 mn\n<\/p>\t\t\t\t<\/div>\n\t\t\t\t<\/div>\n\t\t\t\t\t<\/div>\n\t\t<\/div>\n\t\t\t\t\t<\/div>\n\t\t<\/section>\n\t\t\t\t<\/div>\n\t\t","protected":false},"excerpt":{"rendered":"<p>Massage Shiatsu \u00abAmma assis\u00bb L\u2019origine du shiatsu assis est une variante du Shiatsu Japonais, d\u00e9velopp\u00e9 en occident par David Palmer (USA) dans les ann\u00e9es 1980. Assis dans une position confortable sur une chaise ergonomique, le praticien va masser la partie haute de votre corps, vous vous sentez d\u00e9tendu en quelques minutes. Le Amma assis contribue \u00e0 identifier vos zones de tensions, en les corrigeant par des pressions palmaires ou digitales et des \u00e9tirements, dans le but de r\u00e9tablir harmonieusement la distribution de l&#8217;\u00e9nergie dans votre corps. C&#8217;est une technique qui a pour but de stimuler des zones et points pr\u00e9cis, plus de 150 points d&#8217;acupuncture situ\u00e9s le long des m\u00e9ridiens, des muscles et des articulations. C&#8217;est un moment privil\u00e9gi\u00e9 qui permet d&#8217;atteindre un \u00e9tat profond de relaxation et de bien\u00eatre quasi-instantan\u00e9, visant \u00e0 vous reconnecter \u00e0 votre corps, vous redonner du tonus d&#8217;accro\u00eetre diff\u00e9remment votre productivit\u00e9, am\u00e9liorer la concentration et l&#8217;oxyg\u00e9nation du corps. Le Amma assis se propose en Entreprises &amp; \u00e9v\u00e9nementiels. Dur\u00e9e : 25 mn<\/p>\n","protected":false},"author":1,"featured_media":0,"parent":0,"menu_order":0,"comment_status":"closed","ping_status":"closed","template":"","meta":{"site-sidebar-layout":"no-sidebar","site-content-layout":"page-builder","ast-site-content-layout":"full-width-container","site-content-style":"unboxed","site-sidebar-style":"unboxed","ast-global-header-display":"","ast-banner-title-visibility":"","ast-main-header-display":"","ast-hfb-above-header-display":"","ast-hfb-below-header-display":"","ast-hfb-mobile-header-display":"","site-post-title":"disabled","ast-breadcrumbs-content":"","ast-featured-img":"disabled","footer-sml-layout":"","ast-disable-related-posts":"","theme-transparent-header-meta":"","adv-header-id-meta":"","stick-header-meta":"","header-above-stick-meta":"","header-main-stick-meta":"","header-below-stick-meta":"","astra-migrate-meta-layouts":"set","ast-page-background-enabled":"default","ast-page-background-meta":{"desktop":{"background-color":"var(--ast-global-color-4)","background-image":"","background-repeat":"repeat","background-position":"center center","background-size":"auto","background-attachment":"scroll","background-type":"","background-media":"","overlay-type":"","overlay-color":"","overlay-opacity":"","overlay-gradient":""},"tablet":{"background-color":"","background-image":"","background-repeat":"repeat","background-position":"center center","background-size":"auto","background-attachment":"scroll","background-type":"","background-media":"","overlay-type":"","overlay-color":"","overlay-opacity":"","overlay-gradient":""},"mobile":{"background-color":"","background-image":"","background-repeat":"repeat","background-position":"center center","background-size":"auto","background-attachment":"scroll","background-type":"","background-media":"","overlay-type":"","overlay-color":"","overlay-opacity":"","overlay-gradient":""}},"ast-content-background-meta":{"desktop":{"background-color":"var(--ast-global-color-5)","background-image":"","background-repeat":"repeat","background-position":"center center","background-size":"auto","background-attachment":"scroll","background-type":"","background-media":"","overlay-type":"","overlay-color":"","overlay-opacity":"","overlay-gradient":""},"tablet":{"background-color":"var(--ast-global-color-5)","background-image":"","background-repeat":"repeat","background-position":"center center","background-size":"auto","background-attachment":"scroll","background-type":"","background-media":"","overlay-type":"","overlay-color":"","overlay-opacity":"","overlay-gradient":""},"mobile":{"background-color":"var(--ast-global-color-5)","background-image":"","background-repeat":"repeat","background-position":"center center","background-size":"auto","background-attachment":"scroll","background-type":"","background-media":"","overlay-type":"","overlay-color":"","overlay-opacity":"","overlay-gradient":""}},"footnotes":""},"class_list":["post-7178","page","type-page","status-publish","hentry"],"yoast_head":"<!-- This site is optimized with the Yoast SEO plugin v27.4 - https:\/\/yoast.com\/product\/yoast-seo-wordpress\/ -->\n<title>Massage \u00ab Amma assis \u00bb -<\/title>\n<meta name=\"description\" content=\"Relaxation &amp; bien-\u00eatre Holistique, Massages Intuitif, Ayurv\u00e9dique, Balinais, R\u00e9flexologie plantaire, Liftant Japonais, Shiatsu Amma assis...\" \/>\n<meta name=\"robots\" content=\"index, follow, max-snippet:-1, max-image-preview:large, max-video-preview:-1\" \/>\n<link rel=\"canonical\" href=\"https:\/\/leboudoir-zen.com\/index.php\/massage-amma-assis-shiatsu-sur-chaise\/\" \/>\n<meta property=\"og:locale\" content=\"fr_FR\" \/>\n<meta property=\"og:type\" content=\"article\" \/>\n<meta property=\"og:title\" content=\"Massage \u00ab Amma assis \u00bb -\" \/>\n<meta property=\"og:description\" content=\"Relaxation &amp; bien-\u00eatre Holistique, Massages Intuitif, Ayurv\u00e9dique, Balinais, R\u00e9flexologie plantaire, Liftant Japonais, Shiatsu Amma assis...\" \/>\n<meta property=\"og:url\" content=\"https:\/\/leboudoir-zen.com\/index.php\/massage-amma-assis-shiatsu-sur-chaise\/\" \/>\n<meta property=\"article:modified_time\" content=\"2026-03-04T18:29:27+00:00\" \/>\n<meta property=\"og:image\" content=\"https:\/\/leboudoir-zen.com\/wp-content\/uploads\/2022\/03\/cropped-cropped-cropped-logo-1-1-1.png\" \/>\n\t<meta property=\"og:image:width\" content=\"512\" \/>\n\t<meta property=\"og:image:height\" content=\"512\" \/>\n\t<meta property=\"og:image:type\" content=\"image\/png\" \/>\n<meta name=\"twitter:card\" content=\"summary_large_image\" \/>\n<meta name=\"twitter:label1\" content=\"Dur\u00e9e de lecture estim\u00e9e\" \/>\n\t<meta name=\"twitter:data1\" content=\"2 minutes\" \/>\n<script type=\"application\/ld+json\" class=\"yoast-schema-graph\">{\"@context\":\"https:\\\/\\\/schema.org\",\"@graph\":[{\"@type\":\"WebPage\",\"@id\":\"https:\\\/\\\/leboudoir-zen.com\\\/index.php\\\/massage-amma-assis-shiatsu-sur-chaise\\\/\",\"url\":\"https:\\\/\\\/leboudoir-zen.com\\\/index.php\\\/massage-amma-assis-shiatsu-sur-chaise\\\/\",\"name\":\"Massage \u00ab Amma assis \u00bb -\",\"isPartOf\":{\"@id\":\"https:\\\/\\\/leboudoir-zen.com\\\/#website\"},\"primaryImageOfPage\":{\"@id\":\"https:\\\/\\\/leboudoir-zen.com\\\/index.php\\\/massage-amma-assis-shiatsu-sur-chaise\\\/#primaryimage\"},\"image\":{\"@id\":\"https:\\\/\\\/leboudoir-zen.com\\\/index.php\\\/massage-amma-assis-shiatsu-sur-chaise\\\/#primaryimage\"},\"thumbnailUrl\":\"http:\\\/\\\/leboudoir-zen.com\\\/wp-content\\\/uploads\\\/2022\\\/03\\\/cropped-cropped-cropped-logo-1-1-1-150x150.png\",\"datePublished\":\"2022-03-22T10:53:25+00:00\",\"dateModified\":\"2026-03-04T18:29:27+00:00\",\"description\":\"Relaxation & bien-\u00eatre Holistique, Massages Intuitif, Ayurv\u00e9dique, Balinais, R\u00e9flexologie plantaire, Liftant Japonais, Shiatsu Amma assis...\",\"breadcrumb\":{\"@id\":\"https:\\\/\\\/leboudoir-zen.com\\\/index.php\\\/massage-amma-assis-shiatsu-sur-chaise\\\/#breadcrumb\"},\"inLanguage\":\"fr-FR\",\"potentialAction\":[{\"@type\":\"ReadAction\",\"target\":[\"https:\\\/\\\/leboudoir-zen.com\\\/index.php\\\/massage-amma-assis-shiatsu-sur-chaise\\\/\"]}]},{\"@type\":\"ImageObject\",\"inLanguage\":\"fr-FR\",\"@id\":\"https:\\\/\\\/leboudoir-zen.com\\\/index.php\\\/massage-amma-assis-shiatsu-sur-chaise\\\/#primaryimage\",\"url\":\"https:\\\/\\\/leboudoir-zen.com\\\/wp-content\\\/uploads\\\/2022\\\/03\\\/cropped-cropped-cropped-logo-1-1-1.png\",\"contentUrl\":\"https:\\\/\\\/leboudoir-zen.com\\\/wp-content\\\/uploads\\\/2022\\\/03\\\/cropped-cropped-cropped-logo-1-1-1.png\",\"width\":512,\"height\":512},{\"@type\":\"BreadcrumbList\",\"@id\":\"https:\\\/\\\/leboudoir-zen.com\\\/index.php\\\/massage-amma-assis-shiatsu-sur-chaise\\\/#breadcrumb\",\"itemListElement\":[{\"@type\":\"ListItem\",\"position\":1,\"name\":\"Accueil\",\"item\":\"https:\\\/\\\/leboudoir-zen.com\\\/\"},{\"@type\":\"ListItem\",\"position\":2,\"name\":\"Massage \u00ab Amma assis \u00bb\"}]},{\"@type\":\"WebSite\",\"@id\":\"https:\\\/\\\/leboudoir-zen.com\\\/#website\",\"url\":\"https:\\\/\\\/leboudoir-zen.com\\\/\",\"name\":\"\",\"description\":\"\",\"potentialAction\":[{\"@type\":\"SearchAction\",\"target\":{\"@type\":\"EntryPoint\",\"urlTemplate\":\"https:\\\/\\\/leboudoir-zen.com\\\/?s={search_term_string}\"},\"query-input\":{\"@type\":\"PropertyValueSpecification\",\"valueRequired\":true,\"valueName\":\"search_term_string\"}}],\"inLanguage\":\"fr-FR\"}]}<\/script>\n<!-- \/ Yoast SEO plugin. -->","yoast_head_json":{"title":"Massage \u00ab Amma assis \u00bb -","description":"Relaxation & bien-\u00eatre Holistique, Massages Intuitif, Ayurv\u00e9dique, Balinais, R\u00e9flexologie plantaire, Liftant Japonais, Shiatsu Amma assis...","robots":{"index":"index","follow":"follow","max-snippet":"max-snippet:-1","max-image-preview":"max-image-preview:large","max-video-preview":"max-video-preview:-1"},"canonical":"https:\/\/leboudoir-zen.com\/index.php\/massage-amma-assis-shiatsu-sur-chaise\/","og_locale":"fr_FR","og_type":"article","og_title":"Massage \u00ab Amma assis \u00bb -","og_description":"Relaxation & bien-\u00eatre Holistique, Massages Intuitif, Ayurv\u00e9dique, Balinais, R\u00e9flexologie plantaire, Liftant Japonais, Shiatsu Amma assis...","og_url":"https:\/\/leboudoir-zen.com\/index.php\/massage-amma-assis-shiatsu-sur-chaise\/","article_modified_time":"2026-03-04T18:29:27+00:00","og_image":[{"width":512,"height":512,"url":"https:\/\/leboudoir-zen.com\/wp-content\/uploads\/2022\/03\/cropped-cropped-cropped-logo-1-1-1.png","type":"image\/png"}],"twitter_card":"summary_large_image","twitter_misc":{"Dur\u00e9e de lecture estim\u00e9e":"2 minutes"},"schema":{"@context":"https:\/\/schema.org","@graph":[{"@type":"WebPage","@id":"https:\/\/leboudoir-zen.com\/index.php\/massage-amma-assis-shiatsu-sur-chaise\/","url":"https:\/\/leboudoir-zen.com\/index.php\/massage-amma-assis-shiatsu-sur-chaise\/","name":"Massage \u00ab Amma assis \u00bb -","isPartOf":{"@id":"https:\/\/leboudoir-zen.com\/#website"},"primaryImageOfPage":{"@id":"https:\/\/leboudoir-zen.com\/index.php\/massage-amma-assis-shiatsu-sur-chaise\/#primaryimage"},"image":{"@id":"https:\/\/leboudoir-zen.com\/index.php\/massage-amma-assis-shiatsu-sur-chaise\/#primaryimage"},"thumbnailUrl":"http:\/\/leboudoir-zen.com\/wp-content\/uploads\/2022\/03\/cropped-cropped-cropped-logo-1-1-1-150x150.png","datePublished":"2022-03-22T10:53:25+00:00","dateModified":"2026-03-04T18:29:27+00:00","description":"Relaxation & bien-\u00eatre Holistique, Massages Intuitif, Ayurv\u00e9dique, Balinais, R\u00e9flexologie plantaire, Liftant Japonais, Shiatsu Amma assis...","breadcrumb":{"@id":"https:\/\/leboudoir-zen.com\/index.php\/massage-amma-assis-shiatsu-sur-chaise\/#breadcrumb"},"inLanguage":"fr-FR","potentialAction":[{"@type":"ReadAction","target":["https:\/\/leboudoir-zen.com\/index.php\/massage-amma-assis-shiatsu-sur-chaise\/"]}]},{"@type":"ImageObject","inLanguage":"fr-FR","@id":"https:\/\/leboudoir-zen.com\/index.php\/massage-amma-assis-shiatsu-sur-chaise\/#primaryimage","url":"https:\/\/leboudoir-zen.com\/wp-content\/uploads\/2022\/03\/cropped-cropped-cropped-logo-1-1-1.png","contentUrl":"https:\/\/leboudoir-zen.com\/wp-content\/uploads\/2022\/03\/cropped-cropped-cropped-logo-1-1-1.png","width":512,"height":512},{"@type":"BreadcrumbList","@id":"https:\/\/leboudoir-zen.com\/index.php\/massage-amma-assis-shiatsu-sur-chaise\/#breadcrumb","itemListElement":[{"@type":"ListItem","position":1,"name":"Accueil","item":"https:\/\/leboudoir-zen.com\/"},{"@type":"ListItem","position":2,"name":"Massage \u00ab Amma assis \u00bb"}]},{"@type":"WebSite","@id":"https:\/\/leboudoir-zen.com\/#website","url":"https:\/\/leboudoir-zen.com\/","name":"","description":"","potentialAction":[{"@type":"SearchAction","target":{"@type":"EntryPoint","urlTemplate":"https:\/\/leboudoir-zen.com\/?s={search_term_string}"},"query-input":{"@type":"PropertyValueSpecification","valueRequired":true,"valueName":"search_term_string"}}],"inLanguage":"fr-FR"}]}},"featured_image_src":null,"featured_image_src_square":null,"_links":{"self":[{"href":"https:\/\/leboudoir-zen.com\/index.php\/wp-json\/wp\/v2\/pages\/7178","targetHints":{"allow":["GET"]}}],"collection":[{"href":"https:\/\/leboudoir-zen.com\/index.php\/wp-json\/wp\/v2\/pages"}],"about":[{"href":"https:\/\/leboudoir-zen.com\/index.php\/wp-json\/wp\/v2\/types\/page"}],"author":[{"embeddable":true,"href":"https:\/\/leboudoir-zen.com\/index.php\/wp-json\/wp\/v2\/users\/1"}],"replies":[{"embeddable":true,"href":"https:\/\/leboudoir-zen.com\/index.php\/wp-json\/wp\/v2\/comments?post=7178"}],"version-history":[{"count":44,"href":"https:\/\/leboudoir-zen.com\/index.php\/wp-json\/wp\/v2\/pages\/7178\/revisions"}],"predecessor-version":[{"id":17863,"href":"https:\/\/leboudoir-zen.com\/index.php\/wp-json\/wp\/v2\/pages\/7178\/revisions\/17863"}],"wp:attachment":[{"href":"https:\/\/leboudoir-zen.com\/index.php\/wp-json\/wp\/v2\/media?parent=7178"}],"curies":[{"name":"wp","href":"https:\/\/api.w.org\/{rel}","templated":true}]}}