{"id":7124,"date":"2022-03-22T09:11:25","date_gmt":"2022-03-22T09:11:25","guid":{"rendered":"https:\/\/leboudoir-zen.com\/?page_id=7124"},"modified":"2025-07-24T17:10:35","modified_gmt":"2025-07-24T17:10:35","slug":"massage-du-dos-chiclana-cadix","status":"publish","type":"page","link":"https:\/\/leboudoir-zen.com\/index.php\/massage-du-dos-chiclana-cadix\/","title":{"rendered":"Massage du Dos"},"content":{"rendered":"\t\t<div data-elementor-type=\"wp-page\" data-elementor-id=\"7124\" class=\"elementor elementor-7124\">\n\t\t\t\t\t\t<section class=\"elementor-section elementor-top-section elementor-element elementor-element-39825c7 elementor-section-boxed elementor-section-height-default elementor-section-height-default exad-glass-effect-no wpr-particle-no wpr-jarallax-no wpr-parallax-no wpr-sticky-section-no wpr-equal-height-no exad-sticky-section-no\" data-id=\"39825c7\" data-element_type=\"section\" data-e-type=\"section\" data-settings=\"{&quot;background_background&quot;:&quot;classic&quot;}\">\n\t\t\t\t\t\t<div class=\"elementor-container elementor-column-gap-default\">\n\t\t\t\t\t<div class=\"elementor-column elementor-col-100 elementor-top-column elementor-element elementor-element-17249a9 exad-glass-effect-no exad-sticky-section-no\" data-id=\"17249a9\" data-element_type=\"column\" data-e-type=\"column\">\n\t\t\t<div class=\"elementor-widget-wrap\">\n\t\t\t\t\t\t\t<\/div>\n\t\t<\/div>\n\t\t\t\t\t<\/div>\n\t\t<\/section>\n\t\t\t\t<section class=\"elementor-section elementor-top-section elementor-element elementor-element-16e8950 elementor-section-boxed elementor-section-height-default elementor-section-height-default exad-glass-effect-no wpr-particle-no wpr-jarallax-no wpr-parallax-no wpr-sticky-section-no wpr-equal-height-no exad-sticky-section-no\" data-id=\"16e8950\" data-element_type=\"section\" data-e-type=\"section\" data-settings=\"{&quot;background_background&quot;:&quot;classic&quot;}\">\n\t\t\t\t\t\t\t<div class=\"elementor-background-overlay\"><\/div>\n\t\t\t\t\t\t\t<div class=\"elementor-container elementor-column-gap-default\">\n\t\t\t\t\t<div class=\"elementor-column elementor-col-100 elementor-top-column elementor-element elementor-element-3dce883 exad-glass-effect-no exad-sticky-section-no\" data-id=\"3dce883\" data-element_type=\"column\" data-e-type=\"column\">\n\t\t\t<div class=\"elementor-widget-wrap elementor-element-populated\">\n\t\t\t\t\t\t<div class=\"elementor-element elementor-element-3bce802 exad-sticky-section-no exad-glass-effect-no elementor-widget elementor-widget-heading\" data-id=\"3bce802\" data-element_type=\"widget\" data-e-type=\"widget\" data-widget_type=\"heading.default\">\n\t\t\t\t<div class=\"elementor-widget-container\">\n\t\t\t\t\t<h2 class=\"elementor-heading-title elementor-size-default\">Massage du Dos<\/h2>\t\t\t\t<\/div>\n\t\t\t\t<\/div>\n\t\t\t\t\t<\/div>\n\t\t<\/div>\n\t\t\t\t\t<\/div>\n\t\t<\/section>\n\t\t\t\t<section class=\"elementor-section elementor-top-section elementor-element elementor-element-b032b94 elementor-section-boxed elementor-section-height-default elementor-section-height-default exad-glass-effect-no wpr-particle-no wpr-jarallax-no wpr-parallax-no wpr-sticky-section-no wpr-equal-height-no exad-sticky-section-no\" data-id=\"b032b94\" data-element_type=\"section\" data-e-type=\"section\" data-settings=\"{&quot;background_background&quot;:&quot;classic&quot;,&quot;shape_divider_bottom&quot;:&quot;triangle&quot;}\">\n\t\t\t\t\t<div class=\"elementor-shape elementor-shape-bottom\" aria-hidden=\"true\" data-negative=\"false\">\n\t\t\t<svg xmlns=\"http:\/\/www.w3.org\/2000\/svg\" viewBox=\"0 0 1000 100\" preserveAspectRatio=\"none\">\n\t<path class=\"elementor-shape-fill\" d=\"M500,98.9L0,6.1V0h1000v6.1L500,98.9z\"\/>\n<\/svg>\t\t<\/div>\n\t\t\t\t\t<div class=\"elementor-container elementor-column-gap-default\">\n\t\t\t\t\t<div class=\"elementor-column elementor-col-33 elementor-top-column elementor-element elementor-element-2fcffee exad-glass-effect-no exad-sticky-section-no\" data-id=\"2fcffee\" data-element_type=\"column\" data-e-type=\"column\">\n\t\t\t<div class=\"elementor-widget-wrap elementor-element-populated\">\n\t\t\t\t\t\t<section class=\"elementor-section elementor-inner-section elementor-element elementor-element-7d2e8bc elementor-section-boxed elementor-section-height-default elementor-section-height-default exad-glass-effect-no wpr-particle-no wpr-jarallax-no wpr-parallax-no wpr-sticky-section-no wpr-equal-height-no exad-sticky-section-no\" data-id=\"7d2e8bc\" data-element_type=\"section\" data-e-type=\"section\">\n\t\t\t\t\t\t<div class=\"elementor-container elementor-column-gap-default\">\n\t\t\t\t\t<div class=\"elementor-column elementor-col-100 elementor-inner-column elementor-element elementor-element-a2dd4be exad-glass-effect-no exad-sticky-section-no\" data-id=\"a2dd4be\" data-element_type=\"column\" data-e-type=\"column\">\n\t\t\t<div class=\"elementor-widget-wrap\">\n\t\t\t\t\t\t\t<\/div>\n\t\t<\/div>\n\t\t\t\t\t<\/div>\n\t\t<\/section>\n\t\t\t\t\t<\/div>\n\t\t<\/div>\n\t\t\t\t<div class=\"elementor-column elementor-col-33 elementor-top-column elementor-element elementor-element-14462f9 exad-glass-effect-no exad-sticky-section-no\" data-id=\"14462f9\" data-element_type=\"column\" data-e-type=\"column\">\n\t\t\t<div class=\"elementor-widget-wrap elementor-element-populated\">\n\t\t\t\t\t\t<div class=\"elementor-element elementor-element-c303e2e exad-sticky-section-no exad-glass-effect-no elementor-widget elementor-widget-image\" data-id=\"c303e2e\" data-element_type=\"widget\" data-e-type=\"widget\" data-widget_type=\"image.default\">\n\t\t\t\t<div class=\"elementor-widget-container\">\n\t\t\t\t\t\t\t\t\t\t\t\t\t\t\t<img decoding=\"async\" width=\"150\" height=\"150\" src=\"https:\/\/leboudoir-zen.com\/wp-content\/uploads\/2022\/03\/cropped-cropped-cropped-logo-1-1-1-150x150.png\" class=\"attachment-thumbnail size-thumbnail wp-image-17\" alt=\"\" srcset=\"https:\/\/leboudoir-zen.com\/wp-content\/uploads\/2022\/03\/cropped-cropped-cropped-logo-1-1-1-150x150.png 150w, https:\/\/leboudoir-zen.com\/wp-content\/uploads\/2022\/03\/cropped-cropped-cropped-logo-1-1-1-300x300.png 300w, https:\/\/leboudoir-zen.com\/wp-content\/uploads\/2022\/03\/cropped-cropped-cropped-logo-1-1-1.png 512w\" sizes=\"(max-width: 150px) 100vw, 150px\" \/>\t\t\t\t\t\t\t\t\t\t\t\t\t\t\t<\/div>\n\t\t\t\t<\/div>\n\t\t\t\t<div class=\"elementor-element elementor-element-9c48bc9 exad-sticky-section-no exad-glass-effect-no elementor-widget elementor-widget-heading\" data-id=\"9c48bc9\" data-element_type=\"widget\" data-e-type=\"widget\" data-widget_type=\"heading.default\">\n\t\t\t\t<div class=\"elementor-widget-container\">\n\t\t\t\t\t<p class=\"elementor-heading-title elementor-size-default\">Massage complet du dos qui va d\u00e9nouer les tensions de la nuque, omoplates, trap\u00e8zes\njusqu'au bas du dos.<br><br>\nCe massage comprendra ainsi tout un panel de techniques de massage du monde.<br><br>\n<\/p>\t\t\t\t<\/div>\n\t\t\t\t<\/div>\n\t\t\t\t\t<\/div>\n\t\t<\/div>\n\t\t\t\t<div class=\"elementor-column elementor-col-33 elementor-top-column elementor-element elementor-element-4fbe5e2 exad-glass-effect-no exad-sticky-section-no\" data-id=\"4fbe5e2\" data-element_type=\"column\" data-e-type=\"column\">\n\t\t\t<div class=\"elementor-widget-wrap\">\n\t\t\t\t\t\t\t<\/div>\n\t\t<\/div>\n\t\t\t\t\t<\/div>\n\t\t<\/section>\n\t\t\t\t<section class=\"elementor-section elementor-top-section elementor-element elementor-element-48c5ef4 elementor-section-boxed elementor-section-height-default elementor-section-height-default exad-glass-effect-no wpr-particle-no wpr-jarallax-no wpr-parallax-no wpr-sticky-section-no wpr-equal-height-no exad-sticky-section-no\" data-id=\"48c5ef4\" data-element_type=\"section\" data-e-type=\"section\">\n\t\t\t\t\t\t<div class=\"elementor-container elementor-column-gap-default\">\n\t\t\t\t\t<div class=\"elementor-column elementor-col-100 elementor-top-column elementor-element elementor-element-19a1bde exad-glass-effect-no exad-sticky-section-no\" data-id=\"19a1bde\" data-element_type=\"column\" data-e-type=\"column\">\n\t\t\t<div class=\"elementor-widget-wrap elementor-element-populated\">\n\t\t\t\t\t\t<div class=\"elementor-element elementor-element-aa5fabf elementor-widget__width-initial exad-sticky-section-no exad-glass-effect-no elementor-widget elementor-widget-heading\" data-id=\"aa5fabf\" data-element_type=\"widget\" data-e-type=\"widget\" data-widget_type=\"heading.default\">\n\t\t\t\t<div class=\"elementor-widget-container\">\n\t\t\t\t\t<p class=\"elementor-heading-title elementor-size-default\">Se pratique sur table, avec matelas chauffant si n\u00e9cessaire.\nChaque s\u00e9ance commence par des mouvements favorisant la respiration et le l\u00e2cher-prise.<br><br>\nElle se termine par une reprise de conscience du corps\n<\/p>\t\t\t\t<\/div>\n\t\t\t\t<\/div>\n\t\t\t\t\t<\/div>\n\t\t<\/div>\n\t\t\t\t\t<\/div>\n\t\t<\/section>\n\t\t\t\t<section class=\"elementor-section elementor-top-section elementor-element elementor-element-439a819 elementor-section-boxed elementor-section-height-default elementor-section-height-default exad-glass-effect-no wpr-particle-no wpr-jarallax-no wpr-parallax-no wpr-sticky-section-no wpr-equal-height-no exad-sticky-section-no\" data-id=\"439a819\" data-element_type=\"section\" data-e-type=\"section\" data-settings=\"{&quot;background_background&quot;:&quot;classic&quot;,&quot;shape_divider_top&quot;:&quot;triangle&quot;,&quot;shape_divider_top_negative&quot;:&quot;yes&quot;}\">\n\t\t\t\t\t<div class=\"elementor-shape elementor-shape-top\" aria-hidden=\"true\" data-negative=\"true\">\n\t\t\t<svg xmlns=\"http:\/\/www.w3.org\/2000\/svg\" viewBox=\"0 0 1000 100\" preserveAspectRatio=\"none\">\n\t<path class=\"elementor-shape-fill\" d=\"M500.2,94.7L0,0v100h1000V0L500.2,94.7z\"\/>\n<\/svg>\t\t<\/div>\n\t\t\t\t\t<div class=\"elementor-container elementor-column-gap-default\">\n\t\t\t\t\t<div class=\"elementor-column elementor-col-100 elementor-top-column elementor-element elementor-element-01066ac exad-glass-effect-no exad-sticky-section-no\" data-id=\"01066ac\" data-element_type=\"column\" data-e-type=\"column\">\n\t\t\t<div class=\"elementor-widget-wrap elementor-element-populated\">\n\t\t\t\t\t\t<div class=\"elementor-element elementor-element-1383f4a exad-sticky-section-no exad-glass-effect-no elementor-widget elementor-widget-image\" data-id=\"1383f4a\" data-element_type=\"widget\" data-e-type=\"widget\" data-widget_type=\"image.default\">\n\t\t\t\t<div class=\"elementor-widget-container\">\n\t\t\t\t\t\t\t\t\t\t\t\t\t\t\t<img decoding=\"async\" width=\"300\" height=\"32\" src=\"https:\/\/leboudoir-zen.com\/wp-content\/uploads\/2022\/03\/a____Pngtreea____gold-dividing-line_6070956-300x32.png\" class=\"attachment-medium size-medium wp-image-33\" alt=\"\" srcset=\"https:\/\/leboudoir-zen.com\/wp-content\/uploads\/2022\/03\/a____Pngtreea____gold-dividing-line_6070956-300x32.png 300w, https:\/\/leboudoir-zen.com\/wp-content\/uploads\/2022\/03\/a____Pngtreea____gold-dividing-line_6070956-1024x109.png 1024w, https:\/\/leboudoir-zen.com\/wp-content\/uploads\/2022\/03\/a____Pngtreea____gold-dividing-line_6070956-768x82.png 768w, https:\/\/leboudoir-zen.com\/wp-content\/uploads\/2022\/03\/a____Pngtreea____gold-dividing-line_6070956.png 1200w\" sizes=\"(max-width: 300px) 100vw, 300px\" \/>\t\t\t\t\t\t\t\t\t\t\t\t\t\t\t<\/div>\n\t\t\t\t<\/div>\n\t\t\t\t<div class=\"elementor-element elementor-element-c3a9916 exad-sticky-section-no exad-glass-effect-no elementor-widget elementor-widget-heading\" data-id=\"c3a9916\" data-element_type=\"widget\" data-e-type=\"widget\" data-widget_type=\"heading.default\">\n\t\t\t\t<div class=\"elementor-widget-container\">\n\t\t\t\t\t<p class=\"elementor-heading-title elementor-size-default\">Dur\u00e9e : 30 mn<\/p>\t\t\t\t<\/div>\n\t\t\t\t<\/div>\n\t\t\t\t\t<\/div>\n\t\t<\/div>\n\t\t\t\t\t<\/div>\n\t\t<\/section>\n\t\t\t\t<\/div>\n\t\t","protected":false},"excerpt":{"rendered":"<p>Massage du Dos Massage complet du dos qui va d\u00e9nouer les tensions de la nuque, omoplates, trap\u00e8zes jusqu&#8217;au bas du dos. Ce massage comprendra ainsi tout un panel de techniques de massage du monde. Se pratique sur table, avec matelas chauffant si n\u00e9cessaire. Chaque s\u00e9ance commence par des mouvements favorisant la respiration et le l\u00e2cher-prise. Elle se termine par une reprise de conscience du corps Dur\u00e9e : 30 mn<\/p>\n","protected":false},"author":1,"featured_media":0,"parent":0,"menu_order":0,"comment_status":"closed","ping_status":"closed","template":"","meta":{"site-sidebar-layout":"no-sidebar","site-content-layout":"page-builder","ast-site-content-layout":"full-width-container","site-content-style":"unboxed","site-sidebar-style":"unboxed","ast-global-header-display":"","ast-banner-title-visibility":"","ast-main-header-display":"","ast-hfb-above-header-display":"","ast-hfb-below-header-display":"","ast-hfb-mobile-header-display":"","site-post-title":"disabled","ast-breadcrumbs-content":"","ast-featured-img":"disabled","footer-sml-layout":"","ast-disable-related-posts":"","theme-transparent-header-meta":"","adv-header-id-meta":"","stick-header-meta":"","header-above-stick-meta":"","header-main-stick-meta":"","header-below-stick-meta":"","astra-migrate-meta-layouts":"set","ast-page-background-enabled":"default","ast-page-background-meta":{"desktop":{"background-color":"var(--ast-global-color-4)","background-image":"","background-repeat":"repeat","background-position":"center center","background-size":"auto","background-attachment":"scroll","background-type":"","background-media":"","overlay-type":"","overlay-color":"","overlay-opacity":"","overlay-gradient":""},"tablet":{"background-color":"","background-image":"","background-repeat":"repeat","background-position":"center center","background-size":"auto","background-attachment":"scroll","background-type":"","background-media":"","overlay-type":"","overlay-color":"","overlay-opacity":"","overlay-gradient":""},"mobile":{"background-color":"","background-image":"","background-repeat":"repeat","background-position":"center center","background-size":"auto","background-attachment":"scroll","background-type":"","background-media":"","overlay-type":"","overlay-color":"","overlay-opacity":"","overlay-gradient":""}},"ast-content-background-meta":{"desktop":{"background-color":"var(--ast-global-color-5)","background-image":"","background-repeat":"repeat","background-position":"center center","background-size":"auto","background-attachment":"scroll","background-type":"","background-media":"","overlay-type":"","overlay-color":"","overlay-opacity":"","overlay-gradient":""},"tablet":{"background-color":"var(--ast-global-color-5)","background-image":"","background-repeat":"repeat","background-position":"center center","background-size":"auto","background-attachment":"scroll","background-type":"","background-media":"","overlay-type":"","overlay-color":"","overlay-opacity":"","overlay-gradient":""},"mobile":{"background-color":"var(--ast-global-color-5)","background-image":"","background-repeat":"repeat","background-position":"center center","background-size":"auto","background-attachment":"scroll","background-type":"","background-media":"","overlay-type":"","overlay-color":"","overlay-opacity":"","overlay-gradient":""}},"footnotes":""},"class_list":["post-7124","page","type-page","status-publish","hentry"],"yoast_head":"<!-- This site is optimized with the Yoast SEO plugin v27.4 - https:\/\/yoast.com\/product\/yoast-seo-wordpress\/ -->\n<title>Massage du Dos -<\/title>\n<meta name=\"description\" content=\"Relaxation &amp; bien-\u00eatre Holistique, Massages Intuitif, Ayurv\u00e9dique, Balinais, R\u00e9flexologie plantaire, Liftant Japonais, Shiatsu Amma assis...\" \/>\n<meta name=\"robots\" content=\"index, follow, max-snippet:-1, max-image-preview:large, max-video-preview:-1\" \/>\n<link rel=\"canonical\" href=\"https:\/\/leboudoir-zen.com\/index.php\/massage-du-dos-chiclana-cadix\/\" \/>\n<meta property=\"og:locale\" content=\"fr_FR\" \/>\n<meta property=\"og:type\" content=\"article\" \/>\n<meta property=\"og:title\" content=\"Massage du Dos -\" \/>\n<meta property=\"og:description\" content=\"Relaxation &amp; bien-\u00eatre Holistique, Massages Intuitif, Ayurv\u00e9dique, Balinais, R\u00e9flexologie plantaire, Liftant Japonais, Shiatsu Amma assis...\" \/>\n<meta property=\"og:url\" content=\"https:\/\/leboudoir-zen.com\/index.php\/massage-du-dos-chiclana-cadix\/\" \/>\n<meta property=\"article:modified_time\" content=\"2025-07-24T17:10:35+00:00\" \/>\n<meta property=\"og:image\" content=\"http:\/\/leboudoir-zen.com\/wp-content\/uploads\/2022\/03\/cropped-cropped-cropped-logo-1-1-1-150x150.png\" \/>\n<meta name=\"twitter:card\" content=\"summary_large_image\" \/>\n<meta name=\"twitter:label1\" content=\"Dur\u00e9e de lecture estim\u00e9e\" \/>\n\t<meta name=\"twitter:data1\" content=\"1 minute\" \/>\n<script type=\"application\/ld+json\" class=\"yoast-schema-graph\">{\"@context\":\"https:\\\/\\\/schema.org\",\"@graph\":[{\"@type\":\"WebPage\",\"@id\":\"https:\\\/\\\/leboudoir-zen.com\\\/index.php\\\/massage-du-dos-chiclana-cadix\\\/\",\"url\":\"https:\\\/\\\/leboudoir-zen.com\\\/index.php\\\/massage-du-dos-chiclana-cadix\\\/\",\"name\":\"Massage du Dos -\",\"isPartOf\":{\"@id\":\"https:\\\/\\\/leboudoir-zen.com\\\/#website\"},\"primaryImageOfPage\":{\"@id\":\"https:\\\/\\\/leboudoir-zen.com\\\/index.php\\\/massage-du-dos-chiclana-cadix\\\/#primaryimage\"},\"image\":{\"@id\":\"https:\\\/\\\/leboudoir-zen.com\\\/index.php\\\/massage-du-dos-chiclana-cadix\\\/#primaryimage\"},\"thumbnailUrl\":\"http:\\\/\\\/leboudoir-zen.com\\\/wp-content\\\/uploads\\\/2022\\\/03\\\/cropped-cropped-cropped-logo-1-1-1-150x150.png\",\"datePublished\":\"2022-03-22T09:11:25+00:00\",\"dateModified\":\"2025-07-24T17:10:35+00:00\",\"description\":\"Relaxation & bien-\u00eatre Holistique, Massages Intuitif, Ayurv\u00e9dique, Balinais, R\u00e9flexologie plantaire, Liftant Japonais, Shiatsu Amma assis...\",\"breadcrumb\":{\"@id\":\"https:\\\/\\\/leboudoir-zen.com\\\/index.php\\\/massage-du-dos-chiclana-cadix\\\/#breadcrumb\"},\"inLanguage\":\"fr-FR\",\"potentialAction\":[{\"@type\":\"ReadAction\",\"target\":[\"https:\\\/\\\/leboudoir-zen.com\\\/index.php\\\/massage-du-dos-chiclana-cadix\\\/\"]}]},{\"@type\":\"ImageObject\",\"inLanguage\":\"fr-FR\",\"@id\":\"https:\\\/\\\/leboudoir-zen.com\\\/index.php\\\/massage-du-dos-chiclana-cadix\\\/#primaryimage\",\"url\":\"https:\\\/\\\/leboudoir-zen.com\\\/wp-content\\\/uploads\\\/2022\\\/03\\\/cropped-cropped-cropped-logo-1-1-1.png\",\"contentUrl\":\"https:\\\/\\\/leboudoir-zen.com\\\/wp-content\\\/uploads\\\/2022\\\/03\\\/cropped-cropped-cropped-logo-1-1-1.png\",\"width\":512,\"height\":512},{\"@type\":\"BreadcrumbList\",\"@id\":\"https:\\\/\\\/leboudoir-zen.com\\\/index.php\\\/massage-du-dos-chiclana-cadix\\\/#breadcrumb\",\"itemListElement\":[{\"@type\":\"ListItem\",\"position\":1,\"name\":\"Accueil\",\"item\":\"https:\\\/\\\/leboudoir-zen.com\\\/\"},{\"@type\":\"ListItem\",\"position\":2,\"name\":\"Massage du Dos\"}]},{\"@type\":\"WebSite\",\"@id\":\"https:\\\/\\\/leboudoir-zen.com\\\/#website\",\"url\":\"https:\\\/\\\/leboudoir-zen.com\\\/\",\"name\":\"\",\"description\":\"\",\"potentialAction\":[{\"@type\":\"SearchAction\",\"target\":{\"@type\":\"EntryPoint\",\"urlTemplate\":\"https:\\\/\\\/leboudoir-zen.com\\\/?s={search_term_string}\"},\"query-input\":{\"@type\":\"PropertyValueSpecification\",\"valueRequired\":true,\"valueName\":\"search_term_string\"}}],\"inLanguage\":\"fr-FR\"}]}<\/script>\n<!-- \/ Yoast SEO plugin. -->","yoast_head_json":{"title":"Massage du Dos -","description":"Relaxation & bien-\u00eatre Holistique, Massages Intuitif, Ayurv\u00e9dique, Balinais, R\u00e9flexologie plantaire, Liftant Japonais, Shiatsu Amma assis...","robots":{"index":"index","follow":"follow","max-snippet":"max-snippet:-1","max-image-preview":"max-image-preview:large","max-video-preview":"max-video-preview:-1"},"canonical":"https:\/\/leboudoir-zen.com\/index.php\/massage-du-dos-chiclana-cadix\/","og_locale":"fr_FR","og_type":"article","og_title":"Massage du Dos -","og_description":"Relaxation & bien-\u00eatre Holistique, Massages Intuitif, Ayurv\u00e9dique, Balinais, R\u00e9flexologie plantaire, Liftant Japonais, Shiatsu Amma assis...","og_url":"https:\/\/leboudoir-zen.com\/index.php\/massage-du-dos-chiclana-cadix\/","article_modified_time":"2025-07-24T17:10:35+00:00","og_image":[{"url":"http:\/\/leboudoir-zen.com\/wp-content\/uploads\/2022\/03\/cropped-cropped-cropped-logo-1-1-1-150x150.png","type":"","width":"","height":""}],"twitter_card":"summary_large_image","twitter_misc":{"Dur\u00e9e de lecture estim\u00e9e":"1 minute"},"schema":{"@context":"https:\/\/schema.org","@graph":[{"@type":"WebPage","@id":"https:\/\/leboudoir-zen.com\/index.php\/massage-du-dos-chiclana-cadix\/","url":"https:\/\/leboudoir-zen.com\/index.php\/massage-du-dos-chiclana-cadix\/","name":"Massage du Dos -","isPartOf":{"@id":"https:\/\/leboudoir-zen.com\/#website"},"primaryImageOfPage":{"@id":"https:\/\/leboudoir-zen.com\/index.php\/massage-du-dos-chiclana-cadix\/#primaryimage"},"image":{"@id":"https:\/\/leboudoir-zen.com\/index.php\/massage-du-dos-chiclana-cadix\/#primaryimage"},"thumbnailUrl":"http:\/\/leboudoir-zen.com\/wp-content\/uploads\/2022\/03\/cropped-cropped-cropped-logo-1-1-1-150x150.png","datePublished":"2022-03-22T09:11:25+00:00","dateModified":"2025-07-24T17:10:35+00:00","description":"Relaxation & bien-\u00eatre Holistique, Massages Intuitif, Ayurv\u00e9dique, Balinais, R\u00e9flexologie plantaire, Liftant Japonais, Shiatsu Amma assis...","breadcrumb":{"@id":"https:\/\/leboudoir-zen.com\/index.php\/massage-du-dos-chiclana-cadix\/#breadcrumb"},"inLanguage":"fr-FR","potentialAction":[{"@type":"ReadAction","target":["https:\/\/leboudoir-zen.com\/index.php\/massage-du-dos-chiclana-cadix\/"]}]},{"@type":"ImageObject","inLanguage":"fr-FR","@id":"https:\/\/leboudoir-zen.com\/index.php\/massage-du-dos-chiclana-cadix\/#primaryimage","url":"https:\/\/leboudoir-zen.com\/wp-content\/uploads\/2022\/03\/cropped-cropped-cropped-logo-1-1-1.png","contentUrl":"https:\/\/leboudoir-zen.com\/wp-content\/uploads\/2022\/03\/cropped-cropped-cropped-logo-1-1-1.png","width":512,"height":512},{"@type":"BreadcrumbList","@id":"https:\/\/leboudoir-zen.com\/index.php\/massage-du-dos-chiclana-cadix\/#breadcrumb","itemListElement":[{"@type":"ListItem","position":1,"name":"Accueil","item":"https:\/\/leboudoir-zen.com\/"},{"@type":"ListItem","position":2,"name":"Massage du Dos"}]},{"@type":"WebSite","@id":"https:\/\/leboudoir-zen.com\/#website","url":"https:\/\/leboudoir-zen.com\/","name":"","description":"","potentialAction":[{"@type":"SearchAction","target":{"@type":"EntryPoint","urlTemplate":"https:\/\/leboudoir-zen.com\/?s={search_term_string}"},"query-input":{"@type":"PropertyValueSpecification","valueRequired":true,"valueName":"search_term_string"}}],"inLanguage":"fr-FR"}]}},"featured_image_src":null,"featured_image_src_square":null,"_links":{"self":[{"href":"https:\/\/leboudoir-zen.com\/index.php\/wp-json\/wp\/v2\/pages\/7124","targetHints":{"allow":["GET"]}}],"collection":[{"href":"https:\/\/leboudoir-zen.com\/index.php\/wp-json\/wp\/v2\/pages"}],"about":[{"href":"https:\/\/leboudoir-zen.com\/index.php\/wp-json\/wp\/v2\/types\/page"}],"author":[{"embeddable":true,"href":"https:\/\/leboudoir-zen.com\/index.php\/wp-json\/wp\/v2\/users\/1"}],"replies":[{"embeddable":true,"href":"https:\/\/leboudoir-zen.com\/index.php\/wp-json\/wp\/v2\/comments?post=7124"}],"version-history":[{"count":38,"href":"https:\/\/leboudoir-zen.com\/index.php\/wp-json\/wp\/v2\/pages\/7124\/revisions"}],"predecessor-version":[{"id":17211,"href":"https:\/\/leboudoir-zen.com\/index.php\/wp-json\/wp\/v2\/pages\/7124\/revisions\/17211"}],"wp:attachment":[{"href":"https:\/\/leboudoir-zen.com\/index.php\/wp-json\/wp\/v2\/media?parent=7124"}],"curies":[{"name":"wp","href":"https:\/\/api.w.org\/{rel}","templated":true}]}}