{"id":13771,"date":"2024-04-22T13:43:05","date_gmt":"2024-04-22T13:43:05","guid":{"rendered":"https:\/\/leboudoir-zen.com\/?page_id=13771"},"modified":"2024-04-22T13:56:35","modified_gmt":"2024-04-22T13:56:35","slug":"sesion-en-linea","status":"publish","type":"page","link":"https:\/\/leboudoir-zen.com\/index.php\/es\/reserva-en-linea\/sesion-en-linea\/","title":{"rendered":"sesi\u00f3n en l\u00ednea"},"content":{"rendered":"\t\t<div data-elementor-type=\"wp-page\" data-elementor-id=\"13771\" class=\"elementor elementor-13771\">\n\t\t\t\t\t\t<section class=\"elementor-section elementor-top-section elementor-element elementor-element-cc18d09 elementor-section-boxed elementor-section-height-default elementor-section-height-default exad-glass-effect-no wpr-particle-no wpr-jarallax-no wpr-parallax-no wpr-sticky-section-no wpr-equal-height-no exad-sticky-section-no\" data-id=\"cc18d09\" data-element_type=\"section\" data-e-type=\"section\" data-settings=\"{&quot;background_background&quot;:&quot;classic&quot;}\">\n\t\t\t\t\t\t<div class=\"elementor-container elementor-column-gap-default\">\n\t\t\t\t\t<div class=\"elementor-column elementor-col-33 elementor-top-column elementor-element elementor-element-8cd8d79 exad-glass-effect-no exad-sticky-section-no\" data-id=\"8cd8d79\" data-element_type=\"column\" data-e-type=\"column\">\n\t\t\t<div class=\"elementor-widget-wrap\">\n\t\t\t\t\t\t\t<\/div>\n\t\t<\/div>\n\t\t\t\t<div class=\"elementor-column elementor-col-33 elementor-top-column elementor-element elementor-element-adc4edd exad-glass-effect-no exad-sticky-section-no\" data-id=\"adc4edd\" data-element_type=\"column\" data-e-type=\"column\">\n\t\t\t<div class=\"elementor-widget-wrap elementor-element-populated\">\n\t\t\t\t\t\t<div class=\"elementor-element elementor-element-82fcbf4 exad-sticky-section-no exad-glass-effect-no elementor-widget elementor-widget-heading\" data-id=\"82fcbf4\" data-element_type=\"widget\" data-e-type=\"widget\" data-widget_type=\"heading.default\">\n\t\t\t\t<div class=\"elementor-widget-container\">\n\t\t\t\t\t<p class=\"elementor-heading-title elementor-size-default\"><b>La activaci\u00f3n de la energ\u00eda vital \"InnerDance\" es un proceso de transformaci\u00f3n profunda <\/b><br><b>y de total entrega que conduce a estados de conciencia expandidos.<\/b><br><br>\nPara obtener m\u00e1s informaci\u00f3n sobre el proceso, consulte el men\u00fa:<br>\nActivaci\u00f3n de la energ\u00eda vital \"InnerDance\"<br>\no las \"Preguntas frecuentes\" que se formulan con frecuencia.\n<\/p>\t\t\t\t<\/div>\n\t\t\t\t<\/div>\n\t\t\t\t<div class=\"elementor-element elementor-element-9af235e exad-sticky-section-no exad-glass-effect-no elementor-widget elementor-widget-heading\" data-id=\"9af235e\" data-element_type=\"widget\" data-e-type=\"widget\" data-widget_type=\"heading.default\">\n\t\t\t\t<div class=\"elementor-widget-container\">\n\t\t\t\t\t<h2 class=\"elementor-heading-title elementor-size-default\">\nPreparaci\u00f3n para tu sesi\u00f3n en l\u00ednea:<\/h2>\t\t\t\t<\/div>\n\t\t\t\t<\/div>\n\t\t\t\t<div class=\"elementor-element elementor-element-3ce27b8 exad-sticky-section-no exad-glass-effect-no elementor-widget elementor-widget-heading\" data-id=\"3ce27b8\" data-element_type=\"widget\" data-e-type=\"widget\" data-widget_type=\"heading.default\">\n\t\t\t\t<div class=\"elementor-widget-container\">\n\t\t\t\t\t<p class=\"elementor-heading-title elementor-size-default\">- Es preferible consumir una comida muy ligera ese d\u00eda y dejar de comer al menos 3 horas antes de la sesi\u00f3n.<br>- No consumir alcohol ni sustancias m\u00e1s de 24 horas antes de la sesi\u00f3n y durante la semana siguiente.<br>- Aseg\u00farate de no ser interrumpido durante 2 horas y de estar en un lugar tranquilo y aislado.<br>- Ten una buena conexi\u00f3n a internet.<br>- Descarga la aplicaci\u00f3n Zoom y crea una cuenta antes de la sesi\u00f3n, en tu computadora port\u00e1til, tableta o tel\u00e9fono.<br>- Aseg\u00farate de tener un buen sistema de audio para una experiencia \u00f3ptima. Para obtener un sonido de calidad \u00f3ptima durante tu sesi\u00f3n, usa unos auriculares inal\u00e1mbricos conectados a la aplicaci\u00f3n Zoom o un altavoz Bluetooth (altavoz recomendado).<br>- Ten un tapete de yoga o una manta en el suelo para acostarte en una superficie plana.<br>- Viste ropa amplia y c\u00f3moda.<br><br>Estas recomendaciones te ayudar\u00e1n a tener la mejor experiencia posible durante una sesi\u00f3n de InnerDance en l\u00ednea.<br><br>Despu\u00e9s de reservar, recibir\u00e1s un enlace de conexi\u00f3n Zoom por correo electr\u00f3nico con todas las instrucciones para prepararte para la sesi\u00f3n de InnerDance. <b>Aseg\u00farate de revisar que este enlace no est\u00e9 en tu carpeta de correo no deseado (spam).<\/b><\/p>\t\t\t\t<\/div>\n\t\t\t\t<\/div>\n\t\t\t\t<div class=\"elementor-element elementor-element-6d324f2 exad-sticky-section-no exad-glass-effect-no elementor-widget elementor-widget-heading\" data-id=\"6d324f2\" data-element_type=\"widget\" data-e-type=\"widget\" data-widget_type=\"heading.default\">\n\t\t\t\t<div class=\"elementor-widget-container\">\n\t\t\t\t\t<h2 class=\"elementor-heading-title elementor-size-default\">\nEl funcionamiento de la sesi\u00f3n en l\u00ednea es el siguiente:\n<\/h2>\t\t\t\t<\/div>\n\t\t\t\t<\/div>\n\t\t\t\t<div class=\"elementor-element elementor-element-56ec661 exad-sticky-section-no exad-glass-effect-no elementor-widget elementor-widget-heading\" data-id=\"56ec661\" data-element_type=\"widget\" data-e-type=\"widget\" data-widget_type=\"heading.default\">\n\t\t\t\t<div class=\"elementor-widget-container\">\n\t\t\t\t\t<p class=\"elementor-heading-title elementor-size-default\">- Aseg\u00farate de tener tu tapete de yoga y tu c\u00e1mara web instalados al menos 5 minutos antes.<br>\n- Con\u00e9ctate a la videollamada Zoom a tiempo.<br>\n- Se dar\u00e1 la bienvenida y se realizar\u00e1 una breve introducci\u00f3n.<br>\n- Te acuestas, cierras los ojos, ponemos m\u00fasica y la sesi\u00f3n comienza durante 1 hora, en un espacio seguro y amoroso.<br>\n- Se reserva un tiempo para la integraci\u00f3n y se dan recomendaciones.<br>\n-Se realiza un c\u00edrculo de compartimiento.<br>\n- Se finaliza la sesi\u00f3n.<br><\/p>\t\t\t\t<\/div>\n\t\t\t\t<\/div>\n\t\t\t\t<div class=\"elementor-element elementor-element-64e6235 exad-sticky-section-no exad-glass-effect-no elementor-widget elementor-widget-heading\" data-id=\"64e6235\" data-element_type=\"widget\" data-e-type=\"widget\" data-widget_type=\"heading.default\">\n\t\t\t\t<div class=\"elementor-widget-container\">\n\t\t\t\t\t<h2 class=\"elementor-heading-title elementor-size-default\">Contraindicaciones:\n\n\n<\/h2>\t\t\t\t<\/div>\n\t\t\t\t<\/div>\n\t\t\t\t<div class=\"elementor-element elementor-element-f7d4b2d exad-sticky-section-no exad-glass-effect-no elementor-widget elementor-widget-heading\" data-id=\"f7d4b2d\" data-element_type=\"widget\" data-e-type=\"widget\" data-widget_type=\"heading.default\">\n\t\t\t\t<div class=\"elementor-widget-container\">\n\t\t\t\t\t<p class=\"elementor-heading-title elementor-size-default\"><b>Por favor, comprueba si est\u00e1s afectado\/a por alguna de las siguientes contraindicaciones:<\/b><br><br>\n\nMujeres embarazadas <br>- Trastornos psic\u00f3ticos graves, enfermedades psiqui\u00e1tricas <br>- Epilepsia <br>- Problemas card\u00edacos <br>- Antecedentes de accidente cerebrovascular (ACV)<br>- Hipertensi\u00f3n <br>- Asma <br>- Reciente cirug\u00eda <br>\nLas personas con depresi\u00f3n y que toman antidepresivos son bienvenidas a las sesiones.<br>\nLas sesiones est\u00e1n abiertas para todos,<b> a partir de los 18 a\u00f1os.<\/b><\/p>\t\t\t\t<\/div>\n\t\t\t\t<\/div>\n\t\t\t\t<div class=\"elementor-element elementor-element-3db6ba9 exad-sticky-section-no exad-glass-effect-no elementor-widget elementor-widget-heading\" data-id=\"3db6ba9\" data-element_type=\"widget\" data-e-type=\"widget\" data-widget_type=\"heading.default\">\n\t\t\t\t<div class=\"elementor-widget-container\">\n\t\t\t\t\t<h2 class=\"elementor-heading-title elementor-size-default\">\nPol\u00edtica de cancelaci\u00f3n:<\/h2>\t\t\t\t<\/div>\n\t\t\t\t<\/div>\n\t\t\t\t<div class=\"elementor-element elementor-element-738e761 exad-sticky-section-no exad-glass-effect-no elementor-widget elementor-widget-heading\" data-id=\"738e761\" data-element_type=\"widget\" data-e-type=\"widget\" data-widget_type=\"heading.default\">\n\t\t\t\t<div class=\"elementor-widget-container\">\n\t\t\t\t\t<p class=\"elementor-heading-title elementor-size-default\">Modificaci\u00f3n y cancelaci\u00f3n posibles <b>hasta 48 horas antes de la sesi\u00f3n en l\u00ednea y las sesiones en persona.<\/b> <br>Despu\u00e9s de este plazo, la sesi\u00f3n no se puede modificar ni reembolsar. Las sesiones no realizadas deben pagarse. <br>Agradecemos su comprensi\u00f3n.<\/p>\t\t\t\t<\/div>\n\t\t\t\t<\/div>\n\t\t\t\t\t<\/div>\n\t\t<\/div>\n\t\t\t\t<div class=\"elementor-column elementor-col-33 elementor-top-column elementor-element elementor-element-61100bb exad-glass-effect-no exad-sticky-section-no\" data-id=\"61100bb\" data-element_type=\"column\" data-e-type=\"column\">\n\t\t\t<div class=\"elementor-widget-wrap\">\n\t\t\t\t\t\t\t<\/div>\n\t\t<\/div>\n\t\t\t\t\t<\/div>\n\t\t<\/section>\n\t\t\t\t<\/div>\n\t\t","protected":false},"excerpt":{"rendered":"<p>La activaci\u00f3n de la energ\u00eda vital &#8220;InnerDance&#8221; es un proceso de transformaci\u00f3n profunda y de total entrega que conduce a estados de conciencia expandidos. Para obtener m\u00e1s informaci\u00f3n sobre el proceso, consulte el men\u00fa: Activaci\u00f3n de la energ\u00eda vital &#8220;InnerDance&#8221; o las &#8220;Preguntas frecuentes&#8221; que se formulan con frecuencia. Preparaci\u00f3n para tu sesi\u00f3n en l\u00ednea: &#8211; Es preferible consumir una comida muy ligera ese d\u00eda y dejar de comer al menos 3 horas antes de la sesi\u00f3n.&#8211; No consumir alcohol ni sustancias m\u00e1s de 24 horas antes de la sesi\u00f3n y durante la semana siguiente.&#8211; Aseg\u00farate de no ser interrumpido durante 2 horas y de estar en un lugar tranquilo y aislado.&#8211; Ten una buena conexi\u00f3n a internet.&#8211; Descarga la aplicaci\u00f3n Zoom y crea una cuenta antes de la sesi\u00f3n, en tu computadora port\u00e1til, tableta o tel\u00e9fono.&#8211; Aseg\u00farate de tener un buen sistema de audio para una experiencia \u00f3ptima. Para obtener un sonido de calidad \u00f3ptima durante tu sesi\u00f3n, usa unos auriculares inal\u00e1mbricos conectados a la aplicaci\u00f3n Zoom o un altavoz Bluetooth (altavoz recomendado).&#8211; Ten un tapete de yoga o una manta en el suelo para acostarte en una superficie plana.&#8211; Viste ropa amplia y c\u00f3moda. Estas recomendaciones te ayudar\u00e1n a tener la mejor experiencia posible durante una sesi\u00f3n de InnerDance en l\u00ednea. Despu\u00e9s de reservar, recibir\u00e1s un enlace de conexi\u00f3n Zoom por correo electr\u00f3nico con todas las instrucciones para prepararte para la sesi\u00f3n de InnerDance. Aseg\u00farate de revisar que este enlace no est\u00e9 en tu carpeta de correo no deseado (spam). El funcionamiento de la sesi\u00f3n en l\u00ednea es el siguiente: &#8211; Aseg\u00farate de tener tu tapete de yoga y tu c\u00e1mara web instalados al menos 5 minutos antes. &#8211; Con\u00e9ctate a la videollamada Zoom a tiempo. &#8211; Se dar\u00e1 la bienvenida y se realizar\u00e1 una breve introducci\u00f3n. &#8211; Te acuestas, cierras los ojos, ponemos m\u00fasica y la sesi\u00f3n comienza durante 1 hora, en un espacio seguro y amoroso. &#8211; Se reserva un tiempo para la integraci\u00f3n y se dan recomendaciones. -Se realiza un c\u00edrculo de compartimiento. &#8211; Se finaliza la sesi\u00f3n. Contraindicaciones: Por favor, comprueba si est\u00e1s afectado\/a por alguna de las siguientes contraindicaciones: Mujeres embarazadas &#8211; Trastornos psic\u00f3ticos graves, enfermedades psiqui\u00e1tricas &#8211; Epilepsia &#8211; Problemas card\u00edacos &#8211; Antecedentes de accidente cerebrovascular (ACV)&#8211; Hipertensi\u00f3n &#8211; Asma &#8211; Reciente cirug\u00eda Las personas con depresi\u00f3n y que toman antidepresivos son bienvenidas a las sesiones. Las sesiones est\u00e1n abiertas para todos, a partir de los 18 a\u00f1os. Pol\u00edtica de cancelaci\u00f3n: Modificaci\u00f3n y cancelaci\u00f3n posibles hasta 48 horas antes de la sesi\u00f3n en l\u00ednea y las sesiones en persona. Despu\u00e9s de este plazo, la sesi\u00f3n no se puede modificar ni reembolsar. Las sesiones no realizadas deben pagarse. Agradecemos su comprensi\u00f3n.<\/p>\n","protected":false},"author":1,"featured_media":0,"parent":13755,"menu_order":1,"comment_status":"closed","ping_status":"closed","template":"elementor_canvas","meta":{"site-sidebar-layout":"no-sidebar","site-content-layout":"page-builder","ast-site-content-layout":"default","site-content-style":"default","site-sidebar-style":"default","ast-global-header-display":"","ast-banner-title-visibility":"","ast-main-header-display":"","ast-hfb-above-header-display":"","ast-hfb-below-header-display":"","ast-hfb-mobile-header-display":"","site-post-title":"disabled","ast-breadcrumbs-content":"","ast-featured-img":"disabled","footer-sml-layout":"","ast-disable-related-posts":"","theme-transparent-header-meta":"","adv-header-id-meta":"","stick-header-meta":"","header-above-stick-meta":"","header-main-stick-meta":"","header-below-stick-meta":"","astra-migrate-meta-layouts":"default","ast-page-background-enabled":"default","ast-page-background-meta":{"desktop":{"background-color":"var(--ast-global-color-4)","background-image":"","background-repeat":"repeat","background-position":"center center","background-size":"auto","background-attachment":"scroll","background-type":"","background-media":"","overlay-type":"","overlay-color":"","overlay-opacity":"","overlay-gradient":""},"tablet":{"background-color":"","background-image":"","background-repeat":"repeat","background-position":"center center","background-size":"auto","background-attachment":"scroll","background-type":"","background-media":"","overlay-type":"","overlay-color":"","overlay-opacity":"","overlay-gradient":""},"mobile":{"background-color":"","background-image":"","background-repeat":"repeat","background-position":"center center","background-size":"auto","background-attachment":"scroll","background-type":"","background-media":"","overlay-type":"","overlay-color":"","overlay-opacity":"","overlay-gradient":""}},"ast-content-background-meta":{"desktop":{"background-color":"var(--ast-global-color-5)","background-image":"","background-repeat":"repeat","background-position":"center center","background-size":"auto","background-attachment":"scroll","background-type":"","background-media":"","overlay-type":"","overlay-color":"","overlay-opacity":"","overlay-gradient":""},"tablet":{"background-color":"var(--ast-global-color-5)","background-image":"","background-repeat":"repeat","background-position":"center center","background-size":"auto","background-attachment":"scroll","background-type":"","background-media":"","overlay-type":"","overlay-color":"","overlay-opacity":"","overlay-gradient":""},"mobile":{"background-color":"var(--ast-global-color-5)","background-image":"","background-repeat":"repeat","background-position":"center center","background-size":"auto","background-attachment":"scroll","background-type":"","background-media":"","overlay-type":"","overlay-color":"","overlay-opacity":"","overlay-gradient":""}},"footnotes":""},"class_list":["post-13771","page","type-page","status-publish","hentry"],"yoast_head":"<!-- This site is optimized with the Yoast SEO plugin v27.4 - https:\/\/yoast.com\/product\/yoast-seo-wordpress\/ -->\n<title>sesi\u00f3n en l\u00ednea -<\/title>\n<meta name=\"description\" content=\"Massage bien \u00eatre Massage ayurvedique Massage balinais Massage oriental R\u00e9flexologie plantaire Soins \u00e9nerg\u00e9tique Lahochi Access bars Th\u00e9rapies holistiques Soins holistique Relaxation Formation laholchi Atelier bien \u00eatre M\u00e9ditation M\u00e9decine symbolique France Espagne Andalousie Triangle d&#039;or d&#039;isis.\" \/>\n<meta name=\"robots\" content=\"index, follow, max-snippet:-1, max-image-preview:large, max-video-preview:-1\" \/>\n<link rel=\"canonical\" href=\"https:\/\/leboudoir-zen.com\/index.php\/es\/reserva-en-linea\/sesion-en-linea\/\" \/>\n<meta property=\"og:locale\" content=\"fr_FR\" \/>\n<meta property=\"og:type\" content=\"article\" \/>\n<meta property=\"og:title\" content=\"sesi\u00f3n en l\u00ednea -\" \/>\n<meta property=\"og:description\" content=\"Massage bien \u00eatre Massage ayurvedique Massage balinais Massage oriental R\u00e9flexologie plantaire Soins \u00e9nerg\u00e9tique Lahochi Access bars Th\u00e9rapies holistiques Soins holistique Relaxation Formation laholchi Atelier bien \u00eatre M\u00e9ditation M\u00e9decine symbolique France Espagne Andalousie Triangle d&#039;or d&#039;isis.\" \/>\n<meta property=\"og:url\" content=\"https:\/\/leboudoir-zen.com\/index.php\/es\/reserva-en-linea\/sesion-en-linea\/\" \/>\n<meta property=\"article:modified_time\" content=\"2024-04-22T13:56:35+00:00\" \/>\n<meta name=\"twitter:card\" content=\"summary_large_image\" \/>\n<script type=\"application\/ld+json\" class=\"yoast-schema-graph\">{\"@context\":\"https:\\\/\\\/schema.org\",\"@graph\":[{\"@type\":\"WebPage\",\"@id\":\"https:\\\/\\\/leboudoir-zen.com\\\/index.php\\\/es\\\/reserva-en-linea\\\/sesion-en-linea\\\/\",\"url\":\"https:\\\/\\\/leboudoir-zen.com\\\/index.php\\\/es\\\/reserva-en-linea\\\/sesion-en-linea\\\/\",\"name\":\"sesi\u00f3n en l\u00ednea -\",\"isPartOf\":{\"@id\":\"https:\\\/\\\/leboudoir-zen.com\\\/#website\"},\"datePublished\":\"2024-04-22T13:43:05+00:00\",\"dateModified\":\"2024-04-22T13:56:35+00:00\",\"description\":\"Massage bien \u00eatre Massage ayurvedique Massage balinais Massage oriental R\u00e9flexologie plantaire Soins \u00e9nerg\u00e9tique Lahochi Access bars Th\u00e9rapies holistiques Soins holistique Relaxation Formation laholchi Atelier bien \u00eatre M\u00e9ditation M\u00e9decine symbolique France Espagne Andalousie Triangle d'or d'isis.\",\"breadcrumb\":{\"@id\":\"https:\\\/\\\/leboudoir-zen.com\\\/index.php\\\/es\\\/reserva-en-linea\\\/sesion-en-linea\\\/#breadcrumb\"},\"inLanguage\":\"fr-FR\",\"potentialAction\":[{\"@type\":\"ReadAction\",\"target\":[\"https:\\\/\\\/leboudoir-zen.com\\\/index.php\\\/es\\\/reserva-en-linea\\\/sesion-en-linea\\\/\"]}]},{\"@type\":\"BreadcrumbList\",\"@id\":\"https:\\\/\\\/leboudoir-zen.com\\\/index.php\\\/es\\\/reserva-en-linea\\\/sesion-en-linea\\\/#breadcrumb\",\"itemListElement\":[{\"@type\":\"ListItem\",\"position\":1,\"name\":\"Accueil\",\"item\":\"https:\\\/\\\/leboudoir-zen.com\\\/\"},{\"@type\":\"ListItem\",\"position\":2,\"name\":\"Reserva en l\u00ednea\",\"item\":\"https:\\\/\\\/leboudoir-zen.com\\\/index.php\\\/es\\\/reserva-en-linea\\\/\"},{\"@type\":\"ListItem\",\"position\":3,\"name\":\"sesi\u00f3n en l\u00ednea\"}]},{\"@type\":\"WebSite\",\"@id\":\"https:\\\/\\\/leboudoir-zen.com\\\/#website\",\"url\":\"https:\\\/\\\/leboudoir-zen.com\\\/\",\"name\":\"\",\"description\":\"\",\"potentialAction\":[{\"@type\":\"SearchAction\",\"target\":{\"@type\":\"EntryPoint\",\"urlTemplate\":\"https:\\\/\\\/leboudoir-zen.com\\\/?s={search_term_string}\"},\"query-input\":{\"@type\":\"PropertyValueSpecification\",\"valueRequired\":true,\"valueName\":\"search_term_string\"}}],\"inLanguage\":\"fr-FR\"}]}<\/script>\n<!-- \/ Yoast SEO plugin. -->","yoast_head_json":{"title":"sesi\u00f3n en l\u00ednea -","description":"Massage bien \u00eatre Massage ayurvedique Massage balinais Massage oriental R\u00e9flexologie plantaire Soins \u00e9nerg\u00e9tique Lahochi Access bars Th\u00e9rapies holistiques Soins holistique Relaxation Formation laholchi Atelier bien \u00eatre M\u00e9ditation M\u00e9decine symbolique France Espagne Andalousie Triangle d'or d'isis.","robots":{"index":"index","follow":"follow","max-snippet":"max-snippet:-1","max-image-preview":"max-image-preview:large","max-video-preview":"max-video-preview:-1"},"canonical":"https:\/\/leboudoir-zen.com\/index.php\/es\/reserva-en-linea\/sesion-en-linea\/","og_locale":"fr_FR","og_type":"article","og_title":"sesi\u00f3n en l\u00ednea -","og_description":"Massage bien \u00eatre Massage ayurvedique Massage balinais Massage oriental R\u00e9flexologie plantaire Soins \u00e9nerg\u00e9tique Lahochi Access bars Th\u00e9rapies holistiques Soins holistique Relaxation Formation laholchi Atelier bien \u00eatre M\u00e9ditation M\u00e9decine symbolique France Espagne Andalousie Triangle d'or d'isis.","og_url":"https:\/\/leboudoir-zen.com\/index.php\/es\/reserva-en-linea\/sesion-en-linea\/","article_modified_time":"2024-04-22T13:56:35+00:00","twitter_card":"summary_large_image","schema":{"@context":"https:\/\/schema.org","@graph":[{"@type":"WebPage","@id":"https:\/\/leboudoir-zen.com\/index.php\/es\/reserva-en-linea\/sesion-en-linea\/","url":"https:\/\/leboudoir-zen.com\/index.php\/es\/reserva-en-linea\/sesion-en-linea\/","name":"sesi\u00f3n en l\u00ednea -","isPartOf":{"@id":"https:\/\/leboudoir-zen.com\/#website"},"datePublished":"2024-04-22T13:43:05+00:00","dateModified":"2024-04-22T13:56:35+00:00","description":"Massage bien \u00eatre Massage ayurvedique Massage balinais Massage oriental R\u00e9flexologie plantaire Soins \u00e9nerg\u00e9tique Lahochi Access bars Th\u00e9rapies holistiques Soins holistique Relaxation Formation laholchi Atelier bien \u00eatre M\u00e9ditation M\u00e9decine symbolique France Espagne Andalousie Triangle d'or d'isis.","breadcrumb":{"@id":"https:\/\/leboudoir-zen.com\/index.php\/es\/reserva-en-linea\/sesion-en-linea\/#breadcrumb"},"inLanguage":"fr-FR","potentialAction":[{"@type":"ReadAction","target":["https:\/\/leboudoir-zen.com\/index.php\/es\/reserva-en-linea\/sesion-en-linea\/"]}]},{"@type":"BreadcrumbList","@id":"https:\/\/leboudoir-zen.com\/index.php\/es\/reserva-en-linea\/sesion-en-linea\/#breadcrumb","itemListElement":[{"@type":"ListItem","position":1,"name":"Accueil","item":"https:\/\/leboudoir-zen.com\/"},{"@type":"ListItem","position":2,"name":"Reserva en l\u00ednea","item":"https:\/\/leboudoir-zen.com\/index.php\/es\/reserva-en-linea\/"},{"@type":"ListItem","position":3,"name":"sesi\u00f3n en l\u00ednea"}]},{"@type":"WebSite","@id":"https:\/\/leboudoir-zen.com\/#website","url":"https:\/\/leboudoir-zen.com\/","name":"","description":"","potentialAction":[{"@type":"SearchAction","target":{"@type":"EntryPoint","urlTemplate":"https:\/\/leboudoir-zen.com\/?s={search_term_string}"},"query-input":{"@type":"PropertyValueSpecification","valueRequired":true,"valueName":"search_term_string"}}],"inLanguage":"fr-FR"}]}},"featured_image_src":null,"featured_image_src_square":null,"_links":{"self":[{"href":"https:\/\/leboudoir-zen.com\/index.php\/wp-json\/wp\/v2\/pages\/13771","targetHints":{"allow":["GET"]}}],"collection":[{"href":"https:\/\/leboudoir-zen.com\/index.php\/wp-json\/wp\/v2\/pages"}],"about":[{"href":"https:\/\/leboudoir-zen.com\/index.php\/wp-json\/wp\/v2\/types\/page"}],"author":[{"embeddable":true,"href":"https:\/\/leboudoir-zen.com\/index.php\/wp-json\/wp\/v2\/users\/1"}],"replies":[{"embeddable":true,"href":"https:\/\/leboudoir-zen.com\/index.php\/wp-json\/wp\/v2\/comments?post=13771"}],"version-history":[{"count":4,"href":"https:\/\/leboudoir-zen.com\/index.php\/wp-json\/wp\/v2\/pages\/13771\/revisions"}],"predecessor-version":[{"id":13776,"href":"https:\/\/leboudoir-zen.com\/index.php\/wp-json\/wp\/v2\/pages\/13771\/revisions\/13776"}],"up":[{"embeddable":true,"href":"https:\/\/leboudoir-zen.com\/index.php\/wp-json\/wp\/v2\/pages\/13755"}],"wp:attachment":[{"href":"https:\/\/leboudoir-zen.com\/index.php\/wp-json\/wp\/v2\/media?parent=13771"}],"curies":[{"name":"wp","href":"https:\/\/api.w.org\/{rel}","templated":true}]}}