{"id":12815,"date":"2024-03-07T10:09:13","date_gmt":"2024-03-07T10:09:13","guid":{"rendered":"https:\/\/leboudoir-zen.com\/?page_id=12815"},"modified":"2025-07-25T14:40:02","modified_gmt":"2025-07-25T14:40:02","slug":"les-reservations-en-presentiel","status":"publish","type":"page","link":"https:\/\/leboudoir-zen.com\/index.php\/reservation-innerdance-energie-vitale-kundalini-en-ligne\/les-reservations-en-presentiel\/","title":{"rendered":"les r\u00e9servations en pr\u00e9sentiel"},"content":{"rendered":"\t\t<div data-elementor-type=\"wp-page\" data-elementor-id=\"12815\" class=\"elementor elementor-12815\">\n\t\t\t\t\t\t<section class=\"elementor-section elementor-top-section elementor-element elementor-element-cc18d09 elementor-section-boxed elementor-section-height-default elementor-section-height-default exad-glass-effect-no wpr-particle-no wpr-jarallax-no wpr-parallax-no wpr-sticky-section-no wpr-equal-height-no exad-sticky-section-no\" data-id=\"cc18d09\" data-element_type=\"section\" data-e-type=\"section\" data-settings=\"{&quot;background_background&quot;:&quot;classic&quot;}\">\n\t\t\t\t\t\t<div class=\"elementor-container elementor-column-gap-default\">\n\t\t\t\t\t<div class=\"elementor-column elementor-col-33 elementor-top-column elementor-element elementor-element-8cd8d79 exad-glass-effect-no exad-sticky-section-no\" data-id=\"8cd8d79\" data-element_type=\"column\" data-e-type=\"column\">\n\t\t\t<div class=\"elementor-widget-wrap\">\n\t\t\t\t\t\t\t<\/div>\n\t\t<\/div>\n\t\t\t\t<div class=\"elementor-column elementor-col-33 elementor-top-column elementor-element elementor-element-adc4edd exad-glass-effect-no exad-sticky-section-no\" data-id=\"adc4edd\" data-element_type=\"column\" data-e-type=\"column\">\n\t\t\t<div class=\"elementor-widget-wrap elementor-element-populated\">\n\t\t\t\t\t\t<div class=\"elementor-element elementor-element-82fcbf4 exad-sticky-section-no exad-glass-effect-no elementor-widget elementor-widget-heading\" data-id=\"82fcbf4\" data-element_type=\"widget\" data-e-type=\"widget\" data-widget_type=\"heading.default\">\n\t\t\t\t<div class=\"elementor-widget-container\">\n\t\t\t\t\t<p class=\"elementor-heading-title elementor-size-default\"><b>L'activation de l'\u00e9nergie vitale \" InnerDance\" est un processus \u00e9nerg\u00e9tique de transformation profonde et de l\u00e2cher prise menant \u00e0 des \u00e9tats de conscience \u00e9largis.\nC\u2019est un moment d\u2019abandon, de confiance et d\u2019ouverture de son c\u0153ur. \nUn voyage int\u00e9rieur qui va au del\u00e0 de l\u2019activation de l\u2019\u00e9nergie vitale et qui permet l\u2019expansion de conscience.<\/b><br>\n\n<br><b><u>Pour plus d'informations sur le processus, reportez vous au menu :<\/u><\/b><br>\nActivation de l'\u00e9nergie vitale \"InnerDance\u201d<br>\nou aux \"FAQ\" (questions \/r\u00e9ponses) qui sont couramment pos\u00e9es.<\/p>\t\t\t\t<\/div>\n\t\t\t\t<\/div>\n\t\t\t\t<div class=\"elementor-element elementor-element-2367763 exad-sticky-section-no exad-glass-effect-no elementor-widget elementor-widget-heading\" data-id=\"2367763\" data-element_type=\"widget\" data-e-type=\"widget\" data-widget_type=\"heading.default\">\n\t\t\t\t<div class=\"elementor-widget-container\">\n\t\t\t\t\t<h2 class=\"elementor-heading-title elementor-size-default\">Comment se d\u00e9roule une s\u00e9ance innerdance :<\/h2>\t\t\t\t<\/div>\n\t\t\t\t<\/div>\n\t\t\t\t<div class=\"elementor-element elementor-element-9e510fa exad-sticky-section-no exad-glass-effect-no elementor-widget elementor-widget-heading\" data-id=\"9e510fa\" data-element_type=\"widget\" data-e-type=\"widget\" data-widget_type=\"heading.default\">\n\t\t\t\t<div class=\"elementor-widget-container\">\n\t\t\t\t\t<h2 class=\"elementor-heading-title elementor-size-default\">Vous \u00eates allong\u00e9(e) sur un tapis de yoga, vous avez juste \u00e0 fermer les yeux et vous d\u00e9tendre compl\u00e8tement.\nLa musique commencera \u00e0 jouer pendant une dur\u00e9e de 1h dans un espace s\u00e9curis\u00e9 et bienveillant.<br><br>\nVous n\u2019avez rien \u00e0 faire, juste vous laisser aller et accueillir ce qu'il se passe.<br><br>\nPendant la s\u00e9ance je peux utiliser le toucher intuitif sur diff\u00e9rents points chakra ou points m\u00e9ridiens, le Langage de Lumi\u00e8re (qui est un langage canalis\u00e9), les Mantras, des instruments de musique ... pour faciliter votre transformation.<br><br>\nLa playlist musicale est sp\u00e9cifiquement construite pour soutenir l'activation de certaines ondes c\u00e9r\u00e9brales sur le model InnerDance et permettre au corps de retrouver un \u00e9tat d'hom\u00e9ostasie (\u00e9quilibre).<\/h2>\t\t\t\t<\/div>\n\t\t\t\t<\/div>\n\t\t\t\t<div class=\"elementor-element elementor-element-9af235e exad-sticky-section-no exad-glass-effect-no elementor-widget elementor-widget-heading\" data-id=\"9af235e\" data-element_type=\"widget\" data-e-type=\"widget\" data-widget_type=\"heading.default\">\n\t\t\t\t<div class=\"elementor-widget-container\">\n\t\t\t\t\t<h2 class=\"elementor-heading-title elementor-size-default\">Pr\u00e9paration pour votre s\u00e9ance en pr\u00e9sentiel :\n<\/h2>\t\t\t\t<\/div>\n\t\t\t\t<\/div>\n\t\t\t\t<div class=\"elementor-element elementor-element-3ce27b8 exad-sticky-section-no exad-glass-effect-no elementor-widget elementor-widget-heading\" data-id=\"3ce27b8\" data-element_type=\"widget\" data-e-type=\"widget\" data-widget_type=\"heading.default\">\n\t\t\t\t<div class=\"elementor-widget-container\">\n\t\t\t\t\t<p class=\"elementor-heading-title elementor-size-default\">-&nbsp;Afin de favoriser une exp\u00e9rience optimale nous vous conseillons d'arr\u00eater de manger au moins 3h avant la s\u00e9ance. Il est pr\u00e9f\u00e9rable de consommer un repas tr\u00e8s l\u00e9ger ce jour l\u00e0 (fruits ...) sans caf\u00e9, sans jus de fruits, \u00e9viter la viande la veille au soir\n<br>\n- Avoir autant que possible le ventre l\u00e9ger, (cela permet une meilleure circulation de l'\u00e9nergie qui ne sera pas utilis\u00e9e \u00e0 la digestion)\n<br>\n-&nbsp;Ne pas consommer d'alcool et substances, plus de 24h avant la s\u00e9ance \n<br>\n- Portez des v\u00eatements amples et confortables, sans bijoux de pr\u00e9f\u00e9rence<br>\n- Pr\u00e9voyez un plaid au cas ou vous auriez froid, ainsi qu'une bouteille d'eau<br>\n- Nous vous encourageons \u00e0 venir sans attentes et \u00e0 vous ouvrir au processus de l\u00e2cher prise. C'est dans cet \u00e9tat d'esprit que vous pourrez pleinement b\u00e9n\u00e9ficier de cette exp\u00e9rience\n<br>\n-&nbsp;Pr\u00e9voir un moment paisible apr\u00e8s la s\u00e9ance pour son int\u00e9gration\n<br>\n- Il n'y a pas de pr\u00e9-requis\n<br>\n- Veuillez arriver 5 minutes avant votre rendez-vous<br>\n<br>\nCes recommandations permettent de vivre la meilleure exp\u00e9rience possible lors d\u2019une s\u00e9ance d'InnerDance.<br><br>Suite \u00e0 votre r\u00e9servation, un lien vous sera envoy\u00e9 avec toutes les informations pour vous pr\u00e9parer \u00e0 la session \nInnerDance.<b> V\u00e9rifiez que ce lien ne soit pas dans vos spams.\n<\/b><\/p>\t\t\t\t<\/div>\n\t\t\t\t<\/div>\n\t\t\t\t<div class=\"elementor-element elementor-element-6d324f2 exad-sticky-section-no exad-glass-effect-no elementor-widget elementor-widget-heading\" data-id=\"6d324f2\" data-element_type=\"widget\" data-e-type=\"widget\" data-widget_type=\"heading.default\">\n\t\t\t\t<div class=\"elementor-widget-container\">\n\t\t\t\t\t<h2 class=\"elementor-heading-title elementor-size-default\">Fonctionnement de la s\u00e9ance en pr\u00e9sentiel :\n\n<\/h2>\t\t\t\t<\/div>\n\t\t\t\t<\/div>\n\t\t\t\t<div class=\"elementor-element elementor-element-56ec661 exad-sticky-section-no exad-glass-effect-no elementor-widget elementor-widget-heading\" data-id=\"56ec661\" data-element_type=\"widget\" data-e-type=\"widget\" data-widget_type=\"heading.default\">\n\t\t\t\t<div class=\"elementor-widget-container\">\n\t\t\t\t\t<p class=\"elementor-heading-title elementor-size-default\">- Mot de bienvenue et br\u00e8ve introduction<br>\n- Vous vous allongez, fermez les yeux, nous mettons la musique et la s\u00e9ance commence durant 1 heure dans un espace\ns\u00e9curis\u00e9 et bienveillant<br>\n- Temps d'int\u00e9gration, recommandations<br>\n- Cercle de partages<br>\n- Cl\u00f4ture<br><\/p>\t\t\t\t<\/div>\n\t\t\t\t<\/div>\n\t\t\t\t<div class=\"elementor-element elementor-element-64e6235 exad-sticky-section-no exad-glass-effect-no elementor-widget elementor-widget-heading\" data-id=\"64e6235\" data-element_type=\"widget\" data-e-type=\"widget\" data-widget_type=\"heading.default\">\n\t\t\t\t<div class=\"elementor-widget-container\">\n\t\t\t\t\t<h2 class=\"elementor-heading-title elementor-size-default\">Contre-indications :\n\n\n<\/h2>\t\t\t\t<\/div>\n\t\t\t\t<\/div>\n\t\t\t\t<div class=\"elementor-element elementor-element-f7d4b2d exad-sticky-section-no exad-glass-effect-no elementor-widget elementor-widget-heading\" data-id=\"f7d4b2d\" data-element_type=\"widget\" data-e-type=\"widget\" data-widget_type=\"heading.default\">\n\t\t\t\t<div class=\"elementor-widget-container\">\n\t\t\t\t\t<p class=\"elementor-heading-title elementor-size-default\"><b>Merci de v\u00e9rifier si vous \u00eates concern\u00e9.e par l'une des contre-indications ci-dessous&nbsp;:<\/b><br><br> - Femmes enceintes <br>- Troubles psychotiques importants, maladies psychiatriques<br> - Cas d'\u00e9pilepsie <br>- Probl\u00e8me cardiaque <br>- Ant\u00e9c\u00e9dent d' AVC<br> - Hypertension <br>- Asthmatique <br>- Op\u00e9ration r\u00e9cente<br>\n- Les personnes atteintes de d\u00e9pression et sous antid\u00e9presseurs sont les bienvenues aux s\u00e9ances. <br>\n- Les s\u00e9ances sont ouvertes \u00e0 tous,<b> \u00e0 partir de 18 ans. <\/b><\/p>\t\t\t\t<\/div>\n\t\t\t\t<\/div>\n\t\t\t\t<div class=\"elementor-element elementor-element-3db6ba9 exad-sticky-section-no exad-glass-effect-no elementor-widget elementor-widget-heading\" data-id=\"3db6ba9\" data-element_type=\"widget\" data-e-type=\"widget\" data-widget_type=\"heading.default\">\n\t\t\t\t<div class=\"elementor-widget-container\">\n\t\t\t\t\t<h2 class=\"elementor-heading-title elementor-size-default\">Politique d'annulation :\n<\/h2>\t\t\t\t<\/div>\n\t\t\t\t<\/div>\n\t\t\t\t<div class=\"elementor-element elementor-element-738e761 exad-sticky-section-no exad-glass-effect-no elementor-widget elementor-widget-heading\" data-id=\"738e761\" data-element_type=\"widget\" data-e-type=\"widget\" data-widget_type=\"heading.default\">\n\t\t\t\t<div class=\"elementor-widget-container\">\n\t\t\t\t\t<p class=\"elementor-heading-title elementor-size-default\">Modification et annulation possibles <b>jusqu'\u00e0 24h avant l'heure du d\u00e9but de rendez-vous.<\/b> <br>Pass\u00e9 ce d\u00e9lai, la s\u00e9ance n'est plus modifiable ni remboursable. Les s\u00e9ances non r\u00e9alis\u00e9es sont dues. <br>Merci de votre compr\u00e9hension.<\/p>\t\t\t\t<\/div>\n\t\t\t\t<\/div>\n\t\t\t\t\t<\/div>\n\t\t<\/div>\n\t\t\t\t<div class=\"elementor-column elementor-col-33 elementor-top-column elementor-element elementor-element-61100bb exad-glass-effect-no exad-sticky-section-no\" data-id=\"61100bb\" data-element_type=\"column\" data-e-type=\"column\">\n\t\t\t<div class=\"elementor-widget-wrap\">\n\t\t\t\t\t\t\t<\/div>\n\t\t<\/div>\n\t\t\t\t\t<\/div>\n\t\t<\/section>\n\t\t\t\t<\/div>\n\t\t","protected":false},"excerpt":{"rendered":"<p>L&#8217;activation de l&#8217;\u00e9nergie vitale &#8221; InnerDance&#8221; est un processus \u00e9nerg\u00e9tique de transformation profonde et de l\u00e2cher prise menant \u00e0 des \u00e9tats de conscience \u00e9largis. C\u2019est un moment d\u2019abandon, de confiance et d\u2019ouverture de son c\u0153ur. Un voyage int\u00e9rieur qui va au del\u00e0 de l\u2019activation de l\u2019\u00e9nergie vitale et qui permet l\u2019expansion de conscience. Pour plus d&#8217;informations sur le processus, reportez vous au menu : Activation de l&#8217;\u00e9nergie vitale &#8220;InnerDance\u201d ou aux &#8220;FAQ&#8221; (questions \/r\u00e9ponses) qui sont couramment pos\u00e9es. Comment se d\u00e9roule une s\u00e9ance innerdance : Vous \u00eates allong\u00e9(e) sur un tapis de yoga, vous avez juste \u00e0 fermer les yeux et vous d\u00e9tendre compl\u00e8tement. La musique commencera \u00e0 jouer pendant une dur\u00e9e de 1h dans un espace s\u00e9curis\u00e9 et bienveillant. Vous n\u2019avez rien \u00e0 faire, juste vous laisser aller et accueillir ce qu&#8217;il se passe. Pendant la s\u00e9ance je peux utiliser le toucher intuitif sur diff\u00e9rents points chakra ou points m\u00e9ridiens, le Langage de Lumi\u00e8re (qui est un langage canalis\u00e9), les Mantras, des instruments de musique &#8230; pour faciliter votre transformation. La playlist musicale est sp\u00e9cifiquement construite pour soutenir l&#8217;activation de certaines ondes c\u00e9r\u00e9brales sur le model InnerDance et permettre au corps de retrouver un \u00e9tat d&#8217;hom\u00e9ostasie (\u00e9quilibre). Pr\u00e9paration pour votre s\u00e9ance en pr\u00e9sentiel : &#8211;&nbsp;Afin de favoriser une exp\u00e9rience optimale nous vous conseillons d&#8217;arr\u00eater de manger au moins 3h avant la s\u00e9ance. Il est pr\u00e9f\u00e9rable de consommer un repas tr\u00e8s l\u00e9ger ce jour l\u00e0 (fruits &#8230;) sans caf\u00e9, sans jus de fruits, \u00e9viter la viande la veille au soir &#8211; Avoir autant que possible le ventre l\u00e9ger, (cela permet une meilleure circulation de l&#8217;\u00e9nergie qui ne sera pas utilis\u00e9e \u00e0 la digestion) &#8211;&nbsp;Ne pas consommer d&#8217;alcool et substances, plus de 24h avant la s\u00e9ance &#8211; Portez des v\u00eatements amples et confortables, sans bijoux de pr\u00e9f\u00e9rence &#8211; Pr\u00e9voyez un plaid au cas ou vous auriez froid, ainsi qu&#8217;une bouteille d&#8217;eau &#8211; Nous vous encourageons \u00e0 venir sans attentes et \u00e0 vous ouvrir au processus de l\u00e2cher prise. C&#8217;est dans cet \u00e9tat d&#8217;esprit que vous pourrez pleinement b\u00e9n\u00e9ficier de cette exp\u00e9rience &#8211;&nbsp;Pr\u00e9voir un moment paisible apr\u00e8s la s\u00e9ance pour son int\u00e9gration &#8211; Il n&#8217;y a pas de pr\u00e9-requis &#8211; Veuillez arriver 5 minutes avant votre rendez-vous Ces recommandations permettent de vivre la meilleure exp\u00e9rience possible lors d\u2019une s\u00e9ance d&#8217;InnerDance. Suite \u00e0 votre r\u00e9servation, un lien vous sera envoy\u00e9 avec toutes les informations pour vous pr\u00e9parer \u00e0 la session InnerDance. V\u00e9rifiez que ce lien ne soit pas dans vos spams. Fonctionnement de la s\u00e9ance en pr\u00e9sentiel : &#8211; Mot de bienvenue et br\u00e8ve introduction &#8211; Vous vous allongez, fermez les yeux, nous mettons la musique et la s\u00e9ance commence durant 1 heure dans un espace s\u00e9curis\u00e9 et bienveillant &#8211; Temps d&#8217;int\u00e9gration, recommandations &#8211; Cercle de partages &#8211; Cl\u00f4ture Contre-indications : Merci de v\u00e9rifier si vous \u00eates concern\u00e9.e par l&#8217;une des contre-indications ci-dessous&nbsp;: &#8211; Femmes enceintes &#8211; Troubles psychotiques importants, maladies psychiatriques &#8211; Cas d&#8217;\u00e9pilepsie &#8211; Probl\u00e8me cardiaque &#8211; Ant\u00e9c\u00e9dent d&#8217; AVC &#8211; Hypertension &#8211; Asthmatique &#8211; Op\u00e9ration r\u00e9cente &#8211; Les personnes atteintes de d\u00e9pression et sous antid\u00e9presseurs sont les bienvenues aux s\u00e9ances. &#8211; Les s\u00e9ances sont ouvertes \u00e0 tous, \u00e0 partir de 18 ans. Politique d&#8217;annulation : Modification et annulation possibles jusqu&#8217;\u00e0 24h avant l&#8217;heure du d\u00e9but de rendez-vous. Pass\u00e9 ce d\u00e9lai, la s\u00e9ance n&#8217;est plus modifiable ni remboursable. Les s\u00e9ances non r\u00e9alis\u00e9es sont dues. Merci de votre compr\u00e9hension.<\/p>\n","protected":false},"author":1,"featured_media":0,"parent":12203,"menu_order":1,"comment_status":"closed","ping_status":"closed","template":"elementor_canvas","meta":{"site-sidebar-layout":"no-sidebar","site-content-layout":"page-builder","ast-site-content-layout":"full-width-container","site-content-style":"unboxed","site-sidebar-style":"unboxed","ast-global-header-display":"","ast-banner-title-visibility":"","ast-main-header-display":"","ast-hfb-above-header-display":"","ast-hfb-below-header-display":"","ast-hfb-mobile-header-display":"","site-post-title":"disabled","ast-breadcrumbs-content":"","ast-featured-img":"disabled","footer-sml-layout":"","ast-disable-related-posts":"","theme-transparent-header-meta":"","adv-header-id-meta":"","stick-header-meta":"","header-above-stick-meta":"","header-main-stick-meta":"","header-below-stick-meta":"","astra-migrate-meta-layouts":"set","ast-page-background-enabled":"default","ast-page-background-meta":{"desktop":{"background-color":"var(--ast-global-color-4)","background-image":"","background-repeat":"repeat","background-position":"center center","background-size":"auto","background-attachment":"scroll","background-type":"","background-media":"","overlay-type":"","overlay-color":"","overlay-opacity":"","overlay-gradient":""},"tablet":{"background-color":"","background-image":"","background-repeat":"repeat","background-position":"center center","background-size":"auto","background-attachment":"scroll","background-type":"","background-media":"","overlay-type":"","overlay-color":"","overlay-opacity":"","overlay-gradient":""},"mobile":{"background-color":"","background-image":"","background-repeat":"repeat","background-position":"center center","background-size":"auto","background-attachment":"scroll","background-type":"","background-media":"","overlay-type":"","overlay-color":"","overlay-opacity":"","overlay-gradient":""}},"ast-content-background-meta":{"desktop":{"background-color":"var(--ast-global-color-5)","background-image":"","background-repeat":"repeat","background-position":"center center","background-size":"auto","background-attachment":"scroll","background-type":"","background-media":"","overlay-type":"","overlay-color":"","overlay-opacity":"","overlay-gradient":""},"tablet":{"background-color":"var(--ast-global-color-5)","background-image":"","background-repeat":"repeat","background-position":"center center","background-size":"auto","background-attachment":"scroll","background-type":"","background-media":"","overlay-type":"","overlay-color":"","overlay-opacity":"","overlay-gradient":""},"mobile":{"background-color":"var(--ast-global-color-5)","background-image":"","background-repeat":"repeat","background-position":"center center","background-size":"auto","background-attachment":"scroll","background-type":"","background-media":"","overlay-type":"","overlay-color":"","overlay-opacity":"","overlay-gradient":""}},"footnotes":""},"class_list":["post-12815","page","type-page","status-publish","hentry"],"yoast_head":"<!-- This site is optimized with the Yoast SEO plugin v27.4 - https:\/\/yoast.com\/product\/yoast-seo-wordpress\/ -->\n<title>les r\u00e9servations en pr\u00e9sentiel -<\/title>\n<meta name=\"description\" content=\"Session InnerDance : activation de l\u2019\u00e9nergie vitale, transformation int\u00e9rieure, \u00e9tats de conscience \u00e9largis et reconnexion \u00e0 son essence.\" \/>\n<meta name=\"robots\" content=\"index, follow, max-snippet:-1, max-image-preview:large, max-video-preview:-1\" \/>\n<link rel=\"canonical\" href=\"https:\/\/leboudoir-zen.com\/index.php\/reservation-innerdance-energie-vitale-kundalini-en-ligne\/les-reservations-en-presentiel\/\" \/>\n<meta property=\"og:locale\" content=\"fr_FR\" \/>\n<meta property=\"og:type\" content=\"article\" \/>\n<meta property=\"og:title\" content=\"les r\u00e9servations en pr\u00e9sentiel -\" \/>\n<meta property=\"og:description\" content=\"Session InnerDance : activation de l\u2019\u00e9nergie vitale, transformation int\u00e9rieure, \u00e9tats de conscience \u00e9largis et reconnexion \u00e0 son essence.\" \/>\n<meta property=\"og:url\" content=\"https:\/\/leboudoir-zen.com\/index.php\/reservation-innerdance-energie-vitale-kundalini-en-ligne\/les-reservations-en-presentiel\/\" \/>\n<meta property=\"article:modified_time\" content=\"2025-07-25T14:40:02+00:00\" \/>\n<meta name=\"twitter:card\" content=\"summary_large_image\" \/>\n<meta name=\"twitter:label1\" content=\"Dur\u00e9e de lecture estim\u00e9e\" \/>\n\t<meta name=\"twitter:data1\" content=\"3 minutes\" \/>\n<script type=\"application\/ld+json\" class=\"yoast-schema-graph\">{\"@context\":\"https:\\\/\\\/schema.org\",\"@graph\":[{\"@type\":\"WebPage\",\"@id\":\"https:\\\/\\\/leboudoir-zen.com\\\/index.php\\\/reservation-innerdance-energie-vitale-kundalini-en-ligne\\\/les-reservations-en-presentiel\\\/\",\"url\":\"https:\\\/\\\/leboudoir-zen.com\\\/index.php\\\/reservation-innerdance-energie-vitale-kundalini-en-ligne\\\/les-reservations-en-presentiel\\\/\",\"name\":\"les r\u00e9servations en pr\u00e9sentiel -\",\"isPartOf\":{\"@id\":\"https:\\\/\\\/leboudoir-zen.com\\\/#website\"},\"datePublished\":\"2024-03-07T10:09:13+00:00\",\"dateModified\":\"2025-07-25T14:40:02+00:00\",\"description\":\"Session InnerDance : activation de l\u2019\u00e9nergie vitale, transformation int\u00e9rieure, \u00e9tats de conscience \u00e9largis et reconnexion \u00e0 son essence.\",\"breadcrumb\":{\"@id\":\"https:\\\/\\\/leboudoir-zen.com\\\/index.php\\\/reservation-innerdance-energie-vitale-kundalini-en-ligne\\\/les-reservations-en-presentiel\\\/#breadcrumb\"},\"inLanguage\":\"fr-FR\",\"potentialAction\":[{\"@type\":\"ReadAction\",\"target\":[\"https:\\\/\\\/leboudoir-zen.com\\\/index.php\\\/reservation-innerdance-energie-vitale-kundalini-en-ligne\\\/les-reservations-en-presentiel\\\/\"]}]},{\"@type\":\"BreadcrumbList\",\"@id\":\"https:\\\/\\\/leboudoir-zen.com\\\/index.php\\\/reservation-innerdance-energie-vitale-kundalini-en-ligne\\\/les-reservations-en-presentiel\\\/#breadcrumb\",\"itemListElement\":[{\"@type\":\"ListItem\",\"position\":1,\"name\":\"Accueil\",\"item\":\"https:\\\/\\\/leboudoir-zen.com\\\/\"},{\"@type\":\"ListItem\",\"position\":2,\"name\":\"R\u00e9servation en ligne\",\"item\":\"https:\\\/\\\/leboudoir-zen.com\\\/index.php\\\/reservation-innerdance-energie-vitale-kundalini-en-ligne\\\/\"},{\"@type\":\"ListItem\",\"position\":3,\"name\":\"les r\u00e9servations en pr\u00e9sentiel\"}]},{\"@type\":\"WebSite\",\"@id\":\"https:\\\/\\\/leboudoir-zen.com\\\/#website\",\"url\":\"https:\\\/\\\/leboudoir-zen.com\\\/\",\"name\":\"\",\"description\":\"\",\"potentialAction\":[{\"@type\":\"SearchAction\",\"target\":{\"@type\":\"EntryPoint\",\"urlTemplate\":\"https:\\\/\\\/leboudoir-zen.com\\\/?s={search_term_string}\"},\"query-input\":{\"@type\":\"PropertyValueSpecification\",\"valueRequired\":true,\"valueName\":\"search_term_string\"}}],\"inLanguage\":\"fr-FR\"}]}<\/script>\n<!-- \/ Yoast SEO plugin. -->","yoast_head_json":{"title":"les r\u00e9servations en pr\u00e9sentiel -","description":"Session InnerDance : activation de l\u2019\u00e9nergie vitale, transformation int\u00e9rieure, \u00e9tats de conscience \u00e9largis et reconnexion \u00e0 son essence.","robots":{"index":"index","follow":"follow","max-snippet":"max-snippet:-1","max-image-preview":"max-image-preview:large","max-video-preview":"max-video-preview:-1"},"canonical":"https:\/\/leboudoir-zen.com\/index.php\/reservation-innerdance-energie-vitale-kundalini-en-ligne\/les-reservations-en-presentiel\/","og_locale":"fr_FR","og_type":"article","og_title":"les r\u00e9servations en pr\u00e9sentiel -","og_description":"Session InnerDance : activation de l\u2019\u00e9nergie vitale, transformation int\u00e9rieure, \u00e9tats de conscience \u00e9largis et reconnexion \u00e0 son essence.","og_url":"https:\/\/leboudoir-zen.com\/index.php\/reservation-innerdance-energie-vitale-kundalini-en-ligne\/les-reservations-en-presentiel\/","article_modified_time":"2025-07-25T14:40:02+00:00","twitter_card":"summary_large_image","twitter_misc":{"Dur\u00e9e de lecture estim\u00e9e":"3 minutes"},"schema":{"@context":"https:\/\/schema.org","@graph":[{"@type":"WebPage","@id":"https:\/\/leboudoir-zen.com\/index.php\/reservation-innerdance-energie-vitale-kundalini-en-ligne\/les-reservations-en-presentiel\/","url":"https:\/\/leboudoir-zen.com\/index.php\/reservation-innerdance-energie-vitale-kundalini-en-ligne\/les-reservations-en-presentiel\/","name":"les r\u00e9servations en pr\u00e9sentiel -","isPartOf":{"@id":"https:\/\/leboudoir-zen.com\/#website"},"datePublished":"2024-03-07T10:09:13+00:00","dateModified":"2025-07-25T14:40:02+00:00","description":"Session InnerDance : activation de l\u2019\u00e9nergie vitale, transformation int\u00e9rieure, \u00e9tats de conscience \u00e9largis et reconnexion \u00e0 son essence.","breadcrumb":{"@id":"https:\/\/leboudoir-zen.com\/index.php\/reservation-innerdance-energie-vitale-kundalini-en-ligne\/les-reservations-en-presentiel\/#breadcrumb"},"inLanguage":"fr-FR","potentialAction":[{"@type":"ReadAction","target":["https:\/\/leboudoir-zen.com\/index.php\/reservation-innerdance-energie-vitale-kundalini-en-ligne\/les-reservations-en-presentiel\/"]}]},{"@type":"BreadcrumbList","@id":"https:\/\/leboudoir-zen.com\/index.php\/reservation-innerdance-energie-vitale-kundalini-en-ligne\/les-reservations-en-presentiel\/#breadcrumb","itemListElement":[{"@type":"ListItem","position":1,"name":"Accueil","item":"https:\/\/leboudoir-zen.com\/"},{"@type":"ListItem","position":2,"name":"R\u00e9servation en ligne","item":"https:\/\/leboudoir-zen.com\/index.php\/reservation-innerdance-energie-vitale-kundalini-en-ligne\/"},{"@type":"ListItem","position":3,"name":"les r\u00e9servations en pr\u00e9sentiel"}]},{"@type":"WebSite","@id":"https:\/\/leboudoir-zen.com\/#website","url":"https:\/\/leboudoir-zen.com\/","name":"","description":"","potentialAction":[{"@type":"SearchAction","target":{"@type":"EntryPoint","urlTemplate":"https:\/\/leboudoir-zen.com\/?s={search_term_string}"},"query-input":{"@type":"PropertyValueSpecification","valueRequired":true,"valueName":"search_term_string"}}],"inLanguage":"fr-FR"}]}},"featured_image_src":null,"featured_image_src_square":null,"_links":{"self":[{"href":"https:\/\/leboudoir-zen.com\/index.php\/wp-json\/wp\/v2\/pages\/12815","targetHints":{"allow":["GET"]}}],"collection":[{"href":"https:\/\/leboudoir-zen.com\/index.php\/wp-json\/wp\/v2\/pages"}],"about":[{"href":"https:\/\/leboudoir-zen.com\/index.php\/wp-json\/wp\/v2\/types\/page"}],"author":[{"embeddable":true,"href":"https:\/\/leboudoir-zen.com\/index.php\/wp-json\/wp\/v2\/users\/1"}],"replies":[{"embeddable":true,"href":"https:\/\/leboudoir-zen.com\/index.php\/wp-json\/wp\/v2\/comments?post=12815"}],"version-history":[{"count":50,"href":"https:\/\/leboudoir-zen.com\/index.php\/wp-json\/wp\/v2\/pages\/12815\/revisions"}],"predecessor-version":[{"id":17240,"href":"https:\/\/leboudoir-zen.com\/index.php\/wp-json\/wp\/v2\/pages\/12815\/revisions\/17240"}],"up":[{"embeddable":true,"href":"https:\/\/leboudoir-zen.com\/index.php\/wp-json\/wp\/v2\/pages\/12203"}],"wp:attachment":[{"href":"https:\/\/leboudoir-zen.com\/index.php\/wp-json\/wp\/v2\/media?parent=12815"}],"curies":[{"name":"wp","href":"https:\/\/api.w.org\/{rel}","templated":true}]}}