{"id":111,"date":"2022-03-20T11:01:12","date_gmt":"2022-03-20T11:01:12","guid":{"rendered":"https:\/\/leboudoir-zen.com\/?page_id=111"},"modified":"2022-03-20T11:01:12","modified_gmt":"2022-03-20T11:01:12","slug":"rencontre-de-lieux-sacres","status":"publish","type":"page","link":"https:\/\/leboudoir-zen.com\/index.php\/rencontre-de-lieux-sacres\/","title":{"rendered":"Rencontre de Lieux sacr\u00e9s"},"content":{"rendered":"","protected":false},"excerpt":{"rendered":"","protected":false},"author":1,"featured_media":0,"parent":0,"menu_order":0,"comment_status":"closed","ping_status":"closed","template":"","meta":{"site-sidebar-layout":"no-sidebar","site-content-layout":"page-builder","ast-site-content-layout":"default","site-content-style":"default","site-sidebar-style":"default","ast-global-header-display":"","ast-banner-title-visibility":"","ast-main-header-display":"","ast-hfb-above-header-display":"","ast-hfb-below-header-display":"","ast-hfb-mobile-header-display":"","site-post-title":"","ast-breadcrumbs-content":"","ast-featured-img":"disabled","footer-sml-layout":"","ast-disable-related-posts":"","theme-transparent-header-meta":"","adv-header-id-meta":"","stick-header-meta":"","header-above-stick-meta":"","header-main-stick-meta":"","header-below-stick-meta":"","astra-migrate-meta-layouts":"default","ast-page-background-enabled":"default","ast-page-background-meta":{"desktop":{"background-color":"var(--ast-global-color-4)","background-image":"","background-repeat":"repeat","background-position":"center center","background-size":"auto","background-attachment":"scroll","background-type":"","background-media":"","overlay-type":"","overlay-color":"","overlay-opacity":"","overlay-gradient":""},"tablet":{"background-color":"","background-image":"","background-repeat":"repeat","background-position":"center center","background-size":"auto","background-attachment":"scroll","background-type":"","background-media":"","overlay-type":"","overlay-color":"","overlay-opacity":"","overlay-gradient":""},"mobile":{"background-color":"","background-image":"","background-repeat":"repeat","background-position":"center center","background-size":"auto","background-attachment":"scroll","background-type":"","background-media":"","overlay-type":"","overlay-color":"","overlay-opacity":"","overlay-gradient":""}},"ast-content-background-meta":{"desktop":{"background-color":"var(--ast-global-color-5)","background-image":"","background-repeat":"repeat","background-position":"center center","background-size":"auto","background-attachment":"scroll","background-type":"","background-media":"","overlay-type":"","overlay-color":"","overlay-opacity":"","overlay-gradient":""},"tablet":{"background-color":"var(--ast-global-color-5)","background-image":"","background-repeat":"repeat","background-position":"center center","background-size":"auto","background-attachment":"scroll","background-type":"","background-media":"","overlay-type":"","overlay-color":"","overlay-opacity":"","overlay-gradient":""},"mobile":{"background-color":"var(--ast-global-color-5)","background-image":"","background-repeat":"repeat","background-position":"center center","background-size":"auto","background-attachment":"scroll","background-type":"","background-media":"","overlay-type":"","overlay-color":"","overlay-opacity":"","overlay-gradient":""}},"footnotes":""},"class_list":["post-111","page","type-page","status-publish","hentry"],"yoast_head":"<!-- This site is optimized with the Yoast SEO plugin v27.5 - https:\/\/yoast.com\/product\/yoast-seo-wordpress\/ -->\n<title>Rencontre de Lieux sacr\u00e9s -<\/title>\n<meta name=\"description\" content=\"Massage bien \u00eatre Massage ayurvedique Massage balinais Massage oriental R\u00e9flexologie plantaire Soins \u00e9nerg\u00e9tique Lahochi Access bars Th\u00e9rapies holistiques Soins holistique Relaxation Formation laholchi Atelier bien \u00eatre M\u00e9ditation M\u00e9decine symbolique France Espagne Andalousie Triangle d&#039;or d&#039;isis.\" \/>\n<meta name=\"robots\" content=\"index, follow, max-snippet:-1, max-image-preview:large, max-video-preview:-1\" \/>\n<link rel=\"canonical\" href=\"https:\/\/leboudoir-zen.com\/index.php\/rencontre-de-lieux-sacres\/\" \/>\n<meta property=\"og:locale\" content=\"fr_FR\" \/>\n<meta property=\"og:type\" content=\"article\" \/>\n<meta property=\"og:title\" content=\"Rencontre de Lieux sacr\u00e9s -\" \/>\n<meta property=\"og:description\" content=\"Massage bien \u00eatre Massage ayurvedique Massage balinais Massage oriental R\u00e9flexologie plantaire Soins \u00e9nerg\u00e9tique Lahochi Access bars Th\u00e9rapies holistiques Soins holistique Relaxation Formation laholchi Atelier bien \u00eatre M\u00e9ditation M\u00e9decine symbolique France Espagne Andalousie Triangle d&#039;or d&#039;isis.\" \/>\n<meta property=\"og:url\" content=\"https:\/\/leboudoir-zen.com\/index.php\/rencontre-de-lieux-sacres\/\" \/>\n<meta name=\"twitter:card\" content=\"summary_large_image\" \/>\n<script type=\"application\/ld+json\" class=\"yoast-schema-graph\">{\"@context\":\"https:\\\/\\\/schema.org\",\"@graph\":[{\"@type\":\"WebPage\",\"@id\":\"https:\\\/\\\/leboudoir-zen.com\\\/index.php\\\/rencontre-de-lieux-sacres\\\/\",\"url\":\"https:\\\/\\\/leboudoir-zen.com\\\/index.php\\\/rencontre-de-lieux-sacres\\\/\",\"name\":\"Rencontre de Lieux sacr\u00e9s -\",\"isPartOf\":{\"@id\":\"https:\\\/\\\/leboudoir-zen.com\\\/#website\"},\"datePublished\":\"2022-03-20T11:01:12+00:00\",\"description\":\"Massage bien \u00eatre Massage ayurvedique Massage balinais Massage oriental R\u00e9flexologie plantaire Soins \u00e9nerg\u00e9tique Lahochi Access bars Th\u00e9rapies holistiques Soins holistique Relaxation Formation laholchi Atelier bien \u00eatre M\u00e9ditation M\u00e9decine symbolique France Espagne Andalousie Triangle d'or d'isis.\",\"breadcrumb\":{\"@id\":\"https:\\\/\\\/leboudoir-zen.com\\\/index.php\\\/rencontre-de-lieux-sacres\\\/#breadcrumb\"},\"inLanguage\":\"fr-FR\",\"potentialAction\":[{\"@type\":\"ReadAction\",\"target\":[\"https:\\\/\\\/leboudoir-zen.com\\\/index.php\\\/rencontre-de-lieux-sacres\\\/\"]}]},{\"@type\":\"BreadcrumbList\",\"@id\":\"https:\\\/\\\/leboudoir-zen.com\\\/index.php\\\/rencontre-de-lieux-sacres\\\/#breadcrumb\",\"itemListElement\":[{\"@type\":\"ListItem\",\"position\":1,\"name\":\"Accueil\",\"item\":\"https:\\\/\\\/leboudoir-zen.com\\\/\"},{\"@type\":\"ListItem\",\"position\":2,\"name\":\"Rencontre de Lieux sacr\u00e9s\"}]},{\"@type\":\"WebSite\",\"@id\":\"https:\\\/\\\/leboudoir-zen.com\\\/#website\",\"url\":\"https:\\\/\\\/leboudoir-zen.com\\\/\",\"name\":\"\",\"description\":\"\",\"potentialAction\":[{\"@type\":\"SearchAction\",\"target\":{\"@type\":\"EntryPoint\",\"urlTemplate\":\"https:\\\/\\\/leboudoir-zen.com\\\/?s={search_term_string}\"},\"query-input\":{\"@type\":\"PropertyValueSpecification\",\"valueRequired\":true,\"valueName\":\"search_term_string\"}}],\"inLanguage\":\"fr-FR\"}]}<\/script>\n<!-- \/ Yoast SEO plugin. -->","yoast_head_json":{"title":"Rencontre de Lieux sacr\u00e9s -","description":"Massage bien \u00eatre Massage ayurvedique Massage balinais Massage oriental R\u00e9flexologie plantaire Soins \u00e9nerg\u00e9tique Lahochi Access bars Th\u00e9rapies holistiques Soins holistique Relaxation Formation laholchi Atelier bien \u00eatre M\u00e9ditation M\u00e9decine symbolique France Espagne Andalousie Triangle d'or d'isis.","robots":{"index":"index","follow":"follow","max-snippet":"max-snippet:-1","max-image-preview":"max-image-preview:large","max-video-preview":"max-video-preview:-1"},"canonical":"https:\/\/leboudoir-zen.com\/index.php\/rencontre-de-lieux-sacres\/","og_locale":"fr_FR","og_type":"article","og_title":"Rencontre de Lieux sacr\u00e9s -","og_description":"Massage bien \u00eatre Massage ayurvedique Massage balinais Massage oriental R\u00e9flexologie plantaire Soins \u00e9nerg\u00e9tique Lahochi Access bars Th\u00e9rapies holistiques Soins holistique Relaxation Formation laholchi Atelier bien \u00eatre M\u00e9ditation M\u00e9decine symbolique France Espagne Andalousie Triangle d'or d'isis.","og_url":"https:\/\/leboudoir-zen.com\/index.php\/rencontre-de-lieux-sacres\/","twitter_card":"summary_large_image","schema":{"@context":"https:\/\/schema.org","@graph":[{"@type":"WebPage","@id":"https:\/\/leboudoir-zen.com\/index.php\/rencontre-de-lieux-sacres\/","url":"https:\/\/leboudoir-zen.com\/index.php\/rencontre-de-lieux-sacres\/","name":"Rencontre de Lieux sacr\u00e9s -","isPartOf":{"@id":"https:\/\/leboudoir-zen.com\/#website"},"datePublished":"2022-03-20T11:01:12+00:00","description":"Massage bien \u00eatre Massage ayurvedique Massage balinais Massage oriental R\u00e9flexologie plantaire Soins \u00e9nerg\u00e9tique Lahochi Access bars Th\u00e9rapies holistiques Soins holistique Relaxation Formation laholchi Atelier bien \u00eatre M\u00e9ditation M\u00e9decine symbolique France Espagne Andalousie Triangle d'or d'isis.","breadcrumb":{"@id":"https:\/\/leboudoir-zen.com\/index.php\/rencontre-de-lieux-sacres\/#breadcrumb"},"inLanguage":"fr-FR","potentialAction":[{"@type":"ReadAction","target":["https:\/\/leboudoir-zen.com\/index.php\/rencontre-de-lieux-sacres\/"]}]},{"@type":"BreadcrumbList","@id":"https:\/\/leboudoir-zen.com\/index.php\/rencontre-de-lieux-sacres\/#breadcrumb","itemListElement":[{"@type":"ListItem","position":1,"name":"Accueil","item":"https:\/\/leboudoir-zen.com\/"},{"@type":"ListItem","position":2,"name":"Rencontre de Lieux sacr\u00e9s"}]},{"@type":"WebSite","@id":"https:\/\/leboudoir-zen.com\/#website","url":"https:\/\/leboudoir-zen.com\/","name":"","description":"","potentialAction":[{"@type":"SearchAction","target":{"@type":"EntryPoint","urlTemplate":"https:\/\/leboudoir-zen.com\/?s={search_term_string}"},"query-input":{"@type":"PropertyValueSpecification","valueRequired":true,"valueName":"search_term_string"}}],"inLanguage":"fr-FR"}]}},"featured_image_src":null,"featured_image_src_square":null,"_links":{"self":[{"href":"https:\/\/leboudoir-zen.com\/index.php\/wp-json\/wp\/v2\/pages\/111","targetHints":{"allow":["GET"]}}],"collection":[{"href":"https:\/\/leboudoir-zen.com\/index.php\/wp-json\/wp\/v2\/pages"}],"about":[{"href":"https:\/\/leboudoir-zen.com\/index.php\/wp-json\/wp\/v2\/types\/page"}],"author":[{"embeddable":true,"href":"https:\/\/leboudoir-zen.com\/index.php\/wp-json\/wp\/v2\/users\/1"}],"replies":[{"embeddable":true,"href":"https:\/\/leboudoir-zen.com\/index.php\/wp-json\/wp\/v2\/comments?post=111"}],"version-history":[{"count":2,"href":"https:\/\/leboudoir-zen.com\/index.php\/wp-json\/wp\/v2\/pages\/111\/revisions"}],"predecessor-version":[{"id":113,"href":"https:\/\/leboudoir-zen.com\/index.php\/wp-json\/wp\/v2\/pages\/111\/revisions\/113"}],"wp:attachment":[{"href":"https:\/\/leboudoir-zen.com\/index.php\/wp-json\/wp\/v2\/media?parent=111"}],"curies":[{"name":"wp","href":"https:\/\/api.w.org\/{rel}","templated":true}]}}