{"id":102,"date":"2022-03-20T08:42:00","date_gmt":"2022-03-20T08:42:00","guid":{"rendered":"https:\/\/leboudoir-zen.com\/?page_id=102"},"modified":"2022-04-26T23:19:54","modified_gmt":"2022-04-26T23:19:54","slug":"carte-cadeau","status":"publish","type":"page","link":"https:\/\/leboudoir-zen.com\/index.php\/carte-cadeau\/","title":{"rendered":"Carte Cadeau"},"content":{"rendered":"\t\t<div data-elementor-type=\"wp-page\" data-elementor-id=\"102\" class=\"elementor elementor-102\">\n\t\t\t\t\t\t<section class=\"elementor-section elementor-top-section elementor-element elementor-element-adff055 elementor-section-boxed elementor-section-height-default elementor-section-height-default exad-glass-effect-no wpr-particle-no wpr-jarallax-no wpr-parallax-no wpr-sticky-section-no wpr-equal-height-no exad-sticky-section-no\" data-id=\"adff055\" data-element_type=\"section\" data-e-type=\"section\" data-settings=\"{&quot;background_background&quot;:&quot;classic&quot;}\">\n\t\t\t\t\t\t<div class=\"elementor-container elementor-column-gap-default\">\n\t\t\t\t\t<div class=\"elementor-column elementor-col-100 elementor-top-column elementor-element elementor-element-e621e39 exad-glass-effect-no exad-sticky-section-no\" data-id=\"e621e39\" data-element_type=\"column\" data-e-type=\"column\">\n\t\t\t<div class=\"elementor-widget-wrap\">\n\t\t\t\t\t\t\t<\/div>\n\t\t<\/div>\n\t\t\t\t\t<\/div>\n\t\t<\/section>\n\t\t\t\t<section class=\"elementor-section elementor-top-section elementor-element elementor-element-1fe7460 elementor-section-stretched elementor-section-boxed elementor-section-height-default elementor-section-height-default exad-glass-effect-no wpr-particle-no wpr-jarallax-no wpr-parallax-no wpr-sticky-section-no wpr-equal-height-no exad-sticky-section-no\" data-id=\"1fe7460\" data-element_type=\"section\" data-e-type=\"section\" data-settings=\"{&quot;stretch_section&quot;:&quot;section-stretched&quot;,&quot;background_background&quot;:&quot;classic&quot;}\">\n\t\t\t\t\t\t\t<div class=\"elementor-background-overlay\"><\/div>\n\t\t\t\t\t\t\t<div class=\"elementor-container elementor-column-gap-no\">\n\t\t\t\t\t<div class=\"elementor-column elementor-col-100 elementor-top-column elementor-element elementor-element-fb1975d exad-glass-effect-no exad-sticky-section-no\" data-id=\"fb1975d\" data-element_type=\"column\" data-e-type=\"column\">\n\t\t\t<div class=\"elementor-widget-wrap elementor-element-populated\">\n\t\t\t\t\t\t<div class=\"elementor-element elementor-element-301f5be exad-sticky-section-no exad-glass-effect-no elementor-widget elementor-widget-heading\" data-id=\"301f5be\" data-element_type=\"widget\" data-e-type=\"widget\" data-widget_type=\"heading.default\">\n\t\t\t\t<div class=\"elementor-widget-container\">\n\t\t\t\t\t<h2 class=\"elementor-heading-title elementor-size-default\">Carte Cadeau<\/h2>\t\t\t\t<\/div>\n\t\t\t\t<\/div>\n\t\t\t\t\t<\/div>\n\t\t<\/div>\n\t\t\t\t\t<\/div>\n\t\t<\/section>\n\t\t\t\t<section class=\"elementor-section elementor-top-section elementor-element elementor-element-72e831a elementor-section-boxed elementor-section-height-default elementor-section-height-default exad-glass-effect-no wpr-particle-no wpr-jarallax-no wpr-parallax-no wpr-sticky-section-no wpr-equal-height-no exad-sticky-section-no\" data-id=\"72e831a\" data-element_type=\"section\" data-e-type=\"section\" data-settings=\"{&quot;background_background&quot;:&quot;classic&quot;,&quot;shape_divider_bottom&quot;:&quot;curve&quot;}\">\n\t\t\t\t\t<div class=\"elementor-shape elementor-shape-bottom\" aria-hidden=\"true\" data-negative=\"false\">\n\t\t\t<svg xmlns=\"http:\/\/www.w3.org\/2000\/svg\" viewBox=\"0 0 1000 100\" preserveAspectRatio=\"none\">\n    <path class=\"elementor-shape-fill\" d=\"M1000,4.3V0H0v4.3C0.9,23.1,126.7,99.2,500,100S1000,22.7,1000,4.3z\"\/>\n<\/svg>\t\t<\/div>\n\t\t\t\t\t<div class=\"elementor-container elementor-column-gap-default\">\n\t\t\t\t\t<div class=\"elementor-column elementor-col-100 elementor-top-column elementor-element elementor-element-ce8ffea exad-glass-effect-no exad-sticky-section-no\" data-id=\"ce8ffea\" data-element_type=\"column\" data-e-type=\"column\">\n\t\t\t<div class=\"elementor-widget-wrap elementor-element-populated\">\n\t\t\t\t\t\t<div class=\"elementor-element elementor-element-a6f1a63 exad-sticky-section-no exad-glass-effect-no elementor-widget elementor-widget-image\" data-id=\"a6f1a63\" data-element_type=\"widget\" data-e-type=\"widget\" data-widget_type=\"image.default\">\n\t\t\t\t<div class=\"elementor-widget-container\">\n\t\t\t\t\t\t\t\t\t\t\t\t\t\t\t<img decoding=\"async\" width=\"150\" height=\"150\" src=\"https:\/\/leboudoir-zen.com\/wp-content\/uploads\/2022\/03\/cropped-cropped-cropped-logo-1-1-1-150x150.png\" class=\"attachment-thumbnail size-thumbnail wp-image-17\" alt=\"\" srcset=\"https:\/\/leboudoir-zen.com\/wp-content\/uploads\/2022\/03\/cropped-cropped-cropped-logo-1-1-1-150x150.png 150w, https:\/\/leboudoir-zen.com\/wp-content\/uploads\/2022\/03\/cropped-cropped-cropped-logo-1-1-1-300x300.png 300w, https:\/\/leboudoir-zen.com\/wp-content\/uploads\/2022\/03\/cropped-cropped-cropped-logo-1-1-1.png 512w\" sizes=\"(max-width: 150px) 100vw, 150px\" \/>\t\t\t\t\t\t\t\t\t\t\t\t\t\t\t<\/div>\n\t\t\t\t<\/div>\n\t\t\t\t<div class=\"elementor-element elementor-element-bc34f3a exad-sticky-section-no exad-glass-effect-no elementor-widget elementor-widget-heading\" data-id=\"bc34f3a\" data-element_type=\"widget\" data-e-type=\"widget\" data-widget_type=\"heading.default\">\n\t\t\t\t<div class=\"elementor-widget-container\">\n\t\t\t\t\t<h2 class=\"elementor-heading-title elementor-size-default\">Offrez un moment magique \u00e0 ceux que vous aimez<\/h2>\t\t\t\t<\/div>\n\t\t\t\t<\/div>\n\t\t\t\t\t<\/div>\n\t\t<\/div>\n\t\t\t\t\t<\/div>\n\t\t<\/section>\n\t\t\t\t<section class=\"elementor-section elementor-top-section elementor-element elementor-element-7d9c0b4 elementor-section-boxed elementor-section-height-default elementor-section-height-default exad-glass-effect-no wpr-particle-no wpr-jarallax-no wpr-parallax-no wpr-sticky-section-no wpr-equal-height-no exad-sticky-section-no\" data-id=\"7d9c0b4\" data-element_type=\"section\" data-e-type=\"section\" data-settings=\"{&quot;background_background&quot;:&quot;classic&quot;}\">\n\t\t\t\t\t\t<div class=\"elementor-container elementor-column-gap-default\">\n\t\t\t\t\t<div class=\"elementor-column elementor-col-50 elementor-top-column elementor-element elementor-element-be509b1 exad-glass-effect-no exad-sticky-section-no\" data-id=\"be509b1\" data-element_type=\"column\" data-e-type=\"column\">\n\t\t\t<div class=\"elementor-widget-wrap elementor-element-populated\">\n\t\t\t\t\t\t<div class=\"elementor-element elementor-element-624adf0 exad-sticky-section-no exad-glass-effect-no elementor-widget elementor-widget-image\" data-id=\"624adf0\" data-element_type=\"widget\" data-e-type=\"widget\" data-widget_type=\"image.default\">\n\t\t\t\t<div class=\"elementor-widget-container\">\n\t\t\t\t\t\t\t\t\t\t\t\t\t\t\t<img fetchpriority=\"high\" decoding=\"async\" width=\"703\" height=\"473\" src=\"https:\/\/leboudoir-zen.com\/wp-content\/uploads\/2022\/03\/eaa79ee3-aad1-47da-b13b-3db309d8b903.jpg\" class=\"attachment-full size-full wp-image-107\" alt=\"\" srcset=\"https:\/\/leboudoir-zen.com\/wp-content\/uploads\/2022\/03\/eaa79ee3-aad1-47da-b13b-3db309d8b903.jpg 703w, https:\/\/leboudoir-zen.com\/wp-content\/uploads\/2022\/03\/eaa79ee3-aad1-47da-b13b-3db309d8b903-300x202.jpg 300w\" sizes=\"(max-width: 703px) 100vw, 703px\" \/>\t\t\t\t\t\t\t\t\t\t\t\t\t\t\t<\/div>\n\t\t\t\t<\/div>\n\t\t\t\t\t<\/div>\n\t\t<\/div>\n\t\t\t\t<div class=\"elementor-column elementor-col-50 elementor-top-column elementor-element elementor-element-abad0b3 exad-glass-effect-no exad-sticky-section-no\" data-id=\"abad0b3\" data-element_type=\"column\" data-e-type=\"column\">\n\t\t\t<div class=\"elementor-widget-wrap elementor-element-populated\">\n\t\t\t\t\t\t<div class=\"elementor-element elementor-element-e1d8516 exad-sticky-section-no exad-glass-effect-no elementor-widget elementor-widget-heading\" data-id=\"e1d8516\" data-element_type=\"widget\" data-e-type=\"widget\" data-widget_type=\"heading.default\">\n\t\t\t\t<div class=\"elementor-widget-container\">\n\t\t\t\t\t<p class=\"elementor-heading-title elementor-size-default\">A l'occasion d'un anniversaire, d'une f\u00eate, un \u00e9v\u00e8nement, un mariage ou simplement pour faire\nplaisir. <\/p>\t\t\t\t<\/div>\n\t\t\t\t<\/div>\n\t\t\t\t<div class=\"elementor-element elementor-element-c9e39b0 exad-sticky-section-no exad-glass-effect-no elementor-widget elementor-widget-heading\" data-id=\"c9e39b0\" data-element_type=\"widget\" data-e-type=\"widget\" data-widget_type=\"heading.default\">\n\t\t\t\t<div class=\"elementor-widget-container\">\n\t\t\t\t\t<p class=\"elementor-heading-title elementor-size-default\">Offrez une invitation \u00e0 la douceur, au bien-\u00eatre et \u00e0 la d\u00e9tente pour vos proches.<\/p>\t\t\t\t<\/div>\n\t\t\t\t<\/div>\n\t\t\t\t\t<\/div>\n\t\t<\/div>\n\t\t\t\t\t<\/div>\n\t\t<\/section>\n\t\t\t\t<section class=\"elementor-section elementor-top-section elementor-element elementor-element-f7b688b elementor-section-boxed elementor-section-height-default elementor-section-height-default exad-glass-effect-no wpr-particle-no wpr-jarallax-no wpr-parallax-no wpr-sticky-section-no wpr-equal-height-no exad-sticky-section-no\" data-id=\"f7b688b\" data-element_type=\"section\" data-e-type=\"section\" data-settings=\"{&quot;background_background&quot;:&quot;classic&quot;,&quot;shape_divider_top&quot;:&quot;triangle&quot;,&quot;shape_divider_top_negative&quot;:&quot;yes&quot;}\">\n\t\t\t\t\t<div class=\"elementor-shape elementor-shape-top\" aria-hidden=\"true\" data-negative=\"true\">\n\t\t\t<svg xmlns=\"http:\/\/www.w3.org\/2000\/svg\" viewBox=\"0 0 1000 100\" preserveAspectRatio=\"none\">\n\t<path class=\"elementor-shape-fill\" d=\"M500.2,94.7L0,0v100h1000V0L500.2,94.7z\"\/>\n<\/svg>\t\t<\/div>\n\t\t\t\t\t<div class=\"elementor-container elementor-column-gap-default\">\n\t\t\t\t\t<div class=\"elementor-column elementor-col-100 elementor-top-column elementor-element elementor-element-3cc5d40 exad-glass-effect-no exad-sticky-section-no\" data-id=\"3cc5d40\" data-element_type=\"column\" data-e-type=\"column\">\n\t\t\t<div class=\"elementor-widget-wrap elementor-element-populated\">\n\t\t\t\t\t\t<div class=\"elementor-element elementor-element-e6ba965 exad-sticky-section-no exad-glass-effect-no elementor-widget elementor-widget-image\" data-id=\"e6ba965\" data-element_type=\"widget\" data-e-type=\"widget\" data-widget_type=\"image.default\">\n\t\t\t\t<div class=\"elementor-widget-container\">\n\t\t\t\t\t\t\t\t\t\t\t\t\t\t\t<img decoding=\"async\" width=\"300\" height=\"32\" src=\"https:\/\/leboudoir-zen.com\/wp-content\/uploads\/2022\/03\/a____Pngtreea____gold-dividing-line_6070956-300x32.png\" class=\"attachment-medium size-medium wp-image-33\" alt=\"\" srcset=\"https:\/\/leboudoir-zen.com\/wp-content\/uploads\/2022\/03\/a____Pngtreea____gold-dividing-line_6070956-300x32.png 300w, https:\/\/leboudoir-zen.com\/wp-content\/uploads\/2022\/03\/a____Pngtreea____gold-dividing-line_6070956-1024x109.png 1024w, https:\/\/leboudoir-zen.com\/wp-content\/uploads\/2022\/03\/a____Pngtreea____gold-dividing-line_6070956-768x82.png 768w, https:\/\/leboudoir-zen.com\/wp-content\/uploads\/2022\/03\/a____Pngtreea____gold-dividing-line_6070956.png 1200w\" sizes=\"(max-width: 300px) 100vw, 300px\" \/>\t\t\t\t\t\t\t\t\t\t\t\t\t\t\t<\/div>\n\t\t\t\t<\/div>\n\t\t\t\t<div class=\"elementor-element elementor-element-1048219 exad-sticky-section-no exad-glass-effect-no elementor-widget elementor-widget-heading\" data-id=\"1048219\" data-element_type=\"widget\" data-e-type=\"widget\" data-widget_type=\"heading.default\">\n\t\t\t\t<div class=\"elementor-widget-container\">\n\t\t\t\t\t<h2 class=\"elementor-heading-title elementor-size-default\">La carte cadeau est valable 6 mois<\/h2>\t\t\t\t<\/div>\n\t\t\t\t<\/div>\n\t\t\t\t<div class=\"elementor-element elementor-element-513eae7 exad-sticky-section-no exad-glass-effect-no elementor-widget elementor-widget-heading\" data-id=\"513eae7\" data-element_type=\"widget\" data-e-type=\"widget\" data-widget_type=\"heading.default\">\n\t\t\t\t<div class=\"elementor-widget-container\">\n\t\t\t\t\t<h2 class=\"elementor-heading-title elementor-size-default\">Non remboursable, ni \u00e9changeable<\/h2>\t\t\t\t<\/div>\n\t\t\t\t<\/div>\n\t\t\t\t\t<\/div>\n\t\t<\/div>\n\t\t\t\t\t<\/div>\n\t\t<\/section>\n\t\t\t\t<\/div>\n\t\t","protected":false},"excerpt":{"rendered":"<p>Carte Cadeau Offrez un moment magique \u00e0 ceux que vous aimez A l&#8217;occasion d&#8217;un anniversaire, d&#8217;une f\u00eate, un \u00e9v\u00e8nement, un mariage ou simplement pour faire plaisir. Offrez une invitation \u00e0 la douceur, au bien-\u00eatre et \u00e0 la d\u00e9tente pour vos proches. La carte cadeau est valable 6 mois Non remboursable, ni \u00e9changeable<\/p>\n","protected":false},"author":1,"featured_media":0,"parent":0,"menu_order":0,"comment_status":"closed","ping_status":"closed","template":"","meta":{"site-sidebar-layout":"no-sidebar","site-content-layout":"page-builder","ast-site-content-layout":"default","site-content-style":"default","site-sidebar-style":"default","ast-global-header-display":"","ast-banner-title-visibility":"","ast-main-header-display":"","ast-hfb-above-header-display":"","ast-hfb-below-header-display":"","ast-hfb-mobile-header-display":"","site-post-title":"disabled","ast-breadcrumbs-content":"","ast-featured-img":"disabled","footer-sml-layout":"","ast-disable-related-posts":"","theme-transparent-header-meta":"","adv-header-id-meta":"","stick-header-meta":"","header-above-stick-meta":"","header-main-stick-meta":"","header-below-stick-meta":"","astra-migrate-meta-layouts":"default","ast-page-background-enabled":"default","ast-page-background-meta":{"desktop":{"background-color":"var(--ast-global-color-4)","background-image":"","background-repeat":"repeat","background-position":"center center","background-size":"auto","background-attachment":"scroll","background-type":"","background-media":"","overlay-type":"","overlay-color":"","overlay-opacity":"","overlay-gradient":""},"tablet":{"background-color":"","background-image":"","background-repeat":"repeat","background-position":"center center","background-size":"auto","background-attachment":"scroll","background-type":"","background-media":"","overlay-type":"","overlay-color":"","overlay-opacity":"","overlay-gradient":""},"mobile":{"background-color":"","background-image":"","background-repeat":"repeat","background-position":"center center","background-size":"auto","background-attachment":"scroll","background-type":"","background-media":"","overlay-type":"","overlay-color":"","overlay-opacity":"","overlay-gradient":""}},"ast-content-background-meta":{"desktop":{"background-color":"var(--ast-global-color-5)","background-image":"","background-repeat":"repeat","background-position":"center center","background-size":"auto","background-attachment":"scroll","background-type":"","background-media":"","overlay-type":"","overlay-color":"","overlay-opacity":"","overlay-gradient":""},"tablet":{"background-color":"var(--ast-global-color-5)","background-image":"","background-repeat":"repeat","background-position":"center center","background-size":"auto","background-attachment":"scroll","background-type":"","background-media":"","overlay-type":"","overlay-color":"","overlay-opacity":"","overlay-gradient":""},"mobile":{"background-color":"var(--ast-global-color-5)","background-image":"","background-repeat":"repeat","background-position":"center center","background-size":"auto","background-attachment":"scroll","background-type":"","background-media":"","overlay-type":"","overlay-color":"","overlay-opacity":"","overlay-gradient":""}},"footnotes":""},"class_list":["post-102","page","type-page","status-publish","hentry"],"yoast_head":"<!-- This site is optimized with the Yoast SEO plugin v27.5 - https:\/\/yoast.com\/product\/yoast-seo-wordpress\/ -->\n<title>Carte Cadeau -<\/title>\n<meta name=\"description\" content=\"Massage bien \u00eatre Massage ayurvedique Massage balinais Massage oriental R\u00e9flexologie plantaire Soins \u00e9nerg\u00e9tique Lahochi Access bars Th\u00e9rapies holistiques Soins holistique Relaxation Formation laholchi Atelier bien \u00eatre M\u00e9ditation M\u00e9decine symbolique France Espagne Andalousie Triangle d&#039;or d&#039;isis.\" \/>\n<meta name=\"robots\" content=\"index, follow, max-snippet:-1, max-image-preview:large, max-video-preview:-1\" \/>\n<link rel=\"canonical\" href=\"https:\/\/leboudoir-zen.com\/index.php\/carte-cadeau\/\" \/>\n<meta property=\"og:locale\" content=\"fr_FR\" \/>\n<meta property=\"og:type\" content=\"article\" \/>\n<meta property=\"og:title\" content=\"Carte Cadeau -\" \/>\n<meta property=\"og:description\" content=\"Massage bien \u00eatre Massage ayurvedique Massage balinais Massage oriental R\u00e9flexologie plantaire Soins \u00e9nerg\u00e9tique Lahochi Access bars Th\u00e9rapies holistiques Soins holistique Relaxation Formation laholchi Atelier bien \u00eatre M\u00e9ditation M\u00e9decine symbolique France Espagne Andalousie Triangle d&#039;or d&#039;isis.\" \/>\n<meta property=\"og:url\" content=\"https:\/\/leboudoir-zen.com\/index.php\/carte-cadeau\/\" \/>\n<meta property=\"article:modified_time\" content=\"2022-04-26T23:19:54+00:00\" \/>\n<meta property=\"og:image\" content=\"http:\/\/leboudoir-zen.com\/wp-content\/uploads\/2022\/03\/cropped-cropped-cropped-logo-1-1-1-150x150.png\" \/>\n<meta name=\"twitter:card\" content=\"summary_large_image\" \/>\n<meta name=\"twitter:label1\" content=\"Dur\u00e9e de lecture estim\u00e9e\" \/>\n\t<meta name=\"twitter:data1\" content=\"1 minute\" \/>\n<script type=\"application\/ld+json\" class=\"yoast-schema-graph\">{\"@context\":\"https:\\\/\\\/schema.org\",\"@graph\":[{\"@type\":\"WebPage\",\"@id\":\"https:\\\/\\\/leboudoir-zen.com\\\/index.php\\\/carte-cadeau\\\/\",\"url\":\"https:\\\/\\\/leboudoir-zen.com\\\/index.php\\\/carte-cadeau\\\/\",\"name\":\"Carte Cadeau -\",\"isPartOf\":{\"@id\":\"https:\\\/\\\/leboudoir-zen.com\\\/#website\"},\"primaryImageOfPage\":{\"@id\":\"https:\\\/\\\/leboudoir-zen.com\\\/index.php\\\/carte-cadeau\\\/#primaryimage\"},\"image\":{\"@id\":\"https:\\\/\\\/leboudoir-zen.com\\\/index.php\\\/carte-cadeau\\\/#primaryimage\"},\"thumbnailUrl\":\"http:\\\/\\\/leboudoir-zen.com\\\/wp-content\\\/uploads\\\/2022\\\/03\\\/cropped-cropped-cropped-logo-1-1-1-150x150.png\",\"datePublished\":\"2022-03-20T08:42:00+00:00\",\"dateModified\":\"2022-04-26T23:19:54+00:00\",\"description\":\"Massage bien \u00eatre Massage ayurvedique Massage balinais Massage oriental R\u00e9flexologie plantaire Soins \u00e9nerg\u00e9tique Lahochi Access bars Th\u00e9rapies holistiques Soins holistique Relaxation Formation laholchi Atelier bien \u00eatre M\u00e9ditation M\u00e9decine symbolique France Espagne Andalousie Triangle d'or d'isis.\",\"breadcrumb\":{\"@id\":\"https:\\\/\\\/leboudoir-zen.com\\\/index.php\\\/carte-cadeau\\\/#breadcrumb\"},\"inLanguage\":\"fr-FR\",\"potentialAction\":[{\"@type\":\"ReadAction\",\"target\":[\"https:\\\/\\\/leboudoir-zen.com\\\/index.php\\\/carte-cadeau\\\/\"]}]},{\"@type\":\"ImageObject\",\"inLanguage\":\"fr-FR\",\"@id\":\"https:\\\/\\\/leboudoir-zen.com\\\/index.php\\\/carte-cadeau\\\/#primaryimage\",\"url\":\"https:\\\/\\\/leboudoir-zen.com\\\/wp-content\\\/uploads\\\/2022\\\/03\\\/cropped-cropped-cropped-logo-1-1-1.png\",\"contentUrl\":\"https:\\\/\\\/leboudoir-zen.com\\\/wp-content\\\/uploads\\\/2022\\\/03\\\/cropped-cropped-cropped-logo-1-1-1.png\",\"width\":512,\"height\":512},{\"@type\":\"BreadcrumbList\",\"@id\":\"https:\\\/\\\/leboudoir-zen.com\\\/index.php\\\/carte-cadeau\\\/#breadcrumb\",\"itemListElement\":[{\"@type\":\"ListItem\",\"position\":1,\"name\":\"Accueil\",\"item\":\"https:\\\/\\\/leboudoir-zen.com\\\/\"},{\"@type\":\"ListItem\",\"position\":2,\"name\":\"Carte Cadeau\"}]},{\"@type\":\"WebSite\",\"@id\":\"https:\\\/\\\/leboudoir-zen.com\\\/#website\",\"url\":\"https:\\\/\\\/leboudoir-zen.com\\\/\",\"name\":\"\",\"description\":\"\",\"potentialAction\":[{\"@type\":\"SearchAction\",\"target\":{\"@type\":\"EntryPoint\",\"urlTemplate\":\"https:\\\/\\\/leboudoir-zen.com\\\/?s={search_term_string}\"},\"query-input\":{\"@type\":\"PropertyValueSpecification\",\"valueRequired\":true,\"valueName\":\"search_term_string\"}}],\"inLanguage\":\"fr-FR\"}]}<\/script>\n<!-- \/ Yoast SEO plugin. -->","yoast_head_json":{"title":"Carte Cadeau -","description":"Massage bien \u00eatre Massage ayurvedique Massage balinais Massage oriental R\u00e9flexologie plantaire Soins \u00e9nerg\u00e9tique Lahochi Access bars Th\u00e9rapies holistiques Soins holistique Relaxation Formation laholchi Atelier bien \u00eatre M\u00e9ditation M\u00e9decine symbolique France Espagne Andalousie Triangle d'or d'isis.","robots":{"index":"index","follow":"follow","max-snippet":"max-snippet:-1","max-image-preview":"max-image-preview:large","max-video-preview":"max-video-preview:-1"},"canonical":"https:\/\/leboudoir-zen.com\/index.php\/carte-cadeau\/","og_locale":"fr_FR","og_type":"article","og_title":"Carte Cadeau -","og_description":"Massage bien \u00eatre Massage ayurvedique Massage balinais Massage oriental R\u00e9flexologie plantaire Soins \u00e9nerg\u00e9tique Lahochi Access bars Th\u00e9rapies holistiques Soins holistique Relaxation Formation laholchi Atelier bien \u00eatre M\u00e9ditation M\u00e9decine symbolique France Espagne Andalousie Triangle d'or d'isis.","og_url":"https:\/\/leboudoir-zen.com\/index.php\/carte-cadeau\/","article_modified_time":"2022-04-26T23:19:54+00:00","og_image":[{"url":"http:\/\/leboudoir-zen.com\/wp-content\/uploads\/2022\/03\/cropped-cropped-cropped-logo-1-1-1-150x150.png","type":"","width":"","height":""}],"twitter_card":"summary_large_image","twitter_misc":{"Dur\u00e9e de lecture estim\u00e9e":"1 minute"},"schema":{"@context":"https:\/\/schema.org","@graph":[{"@type":"WebPage","@id":"https:\/\/leboudoir-zen.com\/index.php\/carte-cadeau\/","url":"https:\/\/leboudoir-zen.com\/index.php\/carte-cadeau\/","name":"Carte Cadeau -","isPartOf":{"@id":"https:\/\/leboudoir-zen.com\/#website"},"primaryImageOfPage":{"@id":"https:\/\/leboudoir-zen.com\/index.php\/carte-cadeau\/#primaryimage"},"image":{"@id":"https:\/\/leboudoir-zen.com\/index.php\/carte-cadeau\/#primaryimage"},"thumbnailUrl":"http:\/\/leboudoir-zen.com\/wp-content\/uploads\/2022\/03\/cropped-cropped-cropped-logo-1-1-1-150x150.png","datePublished":"2022-03-20T08:42:00+00:00","dateModified":"2022-04-26T23:19:54+00:00","description":"Massage bien \u00eatre Massage ayurvedique Massage balinais Massage oriental R\u00e9flexologie plantaire Soins \u00e9nerg\u00e9tique Lahochi Access bars Th\u00e9rapies holistiques Soins holistique Relaxation Formation laholchi Atelier bien \u00eatre M\u00e9ditation M\u00e9decine symbolique France Espagne Andalousie Triangle d'or d'isis.","breadcrumb":{"@id":"https:\/\/leboudoir-zen.com\/index.php\/carte-cadeau\/#breadcrumb"},"inLanguage":"fr-FR","potentialAction":[{"@type":"ReadAction","target":["https:\/\/leboudoir-zen.com\/index.php\/carte-cadeau\/"]}]},{"@type":"ImageObject","inLanguage":"fr-FR","@id":"https:\/\/leboudoir-zen.com\/index.php\/carte-cadeau\/#primaryimage","url":"https:\/\/leboudoir-zen.com\/wp-content\/uploads\/2022\/03\/cropped-cropped-cropped-logo-1-1-1.png","contentUrl":"https:\/\/leboudoir-zen.com\/wp-content\/uploads\/2022\/03\/cropped-cropped-cropped-logo-1-1-1.png","width":512,"height":512},{"@type":"BreadcrumbList","@id":"https:\/\/leboudoir-zen.com\/index.php\/carte-cadeau\/#breadcrumb","itemListElement":[{"@type":"ListItem","position":1,"name":"Accueil","item":"https:\/\/leboudoir-zen.com\/"},{"@type":"ListItem","position":2,"name":"Carte Cadeau"}]},{"@type":"WebSite","@id":"https:\/\/leboudoir-zen.com\/#website","url":"https:\/\/leboudoir-zen.com\/","name":"","description":"","potentialAction":[{"@type":"SearchAction","target":{"@type":"EntryPoint","urlTemplate":"https:\/\/leboudoir-zen.com\/?s={search_term_string}"},"query-input":{"@type":"PropertyValueSpecification","valueRequired":true,"valueName":"search_term_string"}}],"inLanguage":"fr-FR"}]}},"featured_image_src":null,"featured_image_src_square":null,"_links":{"self":[{"href":"https:\/\/leboudoir-zen.com\/index.php\/wp-json\/wp\/v2\/pages\/102","targetHints":{"allow":["GET"]}}],"collection":[{"href":"https:\/\/leboudoir-zen.com\/index.php\/wp-json\/wp\/v2\/pages"}],"about":[{"href":"https:\/\/leboudoir-zen.com\/index.php\/wp-json\/wp\/v2\/types\/page"}],"author":[{"embeddable":true,"href":"https:\/\/leboudoir-zen.com\/index.php\/wp-json\/wp\/v2\/users\/1"}],"replies":[{"embeddable":true,"href":"https:\/\/leboudoir-zen.com\/index.php\/wp-json\/wp\/v2\/comments?post=102"}],"version-history":[{"count":17,"href":"https:\/\/leboudoir-zen.com\/index.php\/wp-json\/wp\/v2\/pages\/102\/revisions"}],"predecessor-version":[{"id":10426,"href":"https:\/\/leboudoir-zen.com\/index.php\/wp-json\/wp\/v2\/pages\/102\/revisions\/10426"}],"wp:attachment":[{"href":"https:\/\/leboudoir-zen.com\/index.php\/wp-json\/wp\/v2\/media?parent=102"}],"curies":[{"name":"wp","href":"https:\/\/api.w.org\/{rel}","templated":true}]}}